{"id":7,"date":"2023-06-06T23:21:01","date_gmt":"2023-06-06T23:21:01","guid":{"rendered":"https:\/\/gpsites.co\/trade\/?page_id=7"},"modified":"2024-04-16T12:23:07","modified_gmt":"2024-04-16T12:23:07","slug":"domu","status":"publish","type":"page","link":"https:\/\/zenipress.com\/trade\/","title":{"rendered":"Dom\u016f"},"content":{"rendered":"<div class=\"gb-container gb-container-b04e46b3\">\n<div class=\"gb-container gb-container-9d204f20\">\n\n<h1 class=\"gb-headline gb-headline-0668a5fc gb-headline-text hero-title\">Propagujte sv\u00e9 podnik\u00e1n\u00ed &amp; generujte potenci\u00e1ln\u00ed z\u00e1kazn\u00edky pomoc\u00ed obchodu<\/h1>\n\n<\/div>\n<\/div>\n\n<div class=\"gb-container gb-container-155097e7\">\n<div class=\"gb-container gb-container-21ab8a24\">\n\n<h2 class=\"gb-headline gb-headline-1a60f2c6 gb-headline-text\">Formul\u00e1\u0159 \u017e\u00e1dosti o slu\u017ebu<\/h2>\n\n\n\n<p>P\u0159ijm\u011bte servisn\u00ed po\u017eadavek nebo dotaz od sv\u00fdch z\u00e1kazn\u00edk\u016f. Postaveno s Happy Forms, m\u016f\u017eete snadno odstranit nebo p\u0159idat dal\u0161\u00ed pole formul\u00e1\u0159e, aby odpov\u00eddala va\u0161\u00ed v\u00fdzv\u011b k akci.<\/p>\n\n\n\n<h4 class=\"gb-headline gb-headline-ad096f4a\"><span class=\"gb-icon\"><svg viewBox=\"0 0 448 512\" height=\"1em\" xmlns=\"http:\/\/www.w3.org\/2000\/svg\"><path d=\"M0 216C0 149.7 53.7 96 120 96h8c17.7 0 32 14.3 32 32s-14.3 32-32 32h-8c-30.9 0-56 25.1-56 56v8h64c35.3 0 64 28.7 64 64v64c0 35.3-28.7 64-64 64H64c-35.3 0-64-28.7-64-64V320 288 216zm256 0c0-66.3 53.7-120 120-120h8c17.7 0 32 14.3 32 32s-14.3 32-32 32h-8c-30.9 0-56 25.1-56 56v8h64c35.3 0 64 28.7 64 64v64c0 35.3-28.7 64-64 64H320c-35.3 0-64-28.7-64-64V320 288 216z\"><\/path><\/svg><\/span><span class=\"gb-headline-text\"><br>Slu\u017eby Trade jsou \u0161pi\u010dkov\u00e9 a jejich z\u00e1kaznick\u00fd servis je na \u0161pi\u010dkov\u00e9 \u00farovni.<\/span><\/h4>\n\n\n\n<div class=\"gb-headline gb-headline-339ced4e gb-headline-text\"><em>\u2013 Spokojen\u00fd Z\u00e1kazn\u00edk<\/em><\/div>\n\n<\/div>\n\n<div class=\"gb-container gb-container-257914ce\">\n\n<p>[Sem vlo\u017ete sv\u016fj kr\u00e1tk\u00fd k\u00f3d nebo blok formul\u00e1\u0159e]<\/p>\n\n<\/div>\n<\/div>\n\n<div class=\"gb-container gb-container-a956db35\">\n<div class=\"gb-container gb-container-6f4bf71b\">\n\n<h3 class=\"gb-headline gb-headline-dedf8c2f gb-headline-text\">Vytvo\u0159eno pro mal\u00e9 podniky, kter\u00e9 cht\u011bj\u00ed siln\u011bj\u0161\u00ed online p\u0159\u00edtomnost<\/h3>\n\n\n\n<p class=\"gb-headline gb-headline-aa77fd63 gb-headline-text\">A\u0165 u\u017e jste podnik zalo\u017een\u00fd na slu\u017eb\u00e1ch, mal\u00fd maloobchod nebo v\u00edkendov\u00fd dodavatel, Trade v\u00e1m m\u016f\u017ee pomoci roz\u0161\u00ed\u0159it va\u0161e podnik\u00e1n\u00ed.<\/p>\n\n\n\n<p class=\"has-text-align-center\"><a href=\"https:\/\/gpsites.co\/trade\/services\/\"><\/a><\/p>\n\n<\/div>\n\n<div class=\"gb-container gb-container-4822e927\">\n<div class=\"gb-container gb-container-590fec63 shadow\">\n\n<h3 class=\"gb-headline gb-headline-8cb9e1db\"><span class=\"gb-icon\"><svg viewBox=\"0 0 512 512\" height=\"1em\" xmlns=\"http:\/\/www.w3.org\/2000\/svg\"><path d=\"M78.6 5C69.1-2.4 55.6-1.5 47 7L7 47c-8.5 8.5-9.4 22-2.1 31.6l80 104c4.5 5.9 11.6 9.4 19 9.4h54.1l109 109c-14.7 29-10 65.4 14.3 89.6l112 112c12.5 12.5 32.8 12.5 45.3 0l64-64c12.5-12.5 12.5-32.8 0-45.3l-112-112c-24.2-24.2-60.6-29-89.6-14.3l-109-109V104c0-7.5-3.5-14.5-9.4-19L78.6 5zM19.9 396.1C7.2 408.8 0 426.1 0 444.1C0 481.6 30.4 512 67.9 512c18 0 35.3-7.2 48-19.9L233.7 374.3c-7.8-20.9-9-43.6-3.6-65.1l-61.7-61.7L19.9 396.1zM512 144c0-10.5-1.1-20.7-3.2-30.5c-2.4-11.2-16.1-14.1-24.2-6l-63.9 63.9c-3 3-7.1 4.7-11.3 4.7H352c-8.8 0-16-7.2-16-16V102.6c0-4.2 1.7-8.3 4.7-11.3l63.9-63.9c8.1-8.1 5.2-21.8-6-24.2C388.7 1.1 378.5 0 368 0C288.5 0 224 64.5 224 144l0 .8 85.3 85.3c36-9.1 75.8 .5 104 28.7L429 274.5c49-23 83-72.8 83-130.5zM56 432a24 24 0 1 1 48 0 24 24 0 1 1 -48 0z\"><\/path><\/svg><\/span><span class=\"gb-headline-text\"><a href=\"\/trade\/nase-sluzby-produkty\/\" data-type=\"URL\" data-id=\"\/services\/\">Doporu\u010den\u00e1 slu\u017eba<\/a><\/span><\/h3>\n\n\n\n<p class=\"gb-headline gb-headline-bbaaf997 gb-headline-text\">Lorem ipsum dolor sit amet, consectetur adipiscing elit, sed do eiusmod tempor incididunt ut labore et dolore magna.<\/p>\n\n\n\n<span class=\"gb-button gb-button-019d35da gb-button-text\">Dal\u0161\u00ed informace<\/span>\n\n<\/div>\n\n<div class=\"gb-container gb-container-c04e85c4 shadow\">\n\n<h3 class=\"gb-headline gb-headline-47b6c27e\"><span class=\"gb-icon\"><svg xmlns=\"http:\/\/www.w3.org\/2000\/svg\" height=\"1em\" viewBox=\"0 0 512 512\"><path d=\"M495.9 166.6c3.2 8.7 .5 18.4-6.4 24.6l-43.3 39.4c1.1 8.3 1.7 16.8 1.7 25.4s-.6 17.1-1.7 25.4l43.3 39.4c6.9 6.2 9.6 15.9 6.4 24.6c-4.4 11.9-9.7 23.3-15.8 34.3l-4.7 8.1c-6.6 11-14 21.4-22.1 31.2c-5.9 7.2-15.7 9.6-24.5 6.8l-55.7-17.7c-13.4 10.3-28.2 18.9-44 25.4l-12.5 57.1c-2 9.1-9 16.3-18.2 17.8c-13.8 2.3-28 3.5-42.5 3.5s-28.7-1.2-42.5-3.5c-9.2-1.5-16.2-8.7-18.2-17.8l-12.5-57.1c-15.8-6.5-30.6-15.1-44-25.4L83.1 425.9c-8.8 2.8-18.6 .3-24.5-6.8c-8.1-9.8-15.5-20.2-22.1-31.2l-4.7-8.1c-6.1-11-11.4-22.4-15.8-34.3c-3.2-8.7-.5-18.4 6.4-24.6l43.3-39.4C64.6 273.1 64 264.6 64 256s.6-17.1 1.7-25.4L22.4 191.2c-6.9-6.2-9.6-15.9-6.4-24.6c4.4-11.9 9.7-23.3 15.8-34.3l4.7-8.1c6.6-11 14-21.4 22.1-31.2c5.9-7.2 15.7-9.6 24.5-6.8l55.7 17.7c13.4-10.3 28.2-18.9 44-25.4l12.5-57.1c2-9.1 9-16.3 18.2-17.8C227.3 1.2 241.5 0 256 0s28.7 1.2 42.5 3.5c9.2 1.5 16.2 8.7 18.2 17.8l12.5 57.1c15.8 6.5 30.6 15.1 44 25.4l55.7-17.7c8.8-2.8 18.6-.3 24.5 6.8c8.1 9.8 15.5 20.2 22.1 31.2l4.7 8.1c6.1 11 11.4 22.4 15.8 34.3zM256 336a80 80 0 1 0 0-160 80 80 0 1 0 0 160z\"><\/path><\/svg><\/span><span class=\"gb-headline-text\"><a href=\"\/trade\/nase-sluzby-produkty\/\" data-type=\"URL\" data-id=\"\/services\/\">Doporu\u010den\u00e1 slu\u017eba<\/a><\/span><\/h3>\n\n\n\n<p class=\"gb-headline gb-headline-35c8ea93 gb-headline-text\">Lorem ipsum dolor sit amet, consectetur adipiscing elit, sed do eiusmod tempor incididunt ut labore et dolore magna.<\/p>\n\n\n\n<span class=\"gb-button gb-button-ba9f671c gb-button-text\">Dal\u0161\u00ed informace<\/span>\n\n<\/div>\n\n<div class=\"gb-container gb-container-9589e31a shadow\">\n\n<h3 class=\"gb-headline gb-headline-06f578cb\"><span class=\"gb-icon\"><svg xmlns=\"http:\/\/www.w3.org\/2000\/svg\" height=\"1em\" viewBox=\"0 0 640 512\"><path d=\"M0 336c0 79.5 64.5 144 144 144H512c70.7 0 128-57.3 128-128c0-61.9-44-113.6-102.4-125.4c4.1-10.7 6.4-22.4 6.4-34.6c0-53-43-96-96-96c-19.7 0-38.1 6-53.3 16.2C367 64.2 315.3 32 256 32C167.6 32 96 103.6 96 192c0 2.7 .1 5.4 .2 8.1C40.2 219.8 0 273.2 0 336z\"><\/path><\/svg><\/span><span class=\"gb-headline-text\"><a href=\"\/trade\/nase-sluzby-produkty\/\" data-type=\"URL\" data-id=\"\/services\/\">Doporu\u010den\u00e1 slu\u017eba<\/a><\/span><\/h3>\n\n\n\n<p class=\"gb-headline gb-headline-aed343f3 gb-headline-text\">Lorem ipsum dolor sit amet, consectetur adipiscing elit, sed do eiusmod tempor incididunt ut labore et dolore magna.<\/p>\n\n\n\n<span class=\"gb-button gb-button-67648f1f gb-button-text\">Dal\u0161\u00ed informace<\/span>\n\n<\/div>\n<\/div>\n\n<div class=\"gb-container gb-container-a438a65c\"><div class=\"gb-shapes\"><div class=\"gb-shape gb-shape-1\"><svg xmlns=\"http:\/\/www.w3.org\/2000\/svg\" viewBox=\"0 0 1200 360\" preserveAspectRatio=\"none\"><path d=\"M1200 360H0V0l1200 348z\"\/><\/svg><\/div><\/div><\/div>\n<\/div>\n\n<div class=\"gb-container gb-container-455c972a\">\n<div class=\"gb-container gb-container-49d0019a\"><\/div>\n\n<div class=\"gb-container gb-container-75fe1d74\">\n\n<h3 class=\"gb-headline gb-headline-6fb2d8d4 gb-headline-text\">Zjist\u011bte v\u00edce o na\u0161em t\u00fdmu<\/h3>\n\n\n\n<p>Lorem ipsum dolor sit amet, consectetur adipiscing elit, sed do eiusmod tempor incididunt ut labore et dolore magna aliqua. Ut placerat orci nulla pellentesque dignissim enim sit amet venenatis. Felis eget velit aliquet sagittis id consectetur purus.<\/p>\n\n\n\n<span class=\"gb-button gb-button-39826c48 gb-button-text\">O n\u00e1s<\/span>\n\n<\/div>\n<\/div>\n\n<div class=\"gb-container gb-container-9e1a312e\">\n<div class=\"gb-container gb-container-b0c2c6a8\"><div class=\"gb-shapes\"><div class=\"gb-shape gb-shape-1\"><svg xmlns=\"http:\/\/www.w3.org\/2000\/svg\" viewBox=\"0 0 1200 360\" preserveAspectRatio=\"none\"><path d=\"M1200 360H0V0l1200 348z\"\/><\/svg><\/div><\/div><\/div>\n\n<div class=\"gb-container gb-container-21d3ed61\">\n\n<h3 class=\"gb-headline gb-headline-afb49eb3 gb-headline-text\">Ocen\u011bn\u00ed z\u00e1kazn\u00edk\u016f<\/h3>\n\n\n\n<div class=\"gb-headline gb-headline-d7479f09 gb-headline-text\">Lorem ipsum dolor sit amet, consectetur adipiscing elit, sed do eiusmod tempor incididunt ut labore et dolore magna aliqua. Ut placerat orci nulla pellentesque dignissim enim sit amet venenatis. Felis eget velit aliquet sagittis id consectetur purus. Pretium fusce id velit ut tortor pretium viverra suspendisse. Sed augue lacus viverra vitae congue eu consequent. Id donec ultrices tincidunt arcu.&nbsp;<\/div>\n\n\n\n<div class=\"gb-headline gb-headline-c736d383 gb-headline-text\">&#8211; Vlastn\u00edkem firmy<\/div>\n\n<\/div>\n<\/div>\n\n<div class=\"gb-container gb-container-5a36a3f8\">\n<div class=\"gb-container gb-container-c49c4bd9\">\n\n<h3 class=\"gb-headline gb-headline-56e1f31c gb-headline-text\">P\u0159ihlaste se k odb\u011bru VIP slev<\/h3>\n\n\n\n<p class=\"has-text-align-center\">Dost\u00e1vejte na\u0161e nejnov\u011bj\u0161\u00ed akce zas\u00edlan\u00e9 pouze na\u0161im e-mailov\u00fdm odb\u011bratel\u016fm<\/p>\n\n\n\n<p class=\"has-text-align-center\">[zde vlo\u017ete sv\u016fj kr\u00e1tk\u00fd k\u00f3d\/blok k odb\u011bru e-mailu]<\/p>\n\n<\/div>\n<\/div>","protected":false},"excerpt":{"rendered":"<p>Propagujte sv\u00e9 podnik\u00e1n\u00ed &amp; generujte potenci\u00e1ln\u00ed z\u00e1kazn\u00edky pomoc\u00ed obchodu Formul\u00e1\u0159 \u017e\u00e1dosti o slu\u017ebu P\u0159ijm\u011bte servisn\u00ed po\u017eadavek nebo dotaz od sv\u00fdch z\u00e1kazn\u00edk\u016f. Postaveno s Happy Forms, m\u016f\u017eete snadno odstranit nebo p\u0159idat dal\u0161\u00ed pole formul\u00e1\u0159e, aby odpov\u00eddala va\u0161\u00ed v\u00fdzv\u011b k akci. Slu\u017eby Trade jsou \u0161pi\u010dkov\u00e9 a jejich z\u00e1kaznick\u00fd servis je na \u0161pi\u010dkov\u00e9 \u00farovni. \u2013 Spokojen\u00fd Z\u00e1kazn\u00edk [Sem &#8230; <a title=\"Dom\u016f\" class=\"read-more\" href=\"https:\/\/zenipress.com\/trade\/\" aria-label=\"Read more about Dom\u016f\">\u010c\u00edst d\u00e1l<\/a><\/p>\n","protected":false},"author":1,"featured_media":0,"parent":0,"menu_order":0,"comment_status":"closed","ping_status":"closed","template":"","meta":{"footnotes":""},"class_list":["post-7","page","type-page","status-publish"],"_links":{"self":[{"href":"https:\/\/zenipress.com\/trade\/wp-json\/wp\/v2\/pages\/7","targetHints":{"allow":["GET"]}}],"collection":[{"href":"https:\/\/zenipress.com\/trade\/wp-json\/wp\/v2\/pages"}],"about":[{"href":"https:\/\/zenipress.com\/trade\/wp-json\/wp\/v2\/types\/page"}],"author":[{"embeddable":true,"href":"https:\/\/zenipress.com\/trade\/wp-json\/wp\/v2\/users\/1"}],"replies":[{"embeddable":true,"href":"https:\/\/zenipress.com\/trade\/wp-json\/wp\/v2\/comments?post=7"}],"version-history":[{"count":4,"href":"https:\/\/zenipress.com\/trade\/wp-json\/wp\/v2\/pages\/7\/revisions"}],"predecessor-version":[{"id":263,"href":"https:\/\/zenipress.com\/trade\/wp-json\/wp\/v2\/pages\/7\/revisions\/263"}],"wp:attachment":[{"href":"https:\/\/zenipress.com\/trade\/wp-json\/wp\/v2\/media?parent=7"}],"curies":[{"name":"wp","href":"https:\/\/api.w.org\/{rel}","templated":true}]}}