{"id":223,"date":"2023-06-13T01:07:35","date_gmt":"2023-06-13T01:07:35","guid":{"rendered":"https:\/\/gpsites.co\/trade\/?page_id=223"},"modified":"2024-04-12T14:40:52","modified_gmt":"2024-04-12T14:40:52","slug":"nase-sluzby-produkty","status":"publish","type":"page","link":"https:\/\/zenipress.com\/trade\/nase-sluzby-produkty\/","title":{"rendered":"Na\u0161e slu\u017eby &#038; produkty"},"content":{"rendered":"<div class=\"gb-container gb-container-0ac7fb6e\">\n<div class=\"gb-container gb-container-1efea3c9\">\n\n<h2 class=\"gb-headline gb-headline-87a1db21 gb-headline-text\">Nadpis uv\u00e1d\u011bj\u00edc\u00ed, \u010d\u00edm se va\u0161e firma odli\u0161uje od ostatn\u00edch<\/h2>\n\n\n\n<p class=\"gb-headline gb-headline-cd115fc3 gb-headline-text\">Lorem ipsum dolor sit amet, consectetur adipiscing elit, sed do eiusmod tempor incididunt ut labore et dolore magna aliqua. Ut placerat orci nulla pellentesque dignissim enim sit amet venenatis. Felis eget velit aliquet sagittis id consectetur purus. Pretium fusce id velit ut tortor pretium viverra suspendisse. Sed augue lacus viverra vitae congue eu consequent. Id donec ultrices tincidunt arcu. Molestie ac feugiat sed lectus vestibulum.<\/p>\n\n<\/div>\n\n<div class=\"gb-container gb-container-a438a65c\"><div class=\"gb-shapes\"><div class=\"gb-shape gb-shape-1\"><svg xmlns=\"http:\/\/www.w3.org\/2000\/svg\" viewBox=\"0 0 1200 360\" preserveAspectRatio=\"none\"><path d=\"M1200 360H0V0l1200 348z\"\/><\/svg><\/div><\/div><\/div>\n<\/div>\n\n<div class=\"gb-container gb-container-c3599328\">\n<div class=\"gb-container gb-container-e5012c82\">\n<div class=\"gb-container gb-container-cf56a9bd\">\n\n<figure class=\"gb-block-image gb-block-image-62e58c57\"><img loading=\"lazy\" decoding=\"async\" width=\"1024\" height=\"576\" class=\"gb-image gb-image-62e58c57\" src=\"https:\/\/gpsites.co\/trade\/wp-content\/uploads\/sites\/34\/2023\/06\/greyson-joralemon-482879-unsplash-1024x576.jpg\" alt=\"\" title=\"greyson-joralemon-482879-unsplash\" srcset=\"https:\/\/zenipress.com\/app\/uploads\/sites\/10\/2023\/06\/greyson-joralemon-482879-unsplash-1024x576.jpg 1024w, https:\/\/zenipress.com\/app\/uploads\/sites\/10\/2023\/06\/greyson-joralemon-482879-unsplash-300x169.jpg 300w, https:\/\/zenipress.com\/app\/uploads\/sites\/10\/2023\/06\/greyson-joralemon-482879-unsplash-768x432.jpg 768w, https:\/\/zenipress.com\/app\/uploads\/sites\/10\/2023\/06\/greyson-joralemon-482879-unsplash-1536x864.jpg 1536w, https:\/\/zenipress.com\/app\/uploads\/sites\/10\/2023\/06\/greyson-joralemon-482879-unsplash.jpg 1920w\" sizes=\"auto, (max-width: 1024px) 100vw, 1024px\" \/><\/figure>\n\n\n\n<h2 class=\"gb-headline gb-headline-e5a3c671 gb-headline-text\">N\u00e1zev slu\u017eby<\/h2>\n\n\n\n<p>Dolor sit amet consectetur adipiscing elit pellentesque habitant morbi. Lectus nulla at volutpat diam. Elementum curabitur vitae nunc sed velit dignissim sodales.<\/p>\n\n\n\n<h3 class=\"gb-headline gb-headline-0a2f7a59\"><span class=\"gb-icon\"><svg aria-hidden=\"true\" role=\"img\" height=\"1em\" width=\"1em\" viewBox=\"0 0 256 512\" xmlns=\"http:\/\/www.w3.org\/2000\/svg\"><path fill=\"currentColor\" d=\"M224.3 273l-136 136c-9.4 9.4-24.6 9.4-33.9 0l-22.6-22.6c-9.4-9.4-9.4-24.6 0-33.9l96.4-96.4-96.4-96.4c-9.4-9.4-9.4-24.6 0-33.9L54.3 103c9.4-9.4 24.6-9.4 33.9 0l136 136c9.5 9.4 9.5 24.6.1 34z\"><\/path><\/svg><\/span><span class=\"gb-headline-text\">Polo\u017eka<\/span><\/h3>\n\n\n\n<p class=\"gb-headline gb-headline-93dc1b10 gb-headline-text\">Felis eget velit aliquet sagittis purus. Pretium fusce velit eget velit felis.<\/p>\n\n\n\n<h3 class=\"gb-headline gb-headline-8b00728e\"><span class=\"gb-icon\"><svg aria-hidden=\"true\" role=\"img\" height=\"1em\" width=\"1em\" viewBox=\"0 0 256 512\" xmlns=\"http:\/\/www.w3.org\/2000\/svg\"><path fill=\"currentColor\" d=\"M224.3 273l-136 136c-9.4 9.4-24.6 9.4-33.9 0l-22.6-22.6c-9.4-9.4-9.4-24.6 0-33.9l96.4-96.4-96.4-96.4c-9.4-9.4-9.4-24.6 0-33.9L54.3 103c9.4-9.4 24.6-9.4 33.9 0l136 136c9.5 9.4 9.5 24.6.1 34z\"><\/path><\/svg><\/span><span class=\"gb-headline-text\">Polo\u017eka<\/span><\/h3>\n\n\n\n<p class=\"gb-headline gb-headline-ea687c34 gb-headline-text\">Felis eget velit aliquet sagittis purus. Pretium fusce velit eget velit felis.<\/p>\n\n<\/div>\n\n<div class=\"gb-container gb-container-3f8fadf6\">\n\n<figure class=\"gb-block-image gb-block-image-373926fc\"><img loading=\"lazy\" decoding=\"async\" width=\"1024\" height=\"576\" class=\"gb-image gb-image-373926fc\" src=\"https:\/\/gpsites.co\/trade\/wp-content\/uploads\/sites\/34\/2023\/06\/greyson-joralemon-482879-unsplash-1024x576.jpg\" alt=\"\" title=\"greyson-joralemon-482879-unsplash\" srcset=\"https:\/\/zenipress.com\/app\/uploads\/sites\/10\/2023\/06\/greyson-joralemon-482879-unsplash-1024x576.jpg 1024w, https:\/\/zenipress.com\/app\/uploads\/sites\/10\/2023\/06\/greyson-joralemon-482879-unsplash-300x169.jpg 300w, https:\/\/zenipress.com\/app\/uploads\/sites\/10\/2023\/06\/greyson-joralemon-482879-unsplash-768x432.jpg 768w, https:\/\/zenipress.com\/app\/uploads\/sites\/10\/2023\/06\/greyson-joralemon-482879-unsplash-1536x864.jpg 1536w, https:\/\/zenipress.com\/app\/uploads\/sites\/10\/2023\/06\/greyson-joralemon-482879-unsplash.jpg 1920w\" sizes=\"auto, (max-width: 1024px) 100vw, 1024px\" \/><\/figure>\n\n\n\n<h2 class=\"gb-headline gb-headline-cdd6526a gb-headline-text\">N\u00e1zev slu\u017eby<\/h2>\n\n\n\n<p>Dolor sit amet consectetur adipiscing elit pellentesque habitant morbi. Lectus nulla at volutpat diam. Elementum curabitur vitae nunc sed velit dignissim sodales.<\/p>\n\n\n\n<h3 class=\"gb-headline gb-headline-d2ad1862\"><span class=\"gb-icon\"><svg aria-hidden=\"true\" role=\"img\" height=\"1em\" width=\"1em\" viewBox=\"0 0 256 512\" xmlns=\"http:\/\/www.w3.org\/2000\/svg\"><path fill=\"currentColor\" d=\"M224.3 273l-136 136c-9.4 9.4-24.6 9.4-33.9 0l-22.6-22.6c-9.4-9.4-9.4-24.6 0-33.9l96.4-96.4-96.4-96.4c-9.4-9.4-9.4-24.6 0-33.9L54.3 103c9.4-9.4 24.6-9.4 33.9 0l136 136c9.5 9.4 9.5 24.6.1 34z\"><\/path><\/svg><\/span><span class=\"gb-headline-text\">Polo\u017eka<\/span><\/h3>\n\n\n\n<p class=\"gb-headline gb-headline-2fc55a4f gb-headline-text\">Felis eget velit aliquet sagittis purus. Pretium fusce velit eget velit felis.<\/p>\n\n\n\n<h3 class=\"gb-headline gb-headline-25e46d71\"><span class=\"gb-icon\"><svg aria-hidden=\"true\" role=\"img\" height=\"1em\" width=\"1em\" viewBox=\"0 0 256 512\" xmlns=\"http:\/\/www.w3.org\/2000\/svg\"><path fill=\"currentColor\" d=\"M224.3 273l-136 136c-9.4 9.4-24.6 9.4-33.9 0l-22.6-22.6c-9.4-9.4-9.4-24.6 0-33.9l96.4-96.4-96.4-96.4c-9.4-9.4-9.4-24.6 0-33.9L54.3 103c9.4-9.4 24.6-9.4 33.9 0l136 136c9.5 9.4 9.5 24.6.1 34z\"><\/path><\/svg><\/span><span class=\"gb-headline-text\">Polo\u017eka<\/span><\/h3>\n\n\n\n<p class=\"gb-headline gb-headline-891f40ad gb-headline-text\">Felis eget velit aliquet sagittis purus. Pretium fusce velit eget velit felis.<\/p>\n\n<\/div>\n\n<div class=\"gb-container gb-container-50670c0d\">\n\n<figure class=\"gb-block-image gb-block-image-f3cecf25\"><img loading=\"lazy\" decoding=\"async\" width=\"1024\" height=\"576\" class=\"gb-image gb-image-f3cecf25\" src=\"https:\/\/gpsites.co\/trade\/wp-content\/uploads\/sites\/34\/2023\/06\/greyson-joralemon-482879-unsplash-1024x576.jpg\" alt=\"\" title=\"greyson-joralemon-482879-unsplash\" srcset=\"https:\/\/zenipress.com\/app\/uploads\/sites\/10\/2023\/06\/greyson-joralemon-482879-unsplash-1024x576.jpg 1024w, https:\/\/zenipress.com\/app\/uploads\/sites\/10\/2023\/06\/greyson-joralemon-482879-unsplash-300x169.jpg 300w, https:\/\/zenipress.com\/app\/uploads\/sites\/10\/2023\/06\/greyson-joralemon-482879-unsplash-768x432.jpg 768w, https:\/\/zenipress.com\/app\/uploads\/sites\/10\/2023\/06\/greyson-joralemon-482879-unsplash-1536x864.jpg 1536w, https:\/\/zenipress.com\/app\/uploads\/sites\/10\/2023\/06\/greyson-joralemon-482879-unsplash.jpg 1920w\" sizes=\"auto, (max-width: 1024px) 100vw, 1024px\" \/><\/figure>\n\n\n\n<h2 class=\"gb-headline gb-headline-695c6acf gb-headline-text\">N\u00e1zev slu\u017eby<\/h2>\n\n\n\n<p>Dolor sit amet consectetur adipiscing elit pellentesque habitant morbi. Lectus nulla at volutpat diam. Elementum curabitur vitae nunc sed velit dignissim sodales.<\/p>\n\n\n\n<h3 class=\"gb-headline gb-headline-3308d2f9\"><span class=\"gb-icon\"><svg aria-hidden=\"true\" role=\"img\" height=\"1em\" width=\"1em\" viewBox=\"0 0 256 512\" xmlns=\"http:\/\/www.w3.org\/2000\/svg\"><path fill=\"currentColor\" d=\"M224.3 273l-136 136c-9.4 9.4-24.6 9.4-33.9 0l-22.6-22.6c-9.4-9.4-9.4-24.6 0-33.9l96.4-96.4-96.4-96.4c-9.4-9.4-9.4-24.6 0-33.9L54.3 103c9.4-9.4 24.6-9.4 33.9 0l136 136c9.5 9.4 9.5 24.6.1 34z\"><\/path><\/svg><\/span><span class=\"gb-headline-text\">Polo\u017eka<\/span><\/h3>\n\n\n\n<p class=\"gb-headline gb-headline-ad12e19f gb-headline-text\">Felis eget velit aliquet sagittis purus. Pretium fusce velit eget velit felis.<\/p>\n\n\n\n<h3 class=\"gb-headline gb-headline-8b7bca7e\"><span class=\"gb-icon\"><svg aria-hidden=\"true\" role=\"img\" height=\"1em\" width=\"1em\" viewBox=\"0 0 256 512\" xmlns=\"http:\/\/www.w3.org\/2000\/svg\"><path fill=\"currentColor\" d=\"M224.3 273l-136 136c-9.4 9.4-24.6 9.4-33.9 0l-22.6-22.6c-9.4-9.4-9.4-24.6 0-33.9l96.4-96.4-96.4-96.4c-9.4-9.4-9.4-24.6 0-33.9L54.3 103c9.4-9.4 24.6-9.4 33.9 0l136 136c9.5 9.4 9.5 24.6.1 34z\"><\/path><\/svg><\/span><span class=\"gb-headline-text\">Polo\u017eka<\/span><\/h3>\n\n\n\n<p class=\"gb-headline gb-headline-b7bec629 gb-headline-text\">Felis eget velit aliquet sagittis purus. Pretium fusce velit eget velit felis.<\/p>\n\n<\/div>\n<\/div>\n<\/div>\n\n<div class=\"gb-container gb-container-6661d0d6\">\n<div class=\"gb-container gb-container-b0c2c6a8\"><div class=\"gb-shapes\"><div class=\"gb-shape gb-shape-1\"><svg xmlns=\"http:\/\/www.w3.org\/2000\/svg\" viewBox=\"0 0 1200 360\" preserveAspectRatio=\"none\"><path d=\"M1200 360H0V0l1200 348z\"\/><\/svg><\/div><\/div><\/div>\n\n\n<h2 class=\"gb-headline gb-headline-e441412c gb-headline-text\">Na\u0161e m\u011bs\u00ed\u010dn\u00ed pl\u00e1ny slu\u017eeb<\/h2>\n\n\n<div class=\"gb-container gb-container-809f169b\">\n<div class=\"gb-container gb-container-17a01204\">\n\n<h3 class=\"gb-headline gb-headline-01dd716a gb-headline-text\">Bronz<\/h3>\n\n\n<div class=\"gb-container gb-container-c5720abe\">\n\n<div class=\"gb-headline gb-headline-82e53f49 gb-headline-text\">$80 <\/div>\n\n\n\n<div class=\"gb-headline gb-headline-d4b9aad2 gb-headline-text\">\/ m\u011bs\u00edc<\/div>\n\n<\/div>\n\n\n<div class=\"gb-headline gb-headline-c847e568 gb-headline-text\">Doporu\u010den\u00e1 v\u00fdhoda<\/div>\n\n\n\n<div class=\"gb-headline gb-headline-8e8c6c95 gb-headline-text\">Doporu\u010den\u00e1 v\u00fdhoda<\/div>\n\n\n\n<div class=\"gb-headline gb-headline-22385138 gb-headline-text\">Doporu\u010den\u00e1 v\u00fdhoda<\/div>\n\n\n\n<div class=\"gb-headline gb-headline-2cb30903 gb-headline-text\">Doporu\u010den\u00e1 v\u00fdhoda<\/div>\n\n\n\n<div class=\"gb-headline gb-headline-90dc7732 gb-headline-text\">Doporu\u010den\u00e1 v\u00fdhoda<\/div>\n\n\n\n<span class=\"gb-button gb-button-39826c48 gb-button-text\">Dotaz na pl\u00e1n<\/span>\n\n<\/div>\n\n<div class=\"gb-container gb-container-caae9013\">\n\n<h3 class=\"gb-headline gb-headline-07d6eb13 gb-headline-text\">Platina<br><em>&#8222;Nejlep\u0161\u00ed hodnota&#8220;<\/em><\/h3>\n\n\n<div class=\"gb-container gb-container-e8e46340\">\n\n<div class=\"gb-headline gb-headline-a3823b39 gb-headline-text\">$200 <\/div>\n\n\n\n<div class=\"gb-headline gb-headline-b1b808ff gb-headline-text\">\/ m\u011bs\u00edc<\/div>\n\n<\/div>\n\n\n<div class=\"gb-headline gb-headline-30a15717 gb-headline-text\">Doporu\u010den\u00e1 v\u00fdhoda<\/div>\n\n\n\n<div class=\"gb-headline gb-headline-a6dc20bf gb-headline-text\">Doporu\u010den\u00e1 v\u00fdhoda<\/div>\n\n\n\n<div class=\"gb-headline gb-headline-df2d9eec gb-headline-text\">Doporu\u010den\u00e1 v\u00fdhoda<\/div>\n\n\n\n<div class=\"gb-headline gb-headline-7c4a2cf6 gb-headline-text\">Doporu\u010den\u00e1 v\u00fdhoda<\/div>\n\n\n\n<div class=\"gb-headline gb-headline-c931d910 gb-headline-text\">Doporu\u010den\u00e1 v\u00fdhoda<\/div>\n\n\n\n<div class=\"gb-headline gb-headline-f290f0d3 gb-headline-text\">Doporu\u010den\u00e1 v\u00fdhoda<\/div>\n\n\n\n<div class=\"gb-headline gb-headline-3ba49627 gb-headline-text\">Doporu\u010den\u00e1 v\u00fdhoda<\/div>\n\n\n\n<span class=\"gb-button gb-button-f4049512 gb-button-text\">Dotaz na pl\u00e1n<\/span>\n\n<\/div>\n\n<div class=\"gb-container gb-container-d72050cb\">\n\n<h3 class=\"gb-headline gb-headline-c5dfad6d gb-headline-text\">St\u0159\u00edbro<\/h3>\n\n\n<div class=\"gb-container gb-container-6732cc1d\">\n\n<div class=\"gb-headline gb-headline-44c9b0cd gb-headline-text\">$140 <\/div>\n\n\n\n<div class=\"gb-headline gb-headline-67964484 gb-headline-text\">\/ m\u011bs\u00edc<\/div>\n\n<\/div>\n\n\n<div class=\"gb-headline gb-headline-9da7521b gb-headline-text\">Doporu\u010den\u00e1 v\u00fdhoda<\/div>\n\n\n\n<div class=\"gb-headline gb-headline-7e40ecd4 gb-headline-text\">Doporu\u010den\u00e1 v\u00fdhoda<\/div>\n\n\n\n<div class=\"gb-headline gb-headline-76d35ec3 gb-headline-text\">Doporu\u010den\u00e1 v\u00fdhoda<\/div>\n\n\n\n<div class=\"gb-headline gb-headline-47179dc6 gb-headline-text\">Doporu\u010den\u00e1 v\u00fdhoda<\/div>\n\n\n\n<div class=\"gb-headline gb-headline-1531dca0 gb-headline-text\">Doporu\u010den\u00e1 v\u00fdhoda<\/div>\n\n\n\n<span class=\"gb-button gb-button-5eaab5c9 gb-button-text\">Dotaz na pl\u00e1n<\/span>\n\n<\/div>\n<\/div>\n<\/div>","protected":false},"excerpt":{"rendered":"<p>Nadpis uv\u00e1d\u011bj\u00edc\u00ed, \u010d\u00edm se va\u0161e firma odli\u0161uje od ostatn\u00edch Lorem ipsum dolor sit amet, consectetur adipiscing elit, sed do eiusmod tempor incididunt ut labore et dolore magna aliqua. Ut placerat orci nulla pellentesque dignissim enim sit amet venenatis. Felis eget velit aliquet sagittis id consectetur purus. Pretium fusce id velit ut tortor pretium viverra suspendisse. &#8230; <a title=\"Na\u0161e slu\u017eby &#038; produkty\" class=\"read-more\" href=\"https:\/\/zenipress.com\/trade\/nase-sluzby-produkty\/\" aria-label=\"Read more about Na\u0161e slu\u017eby &#038; produkty\">\u010c\u00edst d\u00e1l<\/a><\/p>\n","protected":false},"author":1,"featured_media":0,"parent":0,"menu_order":0,"comment_status":"closed","ping_status":"closed","template":"","meta":{"footnotes":""},"class_list":["post-223","page","type-page","status-publish"],"_links":{"self":[{"href":"https:\/\/zenipress.com\/trade\/wp-json\/wp\/v2\/pages\/223","targetHints":{"allow":["GET"]}}],"collection":[{"href":"https:\/\/zenipress.com\/trade\/wp-json\/wp\/v2\/pages"}],"about":[{"href":"https:\/\/zenipress.com\/trade\/wp-json\/wp\/v2\/types\/page"}],"author":[{"embeddable":true,"href":"https:\/\/zenipress.com\/trade\/wp-json\/wp\/v2\/users\/1"}],"replies":[{"embeddable":true,"href":"https:\/\/zenipress.com\/trade\/wp-json\/wp\/v2\/comments?post=223"}],"version-history":[{"count":2,"href":"https:\/\/zenipress.com\/trade\/wp-json\/wp\/v2\/pages\/223\/revisions"}],"predecessor-version":[{"id":258,"href":"https:\/\/zenipress.com\/trade\/wp-json\/wp\/v2\/pages\/223\/revisions\/258"}],"wp:attachment":[{"href":"https:\/\/zenipress.com\/trade\/wp-json\/wp\/v2\/media?parent=223"}],"curies":[{"name":"wp","href":"https:\/\/api.w.org\/{rel}","templated":true}]}}