{"id":169,"date":"2023-06-13T00:16:13","date_gmt":"2023-06-13T00:16:13","guid":{"rendered":"https:\/\/gpsites.co\/trade\/?page_id=169"},"modified":"2024-04-12T14:42:57","modified_gmt":"2024-04-12T14:42:57","slug":"nase-historie-tym","status":"publish","type":"page","link":"https:\/\/zenipress.com\/trade\/nase-historie-tym\/","title":{"rendered":"Na\u0161e historie &#038; t\u00fdm"},"content":{"rendered":"<div class=\"gb-container gb-container-536e909e\">\n<div class=\"gb-container gb-container-15813ab5\">\n<div class=\"gb-container gb-container-7bf375f8\">\n\n<h2 class=\"gb-headline gb-headline-7f940a10 gb-headline-text\">Historie spole\u010dnosti a p\u0159edstaven\u00ed t\u00fdmu<\/h2>\n\n\n\n<p>Ut tristique et egestas quis ipsum suspendisse ultrices. Venenatis a condimentum vitae sapien pellentesque. Vestibulum morbi blandit cursus risus. Ac turpis egestas integer eget. Enim sed faucibus turpis in eu mi bibendum. Erat pellentesque adipiscing commodo elit at imperdiet dui. At quis risus sed vulputate odio ut enim blandit.<\/p>\n\n\n\n<p>Eget sit amet tellus cras adipiscing enim eu turpis egestas. Bibendum ut tristique et egestas quis ipsum suspendisse ultrices gravida. Ante in nibh mauris cursus mattis. Integer enim neque volutpat ac. Sit amet venenatis urna cursus eget.<\/p>\n\n<\/div>\n\n<div class=\"gb-container gb-container-d699d6b3\">\n<div class=\"gb-container gb-container-ef33d07c\">\n\n<div class=\"gb-headline gb-headline-bc127072 gb-headline-text\">12<\/div>\n\n\n\n<p class=\"has-text-align-center\">Let v podnik\u00e1n\u00ed<\/p>\n\n<\/div>\n\n<div class=\"gb-container gb-container-79d2f4c0\">\n\n<div class=\"gb-headline gb-headline-a6970420 gb-headline-text\">142<\/div>\n\n\n\n<p class=\"has-text-align-center\">5-hv\u011bzdi\u010dkov\u00e9 projekty<\/p>\n\n<\/div>\n<\/div>\n\n<div class=\"gb-container gb-container-9e3adfdf\">\n<div class=\"gb-container gb-container-b76609be\">\n\n<div class=\"gb-headline gb-headline-ab127327 gb-headline-text\">4<\/div>\n\n\n\n<p class=\"has-text-align-center\">Licencovan\u00ed odborn\u00edci<\/p>\n\n<\/div>\n\n<div class=\"gb-container gb-container-1912ec08\">\n\n<div class=\"gb-headline gb-headline-17ce2aed gb-headline-text\">22<\/div>\n\n\n\n<p class=\"has-text-align-center\">Certifikace<\/p>\n\n<\/div>\n<\/div>\n<\/div>\n<\/div>\n\n<div class=\"gb-container gb-container-b0c2c6a8\"><div class=\"gb-shapes\"><div class=\"gb-shape gb-shape-1\"><svg xmlns=\"http:\/\/www.w3.org\/2000\/svg\" viewBox=\"0 0 1200 360\" preserveAspectRatio=\"none\"><path d=\"M1200 360H0V0l1200 348z\"\/><\/svg><\/div><\/div><\/div>\n\n<div class=\"gb-container gb-container-455c972a\">\n<div class=\"gb-container gb-container-49d0019a\"><\/div>\n\n<div class=\"gb-container gb-container-75fe1d74\">\n\n<h3 class=\"gb-headline gb-headline-6fb2d8d4 gb-headline-text\">NA\u0160I M\u00cdSTN\u00cd PARTNE\u0158I<\/h3>\n\n\n<div class=\"gb-container gb-container-de6346bf\">\n\n<figure class=\"gb-block-image gb-block-image-fa6ac577\"><img decoding=\"async\" class=\"gb-image gb-image-fa6ac577\" src=\"https:\/\/zenipress.com\/app\/uploads\/sites\/10\/2023\/06\/wood.svg\" alt=\"\" title=\"wood\"\/><\/figure>\n\n\n\n<figure class=\"gb-block-image gb-block-image-a6b70448\"><img decoding=\"async\" class=\"gb-image gb-image-a6b70448\" src=\"https:\/\/zenipress.com\/app\/uploads\/sites\/10\/2023\/06\/wood.svg\" alt=\"\" title=\"wood\"\/><\/figure>\n\n\n\n<figure class=\"gb-block-image gb-block-image-cc74d0c5\"><img decoding=\"async\" class=\"gb-image gb-image-cc74d0c5\" src=\"https:\/\/zenipress.com\/app\/uploads\/sites\/10\/2023\/06\/wood.svg\" alt=\"\" title=\"wood\"\/><\/figure>\n\n\n\n<figure class=\"gb-block-image gb-block-image-c7bc9d08\"><img decoding=\"async\" class=\"gb-image gb-image-c7bc9d08\" src=\"https:\/\/zenipress.com\/app\/uploads\/sites\/10\/2023\/06\/wood.svg\" alt=\"\" title=\"wood\"\/><\/figure>\n\n<\/div>\n<\/div>\n<\/div>\n\n<div class=\"gb-container gb-container-a438a65c\"><div class=\"gb-shapes\"><div class=\"gb-shape gb-shape-1\"><svg xmlns=\"http:\/\/www.w3.org\/2000\/svg\" viewBox=\"0 0 1200 360\" preserveAspectRatio=\"none\"><path d=\"M1200 360H0V0l1200 348z\"\/><\/svg><\/div><\/div><\/div>\n\n<div class=\"gb-container gb-container-8384afcf\">\n<div class=\"gb-container gb-container-41e91541\">\n<div class=\"gb-container gb-container-57735c9b\">\n\n<figure class=\"gb-block-image gb-block-image-1fe96671\"><img loading=\"lazy\" decoding=\"async\" width=\"600\" height=\"600\" class=\"gb-image gb-image-1fe96671\" src=\"https:\/\/zenipress.com\/app\/uploads\/sites\/10\/2023\/06\/trade-4.jpg\" alt=\"\" title=\"trade-4\" srcset=\"https:\/\/zenipress.com\/app\/uploads\/sites\/10\/2023\/06\/trade-4.jpg 600w, https:\/\/zenipress.com\/app\/uploads\/sites\/10\/2023\/06\/trade-4-300x300.jpg 300w, https:\/\/zenipress.com\/app\/uploads\/sites\/10\/2023\/06\/trade-4-150x150.jpg 150w\" sizes=\"auto, (max-width: 600px) 100vw, 600px\" \/><\/figure>\n\n<\/div>\n\n<div class=\"gb-container gb-container-3e45fd5d\">\n\n<h4 class=\"gb-headline gb-headline-4c52127b gb-headline-text\">Chuck Wood<\/h4>\n\n\n\n<h5 class=\"gb-headline gb-headline-ab8ab378 gb-headline-text\"><strong>Zakladatel<\/strong><\/h5>\n\n\n\n<p class=\"gb-headline gb-headline-be1862a4 gb-headline-text\">Lorem ipsum dolor sit amet, consectetur adipiscing elit, sed do eiusmod tempor incididunt ut labore et dolore magna aliqua. Ut placerat orci nulla pellentesque dignissim enim sit amet venenatis. Felis eget velit aliquet sagittis id consectetur purus. Pretium fusce id velit ut tortor pretium viverra suspendisse. Sed augue lacus viverra vitae congue eu consequent. Id donec ultrices tincidunt arcu. Molestie ac feugiat sed lectus vestibulum mattis.<\/p>\n\n\n\n<p class=\"gb-headline gb-headline-bbe3a185 gb-headline-text\">Dolor sit amet consectetur adipiscing elit pellentesque habitant morbi. Lectus nulla at volutpat diam. Elementum curabitur vitae nunc sed velit dignissim sodales ut eu. At imperdiet dui accumsan sit amet nulla facilisi morbi tempus. Mi quis hendrerit dolor magna.<\/p>\n\n<\/div>\n<\/div>\n<\/div>\n\n<div class=\"gb-container gb-container-6eceda85\">\n<div class=\"gb-container gb-container-e2d840a6\">\n<div class=\"gb-container gb-container-e532e820\">\n\n<figure class=\"gb-block-image gb-block-image-4a3b1a95\"><img loading=\"lazy\" decoding=\"async\" width=\"600\" height=\"600\" class=\"gb-image gb-image-4a3b1a95\" src=\"https:\/\/zenipress.com\/app\/uploads\/sites\/10\/2023\/06\/trade-3.jpg\" alt=\"\" title=\"trade-3\" srcset=\"https:\/\/zenipress.com\/app\/uploads\/sites\/10\/2023\/06\/trade-3.jpg 600w, https:\/\/zenipress.com\/app\/uploads\/sites\/10\/2023\/06\/trade-3-300x300.jpg 300w, https:\/\/zenipress.com\/app\/uploads\/sites\/10\/2023\/06\/trade-3-150x150.jpg 150w\" sizes=\"auto, (max-width: 600px) 100vw, 600px\" \/><\/figure>\n\n\n<div class=\"gb-container gb-container-c4de20f9\">\n\n<h4 class=\"gb-headline gb-headline-14c3ab81 gb-headline-text\">Sarah Pine<\/h4>\n\n\n\n<p class=\"has-text-align-center\"><strong>Obchodn\u00ed z\u00e1stupce<\/strong><\/p>\n\n\n\n<p class=\"has-text-align-center\">Lorem ipsum dolor sit amet, consectetur adipiscing elit, sed do eiusmod tempor incididunt ut labore et dolore magna aliqua. Ut placerat orci nulla pellentesque enim sit amet venenatis. Felis eget velit aliquet idincididunt consectetur.<\/p>\n\n\n<div class=\"gb-container gb-container-24e947a5\">\n\n<span class=\"gb-button gb-button-ca7571de\"><span class=\"gb-icon\"><svg aria-hidden=\"true\" role=\"img\" height=\"1em\" width=\"1em\" viewBox=\"0 0 512 512\" xmlns=\"http:\/\/www.w3.org\/2000\/svg\"><path fill=\"currentColor\" d=\"M459.37 151.716c.325 4.548.325 9.097.325 13.645 0 138.72-105.583 298.558-298.558 298.558-59.452 0-114.68-17.219-161.137-47.106 8.447.974 16.568 1.299 25.34 1.299 49.055 0 94.213-16.568 130.274-44.832-46.132-.975-84.792-31.188-98.112-72.772 6.498.974 12.995 1.624 19.818 1.624 9.421 0 18.843-1.3 27.614-3.573-48.081-9.747-84.143-51.98-84.143-102.985v-1.299c13.969 7.797 30.214 12.67 47.431 13.319-28.264-18.843-46.781-51.005-46.781-87.391 0-19.492 5.197-37.36 14.294-52.954 51.655 63.675 129.3 105.258 216.365 109.807-1.624-7.797-2.599-15.918-2.599-24.04 0-57.828 46.782-104.934 104.934-104.934 30.213 0 57.502 12.67 76.67 33.137 23.715-4.548 46.456-13.32 66.599-25.34-7.798 24.366-24.366 44.833-46.132 57.827 21.117-2.273 41.584-8.122 60.426-16.243-14.292 20.791-32.161 39.308-52.628 54.253z\"><\/path><\/svg><\/span><\/span>\n\n\n\n<span class=\"gb-button gb-button-82376aea\"><span class=\"gb-icon\"><svg aria-hidden=\"true\" role=\"img\" height=\"1em\" width=\"1em\" viewBox=\"0 0 448 512\" xmlns=\"http:\/\/www.w3.org\/2000\/svg\"><path fill=\"currentColor\" d=\"M416 32H31.9C14.3 32 0 46.5 0 64.3v383.4C0 465.5 14.3 480 31.9 480H416c17.6 0 32-14.5 32-32.3V64.3c0-17.8-14.4-32.3-32-32.3zM135.4 416H69V202.2h66.5V416zm-33.2-243c-21.3 0-38.5-17.3-38.5-38.5S80.9 96 102.2 96c21.2 0 38.5 17.3 38.5 38.5 0 21.3-17.2 38.5-38.5 38.5zm282.1 243h-66.4V312c0-24.8-.5-56.7-34.5-56.7-34.6 0-39.9 27-39.9 54.9V416h-66.4V202.2h63.7v29.2h.9c8.9-16.8 30.6-34.5 62.9-34.5 67.2 0 79.7 44.3 79.7 101.9V416z\"><\/path><\/svg><\/span><\/span>\n\n\n\n<span class=\"gb-button gb-button-989bc1cd\"><span class=\"gb-icon\"><svg aria-hidden=\"true\" role=\"img\" height=\"1em\" width=\"1em\" viewBox=\"0 0 448 512\" xmlns=\"http:\/\/www.w3.org\/2000\/svg\"><path fill=\"currentColor\" d=\"M400 32H48A48 48 0 0 0 0 80v352a48 48 0 0 0 48 48h137.25V327.69h-63V256h63v-54.64c0-62.15 37-96.48 93.67-96.48 27.14 0 55.52 4.84 55.52 4.84v61h-31.27c-30.81 0-40.42 19.12-40.42 38.73V256h68.78l-11 71.69h-57.78V480H400a48 48 0 0 0 48-48V80a48 48 0 0 0-48-48z\"><\/path><\/svg><\/span><\/span>\n\n<\/div>\n<\/div>\n<\/div>\n\n<div class=\"gb-container gb-container-4e03570d\">\n\n<figure class=\"gb-block-image gb-block-image-4c422c7c\"><img loading=\"lazy\" decoding=\"async\" width=\"600\" height=\"600\" class=\"gb-image gb-image-4c422c7c\" src=\"https:\/\/zenipress.com\/app\/uploads\/sites\/10\/2023\/06\/trade-2.jpg\" alt=\"\" title=\"trade-2\" srcset=\"https:\/\/zenipress.com\/app\/uploads\/sites\/10\/2023\/06\/trade-2.jpg 600w, https:\/\/zenipress.com\/app\/uploads\/sites\/10\/2023\/06\/trade-2-300x300.jpg 300w, https:\/\/zenipress.com\/app\/uploads\/sites\/10\/2023\/06\/trade-2-150x150.jpg 150w\" sizes=\"auto, (max-width: 600px) 100vw, 600px\" \/><\/figure>\n\n\n<div class=\"gb-container gb-container-c15a8670\">\n\n<h4 class=\"gb-headline gb-headline-c8425894 gb-headline-text\">Chris Birch<\/h4>\n\n\n\n<p class=\"has-text-align-center\"><strong><strong>Projektov\u00fd mana\u017eer<\/strong><\/strong><\/p>\n\n\n\n<p class=\"has-text-align-center\">Lorem ipsum dolor sit amet, consectetur adipiscing elit, sed do eiusmod tempor incididunt ut labore et dolore magna aliqua. Ut placerat orci nulla pellentesque enim sit amet venenatis. Felis eget velit aliquet idincididunt consectetur.<\/p>\n\n\n<div class=\"gb-container gb-container-ba3e0057\">\n\n<span class=\"gb-button gb-button-40fdd5ca\"><span class=\"gb-icon\"><svg aria-hidden=\"true\" role=\"img\" height=\"1em\" width=\"1em\" viewBox=\"0 0 512 512\" xmlns=\"http:\/\/www.w3.org\/2000\/svg\"><path fill=\"currentColor\" d=\"M459.37 151.716c.325 4.548.325 9.097.325 13.645 0 138.72-105.583 298.558-298.558 298.558-59.452 0-114.68-17.219-161.137-47.106 8.447.974 16.568 1.299 25.34 1.299 49.055 0 94.213-16.568 130.274-44.832-46.132-.975-84.792-31.188-98.112-72.772 6.498.974 12.995 1.624 19.818 1.624 9.421 0 18.843-1.3 27.614-3.573-48.081-9.747-84.143-51.98-84.143-102.985v-1.299c13.969 7.797 30.214 12.67 47.431 13.319-28.264-18.843-46.781-51.005-46.781-87.391 0-19.492 5.197-37.36 14.294-52.954 51.655 63.675 129.3 105.258 216.365 109.807-1.624-7.797-2.599-15.918-2.599-24.04 0-57.828 46.782-104.934 104.934-104.934 30.213 0 57.502 12.67 76.67 33.137 23.715-4.548 46.456-13.32 66.599-25.34-7.798 24.366-24.366 44.833-46.132 57.827 21.117-2.273 41.584-8.122 60.426-16.243-14.292 20.791-32.161 39.308-52.628 54.253z\"><\/path><\/svg><\/span><\/span>\n\n\n\n<span class=\"gb-button gb-button-e2132f35\"><span class=\"gb-icon\"><svg aria-hidden=\"true\" role=\"img\" height=\"1em\" width=\"1em\" viewBox=\"0 0 448 512\" xmlns=\"http:\/\/www.w3.org\/2000\/svg\"><path fill=\"currentColor\" d=\"M416 32H31.9C14.3 32 0 46.5 0 64.3v383.4C0 465.5 14.3 480 31.9 480H416c17.6 0 32-14.5 32-32.3V64.3c0-17.8-14.4-32.3-32-32.3zM135.4 416H69V202.2h66.5V416zm-33.2-243c-21.3 0-38.5-17.3-38.5-38.5S80.9 96 102.2 96c21.2 0 38.5 17.3 38.5 38.5 0 21.3-17.2 38.5-38.5 38.5zm282.1 243h-66.4V312c0-24.8-.5-56.7-34.5-56.7-34.6 0-39.9 27-39.9 54.9V416h-66.4V202.2h63.7v29.2h.9c8.9-16.8 30.6-34.5 62.9-34.5 67.2 0 79.7 44.3 79.7 101.9V416z\"><\/path><\/svg><\/span><\/span>\n\n\n\n<span class=\"gb-button gb-button-6c29329f\"><span class=\"gb-icon\"><svg aria-hidden=\"true\" role=\"img\" height=\"1em\" width=\"1em\" viewBox=\"0 0 448 512\" xmlns=\"http:\/\/www.w3.org\/2000\/svg\"><path fill=\"currentColor\" d=\"M400 32H48A48 48 0 0 0 0 80v352a48 48 0 0 0 48 48h137.25V327.69h-63V256h63v-54.64c0-62.15 37-96.48 93.67-96.48 27.14 0 55.52 4.84 55.52 4.84v61h-31.27c-30.81 0-40.42 19.12-40.42 38.73V256h68.78l-11 71.69h-57.78V480H400a48 48 0 0 0 48-48V80a48 48 0 0 0-48-48z\"><\/path><\/svg><\/span><\/span>\n\n<\/div>\n<\/div>\n<\/div>\n\n<div class=\"gb-container gb-container-665ae6ea\">\n\n<figure class=\"gb-block-image gb-block-image-cac2da67\"><img loading=\"lazy\" decoding=\"async\" width=\"600\" height=\"600\" class=\"gb-image gb-image-cac2da67\" src=\"https:\/\/zenipress.com\/app\/uploads\/sites\/10\/2023\/06\/trade-1.jpg\" alt=\"\" title=\"trade-1\" srcset=\"https:\/\/zenipress.com\/app\/uploads\/sites\/10\/2023\/06\/trade-1.jpg 600w, https:\/\/zenipress.com\/app\/uploads\/sites\/10\/2023\/06\/trade-1-300x300.jpg 300w, https:\/\/zenipress.com\/app\/uploads\/sites\/10\/2023\/06\/trade-1-150x150.jpg 150w\" sizes=\"auto, (max-width: 600px) 100vw, 600px\" \/><\/figure>\n\n\n<div class=\"gb-container gb-container-a7ef9fbd\">\n\n<h4 class=\"gb-headline gb-headline-d294ccff gb-headline-text\">Pete Maple<\/h4>\n\n\n\n<p class=\"has-text-align-center\"><strong><strong>Hlavn\u00ed Tesa\u0159<\/strong><\/strong><\/p>\n\n\n\n<p class=\"has-text-align-center\">Lorem ipsum dolor sit amet, consectetur adipiscing elit, sed do eiusmod tempor incididunt ut labore et dolore magna aliqua. Ut placerat orci nulla pellentesque enim sit amet venenatis. Felis eget velit aliquet idincididunt consectetur.<\/p>\n\n\n<div class=\"gb-container gb-container-13ea43c0\">\n\n<span class=\"gb-button gb-button-513e27c7\"><span class=\"gb-icon\"><svg aria-hidden=\"true\" role=\"img\" height=\"1em\" width=\"1em\" viewBox=\"0 0 512 512\" xmlns=\"http:\/\/www.w3.org\/2000\/svg\"><path fill=\"currentColor\" d=\"M459.37 151.716c.325 4.548.325 9.097.325 13.645 0 138.72-105.583 298.558-298.558 298.558-59.452 0-114.68-17.219-161.137-47.106 8.447.974 16.568 1.299 25.34 1.299 49.055 0 94.213-16.568 130.274-44.832-46.132-.975-84.792-31.188-98.112-72.772 6.498.974 12.995 1.624 19.818 1.624 9.421 0 18.843-1.3 27.614-3.573-48.081-9.747-84.143-51.98-84.143-102.985v-1.299c13.969 7.797 30.214 12.67 47.431 13.319-28.264-18.843-46.781-51.005-46.781-87.391 0-19.492 5.197-37.36 14.294-52.954 51.655 63.675 129.3 105.258 216.365 109.807-1.624-7.797-2.599-15.918-2.599-24.04 0-57.828 46.782-104.934 104.934-104.934 30.213 0 57.502 12.67 76.67 33.137 23.715-4.548 46.456-13.32 66.599-25.34-7.798 24.366-24.366 44.833-46.132 57.827 21.117-2.273 41.584-8.122 60.426-16.243-14.292 20.791-32.161 39.308-52.628 54.253z\"><\/path><\/svg><\/span><\/span>\n\n\n\n<span class=\"gb-button gb-button-2af81a56\"><span class=\"gb-icon\"><svg aria-hidden=\"true\" role=\"img\" height=\"1em\" width=\"1em\" viewBox=\"0 0 448 512\" xmlns=\"http:\/\/www.w3.org\/2000\/svg\"><path fill=\"currentColor\" d=\"M416 32H31.9C14.3 32 0 46.5 0 64.3v383.4C0 465.5 14.3 480 31.9 480H416c17.6 0 32-14.5 32-32.3V64.3c0-17.8-14.4-32.3-32-32.3zM135.4 416H69V202.2h66.5V416zm-33.2-243c-21.3 0-38.5-17.3-38.5-38.5S80.9 96 102.2 96c21.2 0 38.5 17.3 38.5 38.5 0 21.3-17.2 38.5-38.5 38.5zm282.1 243h-66.4V312c0-24.8-.5-56.7-34.5-56.7-34.6 0-39.9 27-39.9 54.9V416h-66.4V202.2h63.7v29.2h.9c8.9-16.8 30.6-34.5 62.9-34.5 67.2 0 79.7 44.3 79.7 101.9V416z\"><\/path><\/svg><\/span><\/span>\n\n\n\n<span class=\"gb-button gb-button-34e03562\"><span class=\"gb-icon\"><svg aria-hidden=\"true\" role=\"img\" height=\"1em\" width=\"1em\" viewBox=\"0 0 448 512\" xmlns=\"http:\/\/www.w3.org\/2000\/svg\"><path fill=\"currentColor\" d=\"M400 32H48A48 48 0 0 0 0 80v352a48 48 0 0 0 48 48h137.25V327.69h-63V256h63v-54.64c0-62.15 37-96.48 93.67-96.48 27.14 0 55.52 4.84 55.52 4.84v61h-31.27c-30.81 0-40.42 19.12-40.42 38.73V256h68.78l-11 71.69h-57.78V480H400a48 48 0 0 0 48-48V80a48 48 0 0 0-48-48z\"><\/path><\/svg><\/span><\/span>\n\n<\/div>\n<\/div>\n<\/div>\n<\/div>\n<\/div>\n\n<div class=\"gb-container gb-container-d9d1a1ec\">\n<div class=\"gb-container gb-container-155097e7\">\n<div class=\"gb-container gb-container-21ab8a24\">\n\n<h4 class=\"gb-headline gb-headline-ad096f4a\"><span class=\"gb-icon\"><svg viewBox=\"0 0 448 512\" height=\"1em\" xmlns=\"http:\/\/www.w3.org\/2000\/svg\"><path d=\"M0 216C0 149.7 53.7 96 120 96h8c17.7 0 32 14.3 32 32s-14.3 32-32 32h-8c-30.9 0-56 25.1-56 56v8h64c35.3 0 64 28.7 64 64v64c0 35.3-28.7 64-64 64H64c-35.3 0-64-28.7-64-64V320 288 216zm256 0c0-66.3 53.7-120 120-120h8c17.7 0 32 14.3 32 32s-14.3 32-32 32h-8c-30.9 0-56 25.1-56 56v8h64c35.3 0 64 28.7 64 64v64c0 35.3-28.7 64-64 64H320c-35.3 0-64-28.7-64-64V320 288 216z\"><\/path><\/svg><\/span><span class=\"gb-headline-text\"><strong>Lorem ipsum dolor sit amet, consectetur adipiscing elit, sed do eiusmod tempor incididunt ut labore et dolore magna aliqua. Ut placerat orci nulla pellentesque dignissim enim sit amet venenatis. Felis eget velit aliquet sagittis id purus.<\/strong><\/span><\/h4>\n\n\n\n<div class=\"gb-headline gb-headline-339ced4e gb-headline-text\"><em>\u2013 Spokojen\u00fd Z\u00e1kazn\u00edk<\/em><\/div>\n\n<\/div>\n\n<div class=\"gb-container gb-container-257914ce\">\n\n<p><strong>Jste p\u0159ipraveni za\u010d\u00edt?<\/strong><\/p>\n\n\n\n<a class=\"gb-button gb-button-e3d90ab4\" href=\"\/trade\/kontakt\/\"><span class=\"gb-button-text\">Kontaktujte n\u00e1s<\/span><span class=\"gb-icon\"><svg aria-hidden=\"true\" role=\"img\" height=\"1em\" width=\"1em\" viewBox=\"0 0 256 512\" xmlns=\"http:\/\/www.w3.org\/2000\/svg\"><path fill=\"currentColor\" d=\"M224.3 273l-136 136c-9.4 9.4-24.6 9.4-33.9 0l-22.6-22.6c-9.4-9.4-9.4-24.6 0-33.9l96.4-96.4-96.4-96.4c-9.4-9.4-9.4-24.6 0-33.9L54.3 103c9.4-9.4 24.6-9.4 33.9 0l136 136c9.5 9.4 9.5 24.6.1 34z\"><\/path><\/svg><\/span><\/a>\n\n<\/div>\n<\/div>\n<\/div>","protected":false},"excerpt":{"rendered":"<p>Historie spole\u010dnosti a p\u0159edstaven\u00ed t\u00fdmu Ut tristique et egestas quis ipsum suspendisse ultrices. Venenatis a condimentum vitae sapien pellentesque. Vestibulum morbi blandit cursus risus. Ac turpis egestas integer eget. Enim sed faucibus turpis in eu mi bibendum. Erat pellentesque adipiscing commodo elit at imperdiet dui. At quis risus sed vulputate odio ut enim blandit. Eget &#8230; <a title=\"Na\u0161e historie &#038; t\u00fdm\" class=\"read-more\" href=\"https:\/\/zenipress.com\/trade\/nase-historie-tym\/\" aria-label=\"Read more about Na\u0161e historie &#038; t\u00fdm\">\u010c\u00edst d\u00e1l<\/a><\/p>\n","protected":false},"author":1,"featured_media":0,"parent":0,"menu_order":0,"comment_status":"closed","ping_status":"closed","template":"","meta":{"footnotes":""},"class_list":["post-169","page","type-page","status-publish"],"_links":{"self":[{"href":"https:\/\/zenipress.com\/trade\/wp-json\/wp\/v2\/pages\/169","targetHints":{"allow":["GET"]}}],"collection":[{"href":"https:\/\/zenipress.com\/trade\/wp-json\/wp\/v2\/pages"}],"about":[{"href":"https:\/\/zenipress.com\/trade\/wp-json\/wp\/v2\/types\/page"}],"author":[{"embeddable":true,"href":"https:\/\/zenipress.com\/trade\/wp-json\/wp\/v2\/users\/1"}],"replies":[{"embeddable":true,"href":"https:\/\/zenipress.com\/trade\/wp-json\/wp\/v2\/comments?post=169"}],"version-history":[{"count":4,"href":"https:\/\/zenipress.com\/trade\/wp-json\/wp\/v2\/pages\/169\/revisions"}],"predecessor-version":[{"id":260,"href":"https:\/\/zenipress.com\/trade\/wp-json\/wp\/v2\/pages\/169\/revisions\/260"}],"wp:attachment":[{"href":"https:\/\/zenipress.com\/trade\/wp-json\/wp\/v2\/media?parent=169"}],"curies":[{"name":"wp","href":"https:\/\/api.w.org\/{rel}","templated":true}]}}