{"id":72,"date":"2022-01-21T21:53:18","date_gmt":"2022-01-21T21:53:18","guid":{"rendered":"https:\/\/summercamp.wordifysites.com\/?page_id=72"},"modified":"2024-04-22T05:01:56","modified_gmt":"2024-04-22T03:01:56","slug":"o-nas","status":"publish","type":"page","link":"https:\/\/zenipress.com\/summercamp\/o-nas\/","title":{"rendered":"O n\u00e1s"},"content":{"rendered":"<section class=\"gb-container gb-container-f230f6b8\">\n<div class=\"gb-container gb-container-c59b361b\">\n<div class=\"gb-container gb-container-6e28956b\">\n\n<h2 class=\"gb-headline gb-headline-0533aaf0 gb-headline-text\"><em>O n\u00e1s<\/em><\/h2>\n\n\n\n<h2 class=\"gb-headline gb-headline-fe31336c gb-headline-text\">Skv\u011bl\u00fd z\u00e1\u017eitek z letn\u00edho t\u00e1bora<\/h2>\n\n\n\n<p class=\"gb-headline gb-headline-d71fba1a gb-headline-text\">Integer sed tellus pretium, accumsan libero eu, cursus ante. Ut id eros metus. Sed fringilla tincidunt tortor tincidunt molestie. Curabitur ac diam vel odio consequat sollicitudin non eget neque.<\/p>\n\n\n\n<a class=\"gb-button gb-button-0f5188c5 gb-button-text\" href=\"#\">Zjist\u011bte v\u00edce<\/a>\n\n<\/div>\n\n<div class=\"gb-container gb-container-a914169b\">\n\n<h3 class=\"gb-headline gb-headline-0251ea28 gb-headline-text\">Co d\u011blat<\/h3>\n\n\n\n<h4 class=\"gb-headline gb-headline-7afa13f2\"><span class=\"gb-icon\"><svg aria-hidden=\"true\" role=\"img\" height=\"1em\" width=\"1em\" viewBox=\"0 0 512 512\" xmlns=\"http:\/\/www.w3.org\/2000\/svg\"><path fill=\"currentColor\" d=\"M256 8C119.033 8 8 119.033 8 256s111.033 248 248 248 248-111.033 248-248S392.967 8 256 8zm0 48c110.532 0 200 89.451 200 200 0 110.532-89.451 200-200 200-110.532 0-200-89.451-200-200 0-110.532 89.451-200 200-200m140.204 130.267l-22.536-22.718c-4.667-4.705-12.265-4.736-16.97-.068L215.346 303.697l-59.792-60.277c-4.667-4.705-12.265-4.736-16.97-.069l-22.719 22.536c-4.705 4.667-4.736 12.265-.068 16.971l90.781 91.516c4.667 4.705 12.265 4.736 16.97.068l172.589-171.204c4.704-4.668 4.734-12.266.067-16.971z\"><\/path><\/svg><\/span><span class=\"gb-headline-text\">Sport<\/span><\/h4>\n\n\n\n<h5 class=\"gb-headline gb-headline-6b4cbc1b\"><span class=\"gb-icon\"><svg aria-hidden=\"true\" role=\"img\" height=\"1em\" width=\"1em\" viewBox=\"0 0 512 512\" xmlns=\"http:\/\/www.w3.org\/2000\/svg\"><path fill=\"currentColor\" d=\"M256 8C119.033 8 8 119.033 8 256s111.033 248 248 248 248-111.033 248-248S392.967 8 256 8zm0 48c110.532 0 200 89.451 200 200 0 110.532-89.451 200-200 200-110.532 0-200-89.451-200-200 0-110.532 89.451-200 200-200m140.204 130.267l-22.536-22.718c-4.667-4.705-12.265-4.736-16.97-.068L215.346 303.697l-59.792-60.277c-4.667-4.705-12.265-4.736-16.97-.069l-22.719 22.536c-4.705 4.667-4.736 12.265-.068 16.971l90.781 91.516c4.667 4.705 12.265 4.736 16.97.068l172.589-171.204c4.704-4.668 4.734-12.266.067-16.971z\"><\/path><\/svg><\/span><span class=\"gb-headline-text\">Plav\u00e1n\u00ed<\/span><\/h5>\n\n\n\n<h5 class=\"gb-headline gb-headline-c3a5c086\"><span class=\"gb-icon\"><svg xmlns=\"http:\/\/www.w3.org\/2000\/svg\" viewBox=\"0 0 512 512\" width=\"1em\" height=\"1em\" aria-hidden=\"true\"><path d=\"M256 8C119.033 8 8 119.033 8 256s111.033 248 248 248 248-111.033 248-248S392.967 8 256 8zm0 48c110.532 0 200 89.451 200 200 0 110.532-89.451 200-200 200-110.532 0-200-89.451-200-200 0-110.532 89.451-200 200-200m140.204 130.267l-22.536-22.718c-4.667-4.705-12.265-4.736-16.97-.068L215.346 303.697l-59.792-60.277c-4.667-4.705-12.265-4.736-16.97-.069l-22.719 22.536c-4.705 4.667-4.736 12.265-.068 16.971l90.781 91.516c4.667 4.705 12.265 4.736 16.97.068l172.589-171.204c4.704-4.668 4.734-12.266.067-16.971z\" fill=\"currentColor\"><\/path><\/svg><\/span><span class=\"gb-headline-text\">Aktivity<\/span><\/h5>\n\n\n\n<h5 class=\"gb-headline gb-headline-704bb4e2\"><span class=\"gb-icon\"><svg xmlns=\"http:\/\/www.w3.org\/2000\/svg\" viewBox=\"0 0 512 512\" width=\"1em\" height=\"1em\" aria-hidden=\"true\"><path d=\"M256 8C119.033 8 8 119.033 8 256s111.033 248 248 248 248-111.033 248-248S392.967 8 256 8zm0 48c110.532 0 200 89.451 200 200 0 110.532-89.451 200-200 200-110.532 0-200-89.451-200-200 0-110.532 89.451-200 200-200m140.204 130.267l-22.536-22.718c-4.667-4.705-12.265-4.736-16.97-.068L215.346 303.697l-59.792-60.277c-4.667-4.705-12.265-4.736-16.97-.069l-22.719 22.536c-4.705 4.667-4.736 12.265-.068 16.971l90.781 91.516c4.667 4.705 12.265 4.736 16.97.068l172.589-171.204c4.704-4.668 4.734-12.266.067-16.971z\" fill=\"currentColor\"><\/path><\/svg><\/span><span class=\"gb-headline-text\">Um\u011bn\u00ed<\/span><\/h5>\n\n\n\n<h5 class=\"gb-headline gb-headline-127ad11e\"><span class=\"gb-icon\"><svg xmlns=\"http:\/\/www.w3.org\/2000\/svg\" viewBox=\"0 0 512 512\" width=\"1em\" height=\"1em\" aria-hidden=\"true\"><path d=\"M256 8C119.033 8 8 119.033 8 256s111.033 248 248 248 248-111.033 248-248S392.967 8 256 8zm0 48c110.532 0 200 89.451 200 200 0 110.532-89.451 200-200 200-110.532 0-200-89.451-200-200 0-110.532 89.451-200 200-200m140.204 130.267l-22.536-22.718c-4.667-4.705-12.265-4.736-16.97-.068L215.346 303.697l-59.792-60.277c-4.667-4.705-12.265-4.736-16.97-.069l-22.719 22.536c-4.705 4.667-4.736 12.265-.068 16.971l90.781 91.516c4.667 4.705 12.265 4.736 16.97.068l172.589-171.204c4.704-4.668 4.734-12.266.067-16.971z\" fill=\"currentColor\"><\/path><\/svg><\/span><span class=\"gb-headline-text\">V\u00fdlety &amp; pr\u016fzkumy<\/span><\/h5>\n\n\n\n<h5 class=\"gb-headline gb-headline-cfe7048c\"><span class=\"gb-icon\"><svg xmlns=\"http:\/\/www.w3.org\/2000\/svg\" viewBox=\"0 0 512 512\" width=\"1em\" height=\"1em\" aria-hidden=\"true\"><path d=\"M256 8C119.033 8 8 119.033 8 256s111.033 248 248 248 248-111.033 248-248S392.967 8 256 8zm0 48c110.532 0 200 89.451 200 200 0 110.532-89.451 200-200 200-110.532 0-200-89.451-200-200 0-110.532 89.451-200 200-200m140.204 130.267l-22.536-22.718c-4.667-4.705-12.265-4.736-16.97-.068L215.346 303.697l-59.792-60.277c-4.667-4.705-12.265-4.736-16.97-.069l-22.719 22.536c-4.705 4.667-4.736 12.265-.068 16.971l90.781 91.516c4.667 4.705 12.265 4.736 16.97.068l172.589-171.204c4.704-4.668 4.734-12.266.067-16.971z\" fill=\"currentColor\"><\/path><\/svg><\/span><span class=\"gb-headline-text\">Historick\u00e9 v\u00fdlety<\/span><\/h5>\n\n\n\n<h5 class=\"gb-headline gb-headline-caa04afd\"><span class=\"gb-icon\"><svg xmlns=\"http:\/\/www.w3.org\/2000\/svg\" viewBox=\"0 0 512 512\" width=\"1em\" height=\"1em\" aria-hidden=\"true\"><path d=\"M256 8C119.033 8 8 119.033 8 256s111.033 248 248 248 248-111.033 248-248S392.967 8 256 8zm0 48c110.532 0 200 89.451 200 200 0 110.532-89.451 200-200 200-110.532 0-200-89.451-200-200 0-110.532 89.451-200 200-200m140.204 130.267l-22.536-22.718c-4.667-4.705-12.265-4.736-16.97-.068L215.346 303.697l-59.792-60.277c-4.667-4.705-12.265-4.736-16.97-.069l-22.719 22.536c-4.705 4.667-4.736 12.265-.068 16.971l90.781 91.516c4.667 4.705 12.265 4.736 16.97.068l172.589-171.204c4.704-4.668 4.734-12.266.067-16.971z\" fill=\"currentColor\"><\/path><\/svg><\/span><span class=\"gb-headline-text\">No\u010dn\u00ed aktivity<\/span><\/h5>\n\n<\/div>\n<\/div>\n<\/section>\n\n<section class=\"gb-container gb-container-3f726717\">\n<div class=\"gb-container gb-container-2809f198\">\n\n<figure class=\"wp-block-image size-full is-resized\"><img decoding=\"async\" src=\"https:\/\/zenipress.com\/app\/uploads\/sites\/18\/2022\/01\/camp_in_trees.svg\" alt=\"\" class=\"wp-image-459\" style=\"width:581px;height:671px\"\/><\/figure>\n\n<\/div>\n\n<div class=\"gb-container gb-container-2e32555f\">\n\n<h2 class=\"gb-headline gb-headline-dbe22828 gb-headline-text\"><em>Z\u00e1\u017eitky<\/em><\/h2>\n\n\n\n<h2 class=\"gb-headline gb-headline-2e0f868c gb-headline-text\">Co dostanete<\/h2>\n\n\n\n<p class=\"gb-headline gb-headline-cec33a2f gb-headline-text\">Integer sed tellus pretium, accumsan libero eu, cursus ante. Ut id eros metus. Sed fringilla tincidunt tortor tincidunt molestie. Curabitur ac diam vel odio consequat sollicitudin non eget neque.<\/p>\n\n\n<div class=\"gb-container gb-container-bb341835\">\n<div class=\"gb-container gb-container-05544c7a\">\n\n<div class=\"gb-headline gb-headline-941f25c5\"><span class=\"gb-icon\"><svg xmlns=\"http:\/\/www.w3.org\/2000\/svg\" viewBox=\"0 0 512 512\" width=\"1em\" height=\"1em\" aria-hidden=\"true\"><path d=\"M173.898 439.404l-166.4-166.4c-9.997-9.997-9.997-26.206 0-36.204l36.203-36.204c9.997-9.998 26.207-9.998 36.204 0L192 312.69 432.095 72.596c9.997-9.997 26.207-9.997 36.204 0l36.203 36.204c9.997 9.997 9.997 26.206 0 36.204l-294.4 294.401c-9.998 9.997-26.207 9.997-36.204-.001z\" fill=\"currentColor\"><\/path><\/svg><\/span><\/div>\n\n<\/div>\n\n<div class=\"gb-container gb-container-e26fd549\">\n\n<h3 class=\"gb-headline gb-headline-73603335 gb-headline-text\">\u00da\u017easn\u00e9 v\u00fdlety<\/h3>\n\n\n\n<p class=\"gb-headline gb-headline-e27e1843 gb-headline-text\">Quisque pretium cursus ipsum, non consectetur metus bibendum et. Sed enim leo, placerat at suscipit eu, ultricies id nisi. Aenean vulputate eros a egestas lacinia.<\/p>\n\n<\/div>\n<\/div>\n\n<div class=\"gb-container gb-container-6944c14c\">\n<div class=\"gb-container gb-container-6128bd0d\">\n\n<div class=\"gb-headline gb-headline-a29fe4bb\"><span class=\"gb-icon\"><svg xmlns=\"http:\/\/www.w3.org\/2000\/svg\" viewBox=\"0 0 512 512\" width=\"1em\" height=\"1em\" aria-hidden=\"true\"><path d=\"M173.898 439.404l-166.4-166.4c-9.997-9.997-9.997-26.206 0-36.204l36.203-36.204c9.997-9.998 26.207-9.998 36.204 0L192 312.69 432.095 72.596c9.997-9.997 26.207-9.997 36.204 0l36.203 36.204c9.997 9.997 9.997 26.206 0 36.204l-294.4 294.401c-9.998 9.997-26.207 9.997-36.204-.001z\" fill=\"currentColor\"><\/path><\/svg><\/span><\/div>\n\n<\/div>\n\n<div class=\"gb-container gb-container-267b71c2\">\n\n<h3 class=\"gb-headline gb-headline-2e3ff4fb gb-headline-text\">Nezapomenuteln\u00e9 vzpom\u00ednky<\/h3>\n\n\n\n<p class=\"gb-headline gb-headline-313db0c2 gb-headline-text\">Quisque pretium cursus ipsum, non consectetur metus bibendum et. Sed enim leo, placerat at suscipit eu, ultricies id nisi. Aenean vulputate eros a egestas lacinia.<\/p>\n\n<\/div>\n<\/div>\n\n<div class=\"gb-container gb-container-aed460f2\">\n<div class=\"gb-container gb-container-cc7b137a\">\n\n<div class=\"gb-headline gb-headline-65f17232\"><span class=\"gb-icon\"><svg xmlns=\"http:\/\/www.w3.org\/2000\/svg\" viewBox=\"0 0 512 512\" width=\"1em\" height=\"1em\" aria-hidden=\"true\"><path d=\"M173.898 439.404l-166.4-166.4c-9.997-9.997-9.997-26.206 0-36.204l36.203-36.204c9.997-9.998 26.207-9.998 36.204 0L192 312.69 432.095 72.596c9.997-9.997 26.207-9.997 36.204 0l36.203 36.204c9.997 9.997 9.997 26.206 0 36.204l-294.4 294.401c-9.998 9.997-26.207 9.997-36.204-.001z\" fill=\"currentColor\"><\/path><\/svg><\/span><\/div>\n\n<\/div>\n\n<div class=\"gb-container gb-container-629eee46\">\n\n<h3 class=\"gb-headline gb-headline-6ef3cdd7 gb-headline-text\">Siln\u00e1 p\u0159\u00e1telstv\u00ed<\/h3>\n\n\n\n<p class=\"gb-headline gb-headline-95db06af gb-headline-text\">Quisque pretium cursus ipsum, non consectetur metus bibendum et. Sed enim leo, placerat at suscipit eu, ultricies id nisi. Aenean vulputate eros a egestas lacinia.<\/p>\n\n<\/div>\n<\/div>\n\n\n<a class=\"gb-button gb-button-d2109727 gb-button-text\" href=\"#\">Zjist\u011bte v\u00edce<\/a>\n\n<\/div>\n<\/section>\n\n<section class=\"gb-container gb-container-66df2f2b\">\n<div class=\"gb-container gb-container-bfbd2e11\">\n<div class=\"gb-container gb-container-22d4f032\">\n\n<h2 class=\"gb-headline gb-headline-d82c21da gb-headline-text\"><em>Vzd\u011bl\u00e1vac\u00ed aktivity<\/em><\/h2>\n\n\n\n<h2 class=\"gb-headline gb-headline-83932c17 gb-headline-text\">P\u0159\u00edroda \u2013 nejv\u011bt\u0161\u00ed u\u010ditel ze v\u0161ech!<\/h2>\n\n\n\n<a class=\"gb-button gb-button-d2849cab gb-button-text\" href=\"#\">Zapi\u0161 se nyn\u00ed<\/a>\n\n<\/div>\n<\/div>\n<\/section>\n\n<section class=\"gb-container gb-container-6bc330d8\">\n<div class=\"gb-container gb-container-76914327\">\n\n<h2 class=\"gb-headline gb-headline-f15ed992 gb-headline-text\"><em>V\u00fdhody<\/em><\/h2>\n\n\n\n<h2 class=\"gb-headline gb-headline-3534971a gb-headline-text\">Pro\u010d n\u00e1\u0161 t\u00e1bor<\/h2>\n\n\n\n<p class=\"gb-headline gb-headline-532b7d6b gb-headline-text\">Integer sed tellus pretium, accumsan libero eu, cursus ante. Ut id eros metus. Sed fringilla tincidunt tortor tincidunt molestie. Curabitur ac diam vel odio consequat sollicitudin non eget neque.<\/p>\n\n\n<div class=\"gb-container gb-container-ac0eb5ea\">\n\n<h3 class=\"gb-headline gb-headline-25b013a9\"><span class=\"gb-icon\"><svg viewBox=\"0 0 512 512\" xmlns=\"http:\/\/www.w3.org\/2000\/svg\"><path d=\"M437.019 74.981C388.668 26.629 324.381 0 256 0S123.332 26.629 74.981 74.981C26.629 123.332 0 187.619 0 256s26.629 132.668 74.981 181.019C123.332 485.371 187.619 512 256 512s132.668-26.629 181.019-74.981C485.371 388.668 512 324.381 512 256s-26.629-132.668-74.981-181.019zM35.721 256c0-50.596 17.158-97.255 45.945-134.486 51.332 24.432 85.031 76.963 85.031 134.486s-33.699 110.054-85.03 134.488C52.879 353.256 35.721 306.597 35.721 256zM238.14 475.553c-50.512-4.073-96.26-25.261-131.436-57.743 24.494-13.437 45.641-32.279 62.01-55.459 22.049-31.227 33.705-68.002 33.705-106.351 0-38.348-11.655-75.122-33.704-106.347-16.37-23.182-37.518-42.022-62.014-55.461 35.178-32.482 80.927-53.671 131.439-57.744v439.105zm35.72-.001V36.447c50.512 4.073 96.26 25.261 131.438 57.743-24.495 13.437-45.643 32.279-62.013 55.46-22.049 31.226-33.704 68.001-33.704 106.35 0 38.35 11.656 75.126 33.707 106.352 16.37 23.18 37.515 42.02 62.009 55.457-35.176 32.482-80.925 53.669-131.437 57.743zm156.472-85.065c-51.331-24.432-85.03-76.963-85.03-134.487 0-57.523 33.699-110.054 85.03-134.486 28.789 37.23 45.947 83.888 45.947 134.486s-17.158 97.256-45.947 134.487z\"><\/path><\/svg><\/span><span class=\"gb-headline-text\">Aktivity<\/span><\/h3>\n\n\n\n<h3 class=\"gb-headline gb-headline-7ed36bac\"><span class=\"gb-icon\"><svg viewBox=\"-351 153 256 256\" xmlns=\"http:\/\/www.w3.org\/2000\/svg\"><path d=\"M-177.6 230.2h-31.5v.3l-47.8 104.2-24.5-40.4-65 107.2h64.9l-.1.2h117.9l64.7.3-78.6-171.8zm-95.6 97.8-8.2-6.9-8.2 2.9-.4-5.8 8.7-14.5 9.4 15.8-1.3 8.5zm96.7-32.3-14.5-10.4-17.4 13.7-14.9-18.8 19.3-42.3h21.4l15.1 33.2-9 24.6zm-116.7-129.4c16.8 0 30.4 13.6 30.4 30.4s-13.6 30.4-30.4 30.4c-16.8 0-30.3-13.6-30.3-30.4s13.6-30.4 30.3-30.4z\"><\/path><\/svg><\/span><span class=\"gb-headline-text\">P\u0159\u00edroda<\/span><\/h3>\n\n\n\n<h3 class=\"gb-headline gb-headline-699b9f24\"><span class=\"gb-icon\"><svg viewBox=\"0 0 246.74 308.71\" xmlns=\"http:\/\/www.w3.org\/2000\/svg\" data-name=\"Layer 1\"><path d=\"M245.49 89 217.9 57.76a5 5 0 1 0-7.55 6.68l21.91 24.79-41.62-13.61a4.7 4.7 0 0 0-5.93 3l-6.31 19.31a33.75 33.75 0 0 1 17.68 63.56l-9.49 5 28.2 9.22a4.7 4.7 0 0 0 5.93-3l25.78-78.82a5 5 0 0 0-1.01-4.89Z\"><\/path><path d=\"M196.52 123.12a18.26 18.26 0 0 0-24.66-7.65l-47.72 25.12L61 109.76l43.62 9.82a30.6 30.6 0 0 0-29.85-25l-28.12-.2A30.59 30.59 0 0 0 15.83 125c.33 118.87.13 110.15.72 113.45a21.91 21.91 0 0 0 14.82 23.65l8.39 2.78H21.91a21.92 21.92 0 0 0 0 43.83h113.83a28.3 28.3 0 0 0 8.91-55.16l-41.34-13.73.76-48.58-49.29-43.87 61.45 30a18.22 18.22 0 0 0 16.71-.14l55.92-29.43a18.25 18.25 0 0 0 7.66-24.68Z\"><\/path><\/svg><\/span><span class=\"gb-headline-text\">U\u010den\u00ed se<\/span><\/h3>\n\n<\/div>\n\n\n<a class=\"gb-button gb-button-f8afa117 gb-button-text\" href=\"#\">Zjist\u011bte v\u00edce<\/a>\n\n<\/div>\n\n<div class=\"gb-container gb-container-96d43bb5\">\n<div class=\"wp-block-image\">\n<figure class=\"aligncenter size-full is-resized\"><img decoding=\"async\" src=\"https:\/\/zenipress.com\/app\/uploads\/sites\/18\/2022\/01\/campsite_vector.svg\" alt=\"\" class=\"wp-image-502\" style=\"width:498px;height:574px\"\/><\/figure><\/div>\n<\/div>\n<\/section>","protected":false},"excerpt":{"rendered":"<p>O n\u00e1s Skv\u011bl\u00fd z\u00e1\u017eitek z letn\u00edho t\u00e1bora Integer sed tellus pretium, accumsan libero eu, cursus ante. Ut id eros metus. &#8230; <a title=\"O n\u00e1s\" class=\"read-more\" href=\"https:\/\/zenipress.com\/summercamp\/o-nas\/\" aria-label=\"Read more about O n\u00e1s\">\u010c\u00edst v\u00edce<\/a><\/p>\n","protected":false},"author":1,"featured_media":0,"parent":0,"menu_order":0,"comment_status":"closed","ping_status":"closed","template":"","meta":{"footnotes":""},"class_list":["post-72","page","type-page","status-publish"],"_links":{"self":[{"href":"https:\/\/zenipress.com\/summercamp\/wp-json\/wp\/v2\/pages\/72","targetHints":{"allow":["GET"]}}],"collection":[{"href":"https:\/\/zenipress.com\/summercamp\/wp-json\/wp\/v2\/pages"}],"about":[{"href":"https:\/\/zenipress.com\/summercamp\/wp-json\/wp\/v2\/types\/page"}],"author":[{"embeddable":true,"href":"https:\/\/zenipress.com\/summercamp\/wp-json\/wp\/v2\/users\/1"}],"replies":[{"embeddable":true,"href":"https:\/\/zenipress.com\/summercamp\/wp-json\/wp\/v2\/comments?post=72"}],"version-history":[{"count":3,"href":"https:\/\/zenipress.com\/summercamp\/wp-json\/wp\/v2\/pages\/72\/revisions"}],"predecessor-version":[{"id":781,"href":"https:\/\/zenipress.com\/summercamp\/wp-json\/wp\/v2\/pages\/72\/revisions\/781"}],"wp:attachment":[{"href":"https:\/\/zenipress.com\/summercamp\/wp-json\/wp\/v2\/media?parent=72"}],"curies":[{"name":"wp","href":"https:\/\/api.w.org\/{rel}","templated":true}]}}