{"id":2,"date":"2021-05-30T14:08:16","date_gmt":"2021-05-30T13:08:16","guid":{"rendered":"https:\/\/summercamp.wordifysites.com\/?page_id=2"},"modified":"2024-04-22T05:03:35","modified_gmt":"2024-04-22T03:03:35","slug":"kredity","status":"publish","type":"page","link":"https:\/\/zenipress.com\/summercamp\/kredity\/","title":{"rendered":"Kredity"},"content":{"rendered":"<section class=\"gb-container gb-container-e81ad639\">\n<div class=\"gb-grid-wrapper gb-grid-wrapper-24a2d8b2\">\n<div class=\"gb-grid-column gb-grid-column-78fbc456\"><div class=\"gb-container gb-container-78fbc456\">\n\n<figure class=\"gb-block-image gb-block-image-77af925a\"><img loading=\"lazy\" decoding=\"async\" width=\"1024\" height=\"683\" class=\"gb-image gb-image-77af925a\" src=\"https:\/\/gpsites.co\/summer-camp\/wp-content\/uploads\/sites\/112\/2022\/02\/joel-mott-dQBkIZzyM-4-unsplash-1024x683.jpg\" alt=\"\" title=\"joel-mott-dQBkIZzyM-4-unsplash\" srcset=\"https:\/\/zenipress.com\/app\/uploads\/sites\/18\/2022\/02\/joel-mott-dQBkIZzyM-4-unsplash-1024x683.jpg 1024w, https:\/\/zenipress.com\/app\/uploads\/sites\/18\/2022\/02\/joel-mott-dQBkIZzyM-4-unsplash-300x200.jpg 300w, https:\/\/zenipress.com\/app\/uploads\/sites\/18\/2022\/02\/joel-mott-dQBkIZzyM-4-unsplash-768x512.jpg 768w, https:\/\/zenipress.com\/app\/uploads\/sites\/18\/2022\/02\/joel-mott-dQBkIZzyM-4-unsplash-1536x1024.jpg 1536w, https:\/\/zenipress.com\/app\/uploads\/sites\/18\/2022\/02\/joel-mott-dQBkIZzyM-4-unsplash.jpg 1920w\" sizes=\"auto, (max-width: 1024px) 100vw, 1024px\" \/>\n<figcaption class=\"gb-headline gb-headline-c45463b0 gb-headline-text\">Obr\u00e1zek od <a href=\"https:\/\/unsplash.com\/@joelmott?utm_source=unsplash&amp;utm_medium=referral&amp;utm_content=creditCopyText\" target=\"_blank\" rel=\"noreferrer noopener\">Joel Mott<\/a> na <a href=\"https:\/\/unsplash.com\/?utm_source=unsplash&amp;utm_medium=referral&amp;utm_content=creditCopyText\" target=\"_blank\" rel=\"noreferrer noopener\">Unsplash<\/a><\/figcaption>\n<\/figure>\n\n<\/div><\/div>\n\n<div class=\"gb-grid-column gb-grid-column-af570891\"><div class=\"gb-container gb-container-af570891\">\n\n<figure class=\"gb-block-image gb-block-image-ca4c6d18\"><img loading=\"lazy\" decoding=\"async\" width=\"1024\" height=\"683\" class=\"gb-image gb-image-ca4c6d18\" src=\"https:\/\/gpsites.co\/summer-camp\/wp-content\/uploads\/sites\/112\/2022\/01\/scott-goodwill-y8Ngwq34_Ak-unsplash-1024x683.jpg\" alt=\"\" title=\"scott-goodwill-y8Ngwq34_Ak-unsplash\" srcset=\"https:\/\/zenipress.com\/app\/uploads\/sites\/18\/2022\/01\/scott-goodwill-y8Ngwq34_Ak-unsplash-1024x683.jpg 1024w, https:\/\/zenipress.com\/app\/uploads\/sites\/18\/2022\/01\/scott-goodwill-y8Ngwq34_Ak-unsplash-300x200.jpg 300w, https:\/\/zenipress.com\/app\/uploads\/sites\/18\/2022\/01\/scott-goodwill-y8Ngwq34_Ak-unsplash-768x512.jpg 768w, https:\/\/zenipress.com\/app\/uploads\/sites\/18\/2022\/01\/scott-goodwill-y8Ngwq34_Ak-unsplash-1536x1024.jpg 1536w, https:\/\/zenipress.com\/app\/uploads\/sites\/18\/2022\/01\/scott-goodwill-y8Ngwq34_Ak-unsplash.jpg 1920w\" sizes=\"auto, (max-width: 1024px) 100vw, 1024px\" \/>\n<figcaption class=\"gb-headline gb-headline-62d80482 gb-headline-text\">Obr\u00e1zek od <a href=\"https:\/\/unsplash.com\/@scottagoodwill?utm_source=unsplash&amp;utm_medium=referral&amp;utm_content=creditCopyText\" target=\"_blank\" rel=\"noreferrer noopener\">Scott Goodwill<\/a> na <a href=\"https:\/\/unsplash.com\/?utm_source=unsplash&amp;utm_medium=referral&amp;utm_content=creditCopyText\" target=\"_blank\" rel=\"noreferrer noopener\">Unsplash<\/a><\/figcaption>\n<\/figure>\n\n<\/div><\/div>\n\n<div class=\"gb-grid-column gb-grid-column-921eded0\"><div class=\"gb-container gb-container-921eded0\">\n\n<figure class=\"gb-block-image gb-block-image-205efe40\"><img loading=\"lazy\" decoding=\"async\" width=\"1024\" height=\"683\" class=\"gb-image gb-image-205efe40\" src=\"https:\/\/gpsites.co\/summer-camp\/wp-content\/uploads\/sites\/112\/2022\/01\/artem-kniaz-DqgMHzeio7g-unsplash-1024x683.jpg\" alt=\"\" title=\"artem-kniaz-DqgMHzeio7g-unsplash\" srcset=\"https:\/\/zenipress.com\/app\/uploads\/sites\/18\/2022\/01\/artem-kniaz-DqgMHzeio7g-unsplash-1024x683.jpg 1024w, https:\/\/zenipress.com\/app\/uploads\/sites\/18\/2022\/01\/artem-kniaz-DqgMHzeio7g-unsplash-300x200.jpg 300w, https:\/\/zenipress.com\/app\/uploads\/sites\/18\/2022\/01\/artem-kniaz-DqgMHzeio7g-unsplash-768x512.jpg 768w, https:\/\/zenipress.com\/app\/uploads\/sites\/18\/2022\/01\/artem-kniaz-DqgMHzeio7g-unsplash-1536x1024.jpg 1536w, https:\/\/zenipress.com\/app\/uploads\/sites\/18\/2022\/01\/artem-kniaz-DqgMHzeio7g-unsplash.jpg 1920w\" sizes=\"auto, (max-width: 1024px) 100vw, 1024px\" \/>\n<figcaption class=\"gb-headline gb-headline-50e759f5 gb-headline-text\">Obr\u00e1zek od <a href=\"https:\/\/unsplash.com\/@artem_kniaz?utm_source=unsplash&amp;utm_medium=referral&amp;utm_content=creditCopyText\" target=\"_blank\" rel=\"noreferrer noopener\">Artem Kniaz<\/a> na <a href=\"https:\/\/unsplash.com\/?utm_source=unsplash&amp;utm_medium=referral&amp;utm_content=creditCopyText\" target=\"_blank\" rel=\"noreferrer noopener\">Unsplash<\/a><\/figcaption>\n<\/figure>\n\n<\/div><\/div>\n\n<div class=\"gb-grid-column gb-grid-column-08fd1609\"><div class=\"gb-container gb-container-08fd1609\">\n\n<figure class=\"gb-block-image gb-block-image-99c9f31b\"><img loading=\"lazy\" decoding=\"async\" width=\"1024\" height=\"683\" class=\"gb-image gb-image-99c9f31b\" src=\"https:\/\/gpsites.co\/summer-camp\/wp-content\/uploads\/sites\/112\/2022\/01\/robby-mccullough-DtzJFYnFPJ8-unsplash-1024x683.jpg\" alt=\"\" title=\"robby-mccullough-DtzJFYnFPJ8-unsplash\" srcset=\"https:\/\/zenipress.com\/app\/uploads\/sites\/18\/2022\/01\/robby-mccullough-DtzJFYnFPJ8-unsplash-1024x683.jpg 1024w, https:\/\/zenipress.com\/app\/uploads\/sites\/18\/2022\/01\/robby-mccullough-DtzJFYnFPJ8-unsplash-300x200.jpg 300w, https:\/\/zenipress.com\/app\/uploads\/sites\/18\/2022\/01\/robby-mccullough-DtzJFYnFPJ8-unsplash-768x512.jpg 768w, https:\/\/zenipress.com\/app\/uploads\/sites\/18\/2022\/01\/robby-mccullough-DtzJFYnFPJ8-unsplash-1536x1024.jpg 1536w, https:\/\/zenipress.com\/app\/uploads\/sites\/18\/2022\/01\/robby-mccullough-DtzJFYnFPJ8-unsplash.jpg 1920w\" sizes=\"auto, (max-width: 1024px) 100vw, 1024px\" \/>\n<figcaption class=\"gb-headline gb-headline-8295cc65 gb-headline-text\">Obr\u00e1zek od <a href=\"https:\/\/unsplash.com\/@mybbor?utm_source=unsplash&amp;utm_medium=referral&amp;utm_content=creditCopyText\" target=\"_blank\" rel=\"noreferrer noopener\">Robby McCullough<\/a> na <a href=\"https:\/\/unsplash.com\/?utm_source=unsplash&amp;utm_medium=referral&amp;utm_content=creditCopyText\" target=\"_blank\" rel=\"noreferrer noopener\">Unsplash<\/a><\/figcaption>\n<\/figure>\n\n<\/div><\/div>\n\n<div class=\"gb-grid-column gb-grid-column-3754066c\"><div class=\"gb-container gb-container-3754066c\">\n\n<figure class=\"gb-block-image gb-block-image-ae4dc97a\"><img loading=\"lazy\" decoding=\"async\" width=\"1024\" height=\"683\" class=\"gb-image gb-image-ae4dc97a\" src=\"https:\/\/gpsites.co\/summer-camp\/wp-content\/uploads\/sites\/112\/2022\/01\/melissa-askew-a1n1yPxHoIM-unsplash-1024x683.jpg\" alt=\"\" title=\"melissa-askew-a1n1yPxHoIM-unsplash\" srcset=\"https:\/\/zenipress.com\/app\/uploads\/sites\/18\/2022\/01\/melissa-askew-a1n1yPxHoIM-unsplash-1024x683.jpg 1024w, https:\/\/zenipress.com\/app\/uploads\/sites\/18\/2022\/01\/melissa-askew-a1n1yPxHoIM-unsplash-300x200.jpg 300w, https:\/\/zenipress.com\/app\/uploads\/sites\/18\/2022\/01\/melissa-askew-a1n1yPxHoIM-unsplash-768x512.jpg 768w, https:\/\/zenipress.com\/app\/uploads\/sites\/18\/2022\/01\/melissa-askew-a1n1yPxHoIM-unsplash-1536x1024.jpg 1536w, https:\/\/zenipress.com\/app\/uploads\/sites\/18\/2022\/01\/melissa-askew-a1n1yPxHoIM-unsplash.jpg 1920w\" sizes=\"auto, (max-width: 1024px) 100vw, 1024px\" \/>\n<figcaption class=\"gb-headline gb-headline-dce81aa4 gb-headline-text\">Obr\u00e1zek od <a href=\"https:\/\/unsplash.com\/@melissaaskew?utm_source=unsplash&amp;utm_medium=referral&amp;utm_content=creditCopyText\" target=\"_blank\" rel=\"noreferrer noopener\">Melissa Askew<\/a> na <a href=\"https:\/\/unsplash.com\/?utm_source=unsplash&amp;utm_medium=referral&amp;utm_content=creditCopyText\" target=\"_blank\" rel=\"noreferrer noopener\">Unsplash<\/a><\/figcaption>\n<\/figure>\n\n<\/div><\/div>\n\n<div class=\"gb-grid-column gb-grid-column-f6cf2a97\"><div class=\"gb-container gb-container-f6cf2a97\">\n\n<figure class=\"gb-block-image gb-block-image-867b7ee7\"><img loading=\"lazy\" decoding=\"async\" width=\"1024\" height=\"683\" class=\"gb-image gb-image-867b7ee7\" src=\"https:\/\/gpsites.co\/summer-camp\/wp-content\/uploads\/sites\/112\/2022\/01\/kyle-smith-XMGaBN4fM58-unsplash-1024x683.jpg\" alt=\"\" title=\"kyle-smith-XMGaBN4fM58-unsplash\" srcset=\"https:\/\/zenipress.com\/app\/uploads\/sites\/18\/2022\/01\/kyle-smith-XMGaBN4fM58-unsplash-1024x683.jpg 1024w, https:\/\/zenipress.com\/app\/uploads\/sites\/18\/2022\/01\/kyle-smith-XMGaBN4fM58-unsplash-300x200.jpg 300w, https:\/\/zenipress.com\/app\/uploads\/sites\/18\/2022\/01\/kyle-smith-XMGaBN4fM58-unsplash-768x512.jpg 768w, https:\/\/zenipress.com\/app\/uploads\/sites\/18\/2022\/01\/kyle-smith-XMGaBN4fM58-unsplash-1536x1024.jpg 1536w, https:\/\/zenipress.com\/app\/uploads\/sites\/18\/2022\/01\/kyle-smith-XMGaBN4fM58-unsplash.jpg 1920w\" sizes=\"auto, (max-width: 1024px) 100vw, 1024px\" \/>\n<figcaption class=\"gb-headline gb-headline-5850ab2c gb-headline-text\">Obr\u00e1zek od <a href=\"https:\/\/unsplash.com\/@kymasm?utm_source=unsplash&amp;utm_medium=referral&amp;utm_content=creditCopyText\" target=\"_blank\" rel=\"noreferrer noopener\">Kyle Smith<\/a> na <a href=\"https:\/\/unsplash.com\/?utm_source=unsplash&amp;utm_medium=referral&amp;utm_content=creditCopyText\" target=\"_blank\" rel=\"noreferrer noopener\">Unsplash<\/a><\/figcaption>\n<\/figure>\n\n<\/div><\/div>\n\n<div class=\"gb-grid-column gb-grid-column-e31f64bc\"><div class=\"gb-container gb-container-e31f64bc\">\n\n<figure class=\"gb-block-image gb-block-image-b698a55f\"><img loading=\"lazy\" decoding=\"async\" width=\"1024\" height=\"683\" class=\"gb-image gb-image-b698a55f\" src=\"https:\/\/gpsites.co\/summer-camp\/wp-content\/uploads\/sites\/112\/2022\/01\/sean-oulashin-KMn4VEeEPR8-unsplash-1024x683.jpg\" alt=\"\" title=\"sean-oulashin-KMn4VEeEPR8-unsplash\" srcset=\"https:\/\/zenipress.com\/app\/uploads\/sites\/18\/2022\/01\/sean-oulashin-KMn4VEeEPR8-unsplash-1024x683.jpg 1024w, https:\/\/zenipress.com\/app\/uploads\/sites\/18\/2022\/01\/sean-oulashin-KMn4VEeEPR8-unsplash-300x200.jpg 300w, https:\/\/zenipress.com\/app\/uploads\/sites\/18\/2022\/01\/sean-oulashin-KMn4VEeEPR8-unsplash-768x512.jpg 768w, https:\/\/zenipress.com\/app\/uploads\/sites\/18\/2022\/01\/sean-oulashin-KMn4VEeEPR8-unsplash-1536x1024.jpg 1536w, https:\/\/zenipress.com\/app\/uploads\/sites\/18\/2022\/01\/sean-oulashin-KMn4VEeEPR8-unsplash.jpg 1920w\" sizes=\"auto, (max-width: 1024px) 100vw, 1024px\" \/>\n<figcaption class=\"gb-headline gb-headline-81d9835d gb-headline-text\">Obr\u00e1zek od <a href=\"https:\/\/unsplash.com\/@oulashin?utm_source=unsplash&amp;utm_medium=referral&amp;utm_content=creditCopyText\" target=\"_blank\" rel=\"noreferrer noopener\">Sean Oulashin<\/a> na <a href=\"https:\/\/unsplash.com\/?utm_source=unsplash&amp;utm_medium=referral&amp;utm_content=creditCopyText\" target=\"_blank\" rel=\"noreferrer noopener\">Unsplash<\/a><\/figcaption>\n<\/figure>\n\n<\/div><\/div>\n\n<div class=\"gb-grid-column gb-grid-column-06dca0e1\"><div class=\"gb-container gb-container-06dca0e1\">\n\n<figure class=\"gb-block-image gb-block-image-7b3e1f76\"><img loading=\"lazy\" decoding=\"async\" width=\"1024\" height=\"683\" class=\"gb-image gb-image-7b3e1f76\" src=\"https:\/\/gpsites.co\/summer-camp\/wp-content\/uploads\/sites\/112\/2022\/01\/anna-samoylova-w55SpMmoPgE-unsplash-1024x683.jpg\" alt=\"\" title=\"anna-samoylova-w55SpMmoPgE-unsplash\" srcset=\"https:\/\/zenipress.com\/app\/uploads\/sites\/18\/2022\/01\/anna-samoylova-w55SpMmoPgE-unsplash-1024x683.jpg 1024w, https:\/\/zenipress.com\/app\/uploads\/sites\/18\/2022\/01\/anna-samoylova-w55SpMmoPgE-unsplash-300x200.jpg 300w, https:\/\/zenipress.com\/app\/uploads\/sites\/18\/2022\/01\/anna-samoylova-w55SpMmoPgE-unsplash-768x512.jpg 768w, https:\/\/zenipress.com\/app\/uploads\/sites\/18\/2022\/01\/anna-samoylova-w55SpMmoPgE-unsplash-1536x1024.jpg 1536w, https:\/\/zenipress.com\/app\/uploads\/sites\/18\/2022\/01\/anna-samoylova-w55SpMmoPgE-unsplash.jpg 1920w\" sizes=\"auto, (max-width: 1024px) 100vw, 1024px\" \/>\n<figcaption class=\"gb-headline gb-headline-a30a946c gb-headline-text\">Obr\u00e1zek od <a href=\"https:\/\/unsplash.com\/@hagalnaud?utm_source=unsplash&amp;utm_medium=referral&amp;utm_content=creditCopyText\" target=\"_blank\" rel=\"noreferrer noopener\">Anna Samoylova<\/a> na <a href=\"https:\/\/unsplash.com\/?utm_source=unsplash&amp;utm_medium=referral&amp;utm_content=creditCopyText\" target=\"_blank\" rel=\"noreferrer noopener\">Unsplash<\/a><\/figcaption>\n<\/figure>\n\n<\/div><\/div>\n\n<div class=\"gb-grid-column gb-grid-column-3f7328bd\"><div class=\"gb-container gb-container-3f7328bd\">\n\n<figure class=\"gb-block-image gb-block-image-0eccb460\"><img loading=\"lazy\" decoding=\"async\" width=\"1024\" height=\"683\" class=\"gb-image gb-image-0eccb460\" src=\"https:\/\/gpsites.co\/summer-camp\/wp-content\/uploads\/sites\/112\/2022\/01\/paula-corberan-S_JoUrdo1V4-unsplash_1-1024x683.jpg\" alt=\"\" title=\"paula-corberan-S_JoUrdo1V4-unsplash_1\" srcset=\"https:\/\/zenipress.com\/app\/uploads\/sites\/18\/2022\/01\/paula-corberan-S_JoUrdo1V4-unsplash_1-1024x683.jpg 1024w, https:\/\/zenipress.com\/app\/uploads\/sites\/18\/2022\/01\/paula-corberan-S_JoUrdo1V4-unsplash_1-300x200.jpg 300w, https:\/\/zenipress.com\/app\/uploads\/sites\/18\/2022\/01\/paula-corberan-S_JoUrdo1V4-unsplash_1-768x512.jpg 768w, https:\/\/zenipress.com\/app\/uploads\/sites\/18\/2022\/01\/paula-corberan-S_JoUrdo1V4-unsplash_1-1536x1024.jpg 1536w, https:\/\/zenipress.com\/app\/uploads\/sites\/18\/2022\/01\/paula-corberan-S_JoUrdo1V4-unsplash_1.jpg 1920w\" sizes=\"auto, (max-width: 1024px) 100vw, 1024px\" \/>\n<figcaption class=\"gb-headline gb-headline-cf22cd1e gb-headline-text\">Obr\u00e1zek od <a href=\"https:\/\/unsplash.com\/@paula_1538_?utm_source=unsplash&amp;utm_medium=referral&amp;utm_content=creditCopyText\">Paula Corberan<\/a> na <a href=\"https:\/\/unsplash.com\/?utm_source=unsplash&amp;utm_medium=referral&amp;utm_content=creditCopyText\">Unsplash<\/a><\/figcaption>\n<\/figure>\n\n<\/div><\/div>\n\n<div class=\"gb-grid-column gb-grid-column-97a05bcd\"><div class=\"gb-container gb-container-97a05bcd\">\n\n<figure class=\"gb-block-image gb-block-image-73868d6a\"><img decoding=\"async\" class=\"gb-image gb-image-73868d6a\" src=\"https:\/\/zenipress.com\/app\/uploads\/sites\/18\/2022\/01\/camp_in_trees.svg\" alt=\"\" title=\"camp_in_trees\"\/>\n<figcaption class=\"gb-headline gb-headline-1db0999a gb-headline-text\"> <a href=\"https:\/\/www.freepik.com\/vectors\/background\" target=\"_blank\" rel=\"noreferrer noopener\">Vektor pozad\u00ed vytvo\u0159en\u00fd freepik &#8211; www.freepik.com<\/a> <\/figcaption>\n<\/figure>\n\n<\/div><\/div>\n<\/div>\n<\/section>","protected":false},"excerpt":{"rendered":"","protected":false},"author":1,"featured_media":0,"parent":0,"menu_order":0,"comment_status":"closed","ping_status":"closed","template":"","meta":{"footnotes":""},"class_list":["post-2","page","type-page","status-publish"],"_links":{"self":[{"href":"https:\/\/zenipress.com\/summercamp\/wp-json\/wp\/v2\/pages\/2","targetHints":{"allow":["GET"]}}],"collection":[{"href":"https:\/\/zenipress.com\/summercamp\/wp-json\/wp\/v2\/pages"}],"about":[{"href":"https:\/\/zenipress.com\/summercamp\/wp-json\/wp\/v2\/types\/page"}],"author":[{"embeddable":true,"href":"https:\/\/zenipress.com\/summercamp\/wp-json\/wp\/v2\/users\/1"}],"replies":[{"embeddable":true,"href":"https:\/\/zenipress.com\/summercamp\/wp-json\/wp\/v2\/comments?post=2"}],"version-history":[{"count":3,"href":"https:\/\/zenipress.com\/summercamp\/wp-json\/wp\/v2\/pages\/2\/revisions"}],"predecessor-version":[{"id":784,"href":"https:\/\/zenipress.com\/summercamp\/wp-json\/wp\/v2\/pages\/2\/revisions\/784"}],"wp:attachment":[{"href":"https:\/\/zenipress.com\/summercamp\/wp-json\/wp\/v2\/media?parent=2"}],"curies":[{"name":"wp","href":"https:\/\/api.w.org\/{rel}","templated":true}]}}