{"id":402,"date":"2024-02-16T01:03:48","date_gmt":"2024-02-16T01:03:48","guid":{"rendered":"https:\/\/gpsites.co\/solar\/?page_id=402"},"modified":"2024-04-10T14:41:14","modified_gmt":"2024-04-10T14:41:14","slug":"sluzby","status":"publish","type":"page","link":"https:\/\/zenipress.com\/solar\/sluzby\/","title":{"rendered":"Slu\u017eby"},"content":{"rendered":"<div class=\"gb-container gb-container-f75655ba\">\n<div class=\"gb-container gb-container-558ee340\">\n<div class=\"gb-container gb-container-3165593a\">\n\n<h3 class=\"gb-headline gb-headline-bff72dec gb-headline-text\"><strong>Produkty a slu\u017eby<\/strong><\/h3>\n\n\n\n<h2 class=\"gb-headline gb-headline-42020178 gb-headline-text\">Prozkoumejte na\u0161e vysoce kvalitn\u00ed produkty a slu\u017eby<\/h2>\n\n\n\n<p class=\"gb-headline gb-headline-2e0cf62a gb-headline-text\">A\u0165 u\u017e jste majitel domu nebo firmy, m\u00e1me pro v\u00e1s ta spr\u00e1vn\u00e1 sol\u00e1rn\u00ed \u0159e\u0161en\u00ed.<\/p>\n\n\n<div class=\"gb-grid-wrapper gb-grid-wrapper-2bf5ddb7\">\n<div class=\"gb-grid-column gb-grid-column-a4b5cd2e\"><div class=\"gb-container gb-container-a4b5cd2e\">\n\n<h5 class=\"gb-headline gb-headline-b8d93b26\"><span class=\"gb-icon\"><svg viewBox=\"0 0 576 512\" xmlns=\"http:\/\/www.w3.org\/2000\/svg\"><path d=\"M96 0C78.3 0 64 14.3 64 32v96h64V32c0-17.7-14.3-32-32-32zM288 0c-17.7 0-32 14.3-32 32v96h64V32c0-17.7-14.3-32-32-32zM32 160c-17.7 0-32 14.3-32 32s14.3 32 32 32v32c0 77.4 55 142 128 156.8V480c0 17.7 14.3 32 32 32s32-14.3 32-32V412.8c12.3-2.5 24.1-6.4 35.1-11.5c-2.1-10.8-3.1-21.9-3.1-33.3c0-80.3 53.8-148 127.3-169.2c.5-2.2 .7-4.5 .7-6.8c0-17.7-14.3-32-32-32H32zM432 512a144 144 0 1 0 0-288 144 144 0 1 0 0 288zm47.9-225c4.3 3.7 5.4 9.9 2.6 14.9L452.4 356H488c5.2 0 9.8 3.3 11.4 8.2s-.1 10.3-4.2 13.4l-96 72c-4.5 3.4-10.8 3.2-15.1-.6s-5.4-9.9-2.6-14.9L411.6 380H376c-5.2 0-9.8-3.3-11.4-8.2s.1-10.3 4.2-13.4l96-72c4.5-3.4 10.8-3.2 15.1 .6z\"><\/path><\/svg><\/span><span class=\"gb-headline-text\">SOL\u00c1RN\u00cd M\u0158\u00cd\u017dKA<\/span><\/h5>\n\n\n\n<p class=\"gb-headline gb-headline-940b6b59 gb-headline-text\">Vivamus integer non suscipit taciti mus etiam primis tempor sagittis euismod libero facilisi.<\/p>\n\n\n<div class=\"gb-container gb-container-d6dccb69\">\n\n<a class=\"gb-button gb-button-3898b100\" href=\"#\"><span class=\"gb-button-text\"><strong>Zjist\u011bte v\u00edce<\/strong><\/span><span class=\"gb-icon\"><svg aria-hidden=\"true\" role=\"img\" height=\"1em\" width=\"1em\" viewBox=\"0 0 256 512\" xmlns=\"http:\/\/www.w3.org\/2000\/svg\"><path fill=\"currentColor\" d=\"M224.3 273l-136 136c-9.4 9.4-24.6 9.4-33.9 0l-22.6-22.6c-9.4-9.4-9.4-24.6 0-33.9l96.4-96.4-96.4-96.4c-9.4-9.4-9.4-24.6 0-33.9L54.3 103c9.4-9.4 24.6-9.4 33.9 0l136 136c9.5 9.4 9.5 24.6.1 34z\"><\/path><\/svg><\/span><\/a>\n\n<\/div>\n<\/div><\/div>\n\n<div class=\"gb-grid-column gb-grid-column-2189687a\"><div class=\"gb-container gb-container-2189687a\">\n\n<h5 class=\"gb-headline gb-headline-bce23a6e\"><span class=\"gb-icon\"><svg viewBox=\"0 0 576 512\" xmlns=\"http:\/\/www.w3.org\/2000\/svg\"><path d=\"M64 32C46.3 32 32 46.3 32 64V304v48 80c0 26.5 21.5 48 48 48H496c26.5 0 48-21.5 48-48V304 152.2c0-18.2-19.4-29.7-35.4-21.1L352 215.4V152.2c0-18.2-19.4-29.7-35.4-21.1L160 215.4V64c0-17.7-14.3-32-32-32H64z\"><\/path><\/svg><\/span><span class=\"gb-headline-text\">PR\u016eMYSLOV\u00c1 SOL\u00c1RN\u00cd<\/span><\/h5>\n\n\n\n<p class=\"gb-headline gb-headline-aae6e5f1 gb-headline-text\">Vivamus integer non suscipit taciti mus etiam primis tempor sagittis euismod libero facilisi.<\/p>\n\n\n<div class=\"gb-container gb-container-ad1e0dab\">\n\n<a class=\"gb-button gb-button-bcafc19d\" href=\"#\"><span class=\"gb-button-text\"><strong>Zjist\u011bte v\u00edce<\/strong><\/span><span class=\"gb-icon\"><svg aria-hidden=\"true\" role=\"img\" height=\"1em\" width=\"1em\" viewBox=\"0 0 256 512\" xmlns=\"http:\/\/www.w3.org\/2000\/svg\"><path fill=\"currentColor\" d=\"M224.3 273l-136 136c-9.4 9.4-24.6 9.4-33.9 0l-22.6-22.6c-9.4-9.4-9.4-24.6 0-33.9l96.4-96.4-96.4-96.4c-9.4-9.4-9.4-24.6 0-33.9L54.3 103c9.4-9.4 24.6-9.4 33.9 0l136 136c9.5 9.4 9.5 24.6.1 34z\"><\/path><\/svg><\/span><\/a>\n\n<\/div>\n<\/div><\/div>\n\n<div class=\"gb-grid-column gb-grid-column-6a373d73\"><div class=\"gb-container gb-container-6a373d73\">\n\n<h5 class=\"gb-headline gb-headline-3f40e469\"><span class=\"gb-icon\"><svg viewBox=\"0 0 512 512\" xmlns=\"http:\/\/www.w3.org\/2000\/svg\"><path d=\"M272 96c-78.6 0-145.1 51.5-167.7 122.5c33.6-17 71.5-26.5 111.7-26.5h88c8.8 0 16 7.2 16 16s-7.2 16-16 16H288 216s0 0 0 0c-16.6 0-32.7 1.9-48.3 5.4c-25.9 5.9-49.9 16.4-71.4 30.7c0 0 0 0 0 0C38.3 298.8 0 364.9 0 440v16c0 13.3 10.7 24 24 24s24-10.7 24-24V440c0-48.7 20.7-92.5 53.8-123.2C121.6 392.3 190.3 448 272 448l1 0c132.1-.7 239-130.9 239-291.4c0-42.6-7.5-83.1-21.1-119.6c-2.6-6.9-12.7-6.6-16.2-.1C455.9 72.1 418.7 96 376 96L272 96z\"><\/path><\/svg><\/span><span class=\"gb-headline-text\">SOL\u00c1RN\u00cd PRO komunitu<\/span><\/h5>\n\n\n\n<p class=\"gb-headline gb-headline-719920b5 gb-headline-text\">Vivamus integer non suscipit taciti mus etiam primis tempor sagittis euismod libero facilisi.<\/p>\n\n\n<div class=\"gb-container gb-container-7ffb97e8\">\n\n<a class=\"gb-button gb-button-3ecddb80\" href=\"#\"><span class=\"gb-button-text\"><strong>Zjist\u011bte v\u00edce<\/strong><\/span><span class=\"gb-icon\"><svg aria-hidden=\"true\" role=\"img\" height=\"1em\" width=\"1em\" viewBox=\"0 0 256 512\" xmlns=\"http:\/\/www.w3.org\/2000\/svg\"><path fill=\"currentColor\" d=\"M224.3 273l-136 136c-9.4 9.4-24.6 9.4-33.9 0l-22.6-22.6c-9.4-9.4-9.4-24.6 0-33.9l96.4-96.4-96.4-96.4c-9.4-9.4-9.4-24.6 0-33.9L54.3 103c9.4-9.4 24.6-9.4 33.9 0l136 136c9.5 9.4 9.5 24.6.1 34z\"><\/path><\/svg><\/span><\/a>\n\n<\/div>\n<\/div><\/div>\n\n<div class=\"gb-grid-column gb-grid-column-da1e1a18\"><div class=\"gb-container gb-container-da1e1a18\">\n\n<h5 class=\"gb-headline gb-headline-fb10956b\"><span class=\"gb-icon\"><svg viewBox=\"0 0 640 512\" xmlns=\"http:\/\/www.w3.org\/2000\/svg\"><path d=\"M122.2 0C91.7 0 65.5 21.5 59.5 51.4L8.3 307.4C.4 347 30.6 384 71 384H288v64H224c-17.7 0-32 14.3-32 32s14.3 32 32 32H416c17.7 0 32-14.3 32-32s-14.3-32-32-32H352V384H569c40.4 0 70.7-36.9 62.8-76.6l-51.2-256C574.5 21.5 548.3 0 517.8 0H122.2zM260.9 64H379.1l10.4 104h-139L260.9 64zM202.3 168H101.4L122.2 64h90.4L202.3 168zM91.8 216H197.5L187.1 320H71L91.8 216zm153.9 0H394.3l10.4 104-169.4 0 10.4-104zm196.8 0H548.2L569 320h-116L442.5 216zm96-48H437.7L427.3 64h90.4l31.4-6.3L517.8 64l20.8 104z\"><\/path><\/svg><\/span><span class=\"gb-headline-text\">OFF GRID SOL\u00c1RN\u00cd<\/span><\/h5>\n\n\n\n<p class=\"gb-headline gb-headline-36f25d91 gb-headline-text\">Vivamus integer non suscipit taciti mus etiam primis tempor sagittis euismod libero facilisi.<\/p>\n\n\n<div class=\"gb-container gb-container-5158367c\">\n\n<a class=\"gb-button gb-button-24b6fa85\" href=\"#\"><span class=\"gb-button-text\"><strong>Zjist\u011bte v\u00edce<\/strong><\/span><span class=\"gb-icon\"><svg aria-hidden=\"true\" role=\"img\" height=\"1em\" width=\"1em\" viewBox=\"0 0 256 512\" xmlns=\"http:\/\/www.w3.org\/2000\/svg\"><path fill=\"currentColor\" d=\"M224.3 273l-136 136c-9.4 9.4-24.6 9.4-33.9 0l-22.6-22.6c-9.4-9.4-9.4-24.6 0-33.9l96.4-96.4-96.4-96.4c-9.4-9.4-9.4-24.6 0-33.9L54.3 103c9.4-9.4 24.6-9.4 33.9 0l136 136c9.5 9.4 9.5 24.6.1 34z\"><\/path><\/svg><\/span><\/a>\n\n<\/div>\n<\/div><\/div>\n\n<div class=\"gb-grid-column gb-grid-column-71b0d441\"><div class=\"gb-container gb-container-71b0d441\">\n\n<h5 class=\"gb-headline gb-headline-97b0cf53\"><span class=\"gb-icon\"><svg viewBox=\"0 0 640 512\" xmlns=\"http:\/\/www.w3.org\/2000\/svg\"><path d=\"M96 64c0-35.3 28.7-64 64-64H266.3c26.2 0 49.7 15.9 59.4 40.2L373.7 160H480V126.2c0-24.8 5.8-49.3 16.9-71.6l2.5-5c7.9-15.8 27.1-22.2 42.9-14.3s22.2 27.1 14.3 42.9l-2.5 5c-6.7 13.3-10.1 28-10.1 42.9V160h56c22.1 0 40 17.9 40 40v45.4c0 16.5-8.5 31.9-22.6 40.7l-43.3 27.1c-14.2-5.9-29.8-9.2-46.1-9.2c-39.3 0-74.1 18.9-96 48H352c0 17.7-14.3 32-32 32h-8.2c-1.7 4.8-3.7 9.5-5.8 14.1l5.8 5.8c12.5 12.5 12.5 32.8 0 45.3l-22.6 22.6c-12.5 12.5-32.8 12.5-45.3 0l-5.8-5.8c-4.6 2.2-9.3 4.1-14.1 5.8V480c0 17.7-14.3 32-32 32H160c-17.7 0-32-14.3-32-32v-8.2c-4.8-1.7-9.5-3.7-14.1-5.8l-5.8 5.8c-12.5 12.5-32.8 12.5-45.3 0L40.2 449.1c-12.5-12.5-12.5-32.8 0-45.3l5.8-5.8c-2.2-4.6-4.1-9.3-5.8-14.1H32c-17.7 0-32-14.3-32-32V320c0-17.7 14.3-32 32-32h8.2c1.7-4.8 3.7-9.5 5.8-14.1l-5.8-5.8c-12.5-12.5-12.5-32.8 0-45.3l22.6-22.6c9-9 21.9-11.5 33.1-7.6V192 160 64zm170.3 0H160v96h32H304.7L266.3 64zM176 256a80 80 0 1 0 0 160 80 80 0 1 0 0-160zM528 448a24 24 0 1 0 0-48 24 24 0 1 0 0 48zm0 64c-48.6 0-88-39.4-88-88c0-29.8 14.8-56.1 37.4-72c14.3-10.1 31.8-16 50.6-16c2.7 0 5.3 .1 7.9 .3c44.9 4 80.1 41.7 80.1 87.7c0 48.6-39.4 88-88 88z\"><\/path><\/svg><\/span><span class=\"gb-headline-text\">SOL\u00c1RN\u00cd PRO ZEM\u011aD\u011aLSTV\u00cd<\/span><\/h5>\n\n\n\n<p class=\"gb-headline gb-headline-a7d0f23c gb-headline-text\">Vivamus integer non suscipit taciti mus etiam primis tempor sagittis euismod libero facilisi.<\/p>\n\n\n<div class=\"gb-container gb-container-be168a49\">\n\n<a class=\"gb-button gb-button-427c9b25\" href=\"#\"><span class=\"gb-button-text\"><strong>Zjist\u011bte v\u00edce<\/strong><\/span><span class=\"gb-icon\"><svg aria-hidden=\"true\" role=\"img\" height=\"1em\" width=\"1em\" viewBox=\"0 0 256 512\" xmlns=\"http:\/\/www.w3.org\/2000\/svg\"><path fill=\"currentColor\" d=\"M224.3 273l-136 136c-9.4 9.4-24.6 9.4-33.9 0l-22.6-22.6c-9.4-9.4-9.4-24.6 0-33.9l96.4-96.4-96.4-96.4c-9.4-9.4-9.4-24.6 0-33.9L54.3 103c9.4-9.4 24.6-9.4 33.9 0l136 136c9.5 9.4 9.5 24.6.1 34z\"><\/path><\/svg><\/span><\/a>\n\n<\/div>\n<\/div><\/div>\n\n<div class=\"gb-grid-column gb-grid-column-51bbd91d\"><div class=\"gb-container gb-container-51bbd91d\">\n\n<h5 class=\"gb-headline gb-headline-3ea340fd\"><span class=\"gb-icon\"><svg viewBox=\"0 0 384 512\" xmlns=\"http:\/\/www.w3.org\/2000\/svg\"><path d=\"M297.2 248.9C311.6 228.3 320 203.2 320 176c0-70.7-57.3-128-128-128S64 105.3 64 176c0 27.2 8.4 52.3 22.8 72.9c3.7 5.3 8.1 11.3 12.8 17.7l0 0c12.9 17.7 28.3 38.9 39.8 59.8c10.4 19 15.7 38.8 18.3 57.5H109c-2.2-12-5.9-23.7-11.8-34.5c-9.9-18-22.2-34.9-34.5-51.8l0 0 0 0c-5.2-7.1-10.4-14.2-15.4-21.4C27.6 247.9 16 213.3 16 176C16 78.8 94.8 0 192 0s176 78.8 176 176c0 37.3-11.6 71.9-31.4 100.3c-5 7.2-10.2 14.3-15.4 21.4l0 0 0 0c-12.3 16.8-24.6 33.7-34.5 51.8c-5.9 10.8-9.6 22.5-11.8 34.5H226.4c2.6-18.7 7.9-38.6 18.3-57.5c11.5-20.9 26.9-42.1 39.8-59.8l0 0 0 0 0 0c4.7-6.4 9-12.4 12.7-17.7zM192 128c-26.5 0-48 21.5-48 48c0 8.8-7.2 16-16 16s-16-7.2-16-16c0-44.2 35.8-80 80-80c8.8 0 16 7.2 16 16s-7.2 16-16 16zm0 384c-44.2 0-80-35.8-80-80V416H272v16c0 44.2-35.8 80-80 80z\"><\/path><\/svg><\/span><span class=\"gb-headline-text\">REZIDEN\u010cN\u00cd SOL\u00c1RN\u00cd<\/span><\/h5>\n\n\n\n<p class=\"gb-headline gb-headline-8ea24562 gb-headline-text\">Vivamus integer non suscipit taciti mus etiam primis tempor sagittis euismod libero facilisi.<\/p>\n\n\n<div class=\"gb-container gb-container-a65d0d61\">\n\n<a class=\"gb-button gb-button-dc7ec7ad\" href=\"#\"><span class=\"gb-button-text\"><strong>Zjist\u011bte v\u00edce<\/strong><\/span><span class=\"gb-icon\"><svg aria-hidden=\"true\" role=\"img\" height=\"1em\" width=\"1em\" viewBox=\"0 0 256 512\" xmlns=\"http:\/\/www.w3.org\/2000\/svg\"><path fill=\"currentColor\" d=\"M224.3 273l-136 136c-9.4 9.4-24.6 9.4-33.9 0l-22.6-22.6c-9.4-9.4-9.4-24.6 0-33.9l96.4-96.4-96.4-96.4c-9.4-9.4-9.4-24.6 0-33.9L54.3 103c9.4-9.4 24.6-9.4 33.9 0l136 136c9.5 9.4 9.5 24.6.1 34z\"><\/path><\/svg><\/span><\/a>\n\n<\/div>\n<\/div><\/div>\n<\/div>\n<\/div>\n<\/div>\n<\/div>\n\n<div class=\"gb-container gb-container-10a597ad\">\n<div class=\"gb-container gb-container-a47507eb\">\n<div class=\"gb-container gb-container-91b80099\">\n\n<h3 class=\"gb-headline gb-headline-ca3b80ca gb-headline-text\">Pro\u010d n\u00e1s vybrat<\/h3>\n\n<\/div>\n\n\n<h2 class=\"gb-headline gb-headline-2f66bd88 gb-headline-text\">M\u00e1me pro v\u00e1s ta spr\u00e1vn\u00e1 sol\u00e1rn\u00ed \u0159e\u0161en\u00ed.<\/h2>\n\n\n<div class=\"gb-grid-wrapper gb-grid-wrapper-bd309838\">\n<div class=\"gb-grid-column gb-grid-column-19374ae6\"><div class=\"gb-container gb-container-19374ae6\">\n\n<h5 class=\"gb-headline gb-headline-9a14f6a3\"><span class=\"gb-icon\"><svg viewBox=\"0 0 512 512\" xmlns=\"http:\/\/www.w3.org\/2000\/svg\"><path d=\"M27.5 162.2L9 187.1h90.5l6.9-130.7-78.9 105.8zM396.3 45.7L267.7 32l135.7 147.2-7.1-133.5zM112.2 218.3l-11.2-22H9.9L234.8 458zm2-31.2h284l-81.5-88.5L256.3 33zm297.3 9.1L277.6 458l224.8-261.7h-90.9zM415.4 69L406 56.4l.9 17.3 6.1 113.4h90.3zM113.5 93.5l-4.6 85.6L244.7 32 116.1 45.7zm287.7 102.7h-290l42.4 82.9L256.3 480l144.9-283.8z\"><\/path><\/svg><\/span><span class=\"gb-headline-text\">Nejmodern\u011bj\u0161\u00ed technologie<\/span><\/h5>\n\n\n\n<p class=\"gb-headline gb-headline-b9634618 gb-headline-text\">Vivamus integer non suscipit taciti mus etiam primis tempor sagittis euismod libero facilisi.<\/p>\n\n\n\n<a class=\"gb-button gb-button-0caee041\" href=\"#\"><span class=\"gb-button-text\"><strong><strong>Zjist\u011bte v\u00edce<\/strong><\/strong><\/span><span class=\"gb-icon\"><svg aria-hidden=\"true\" role=\"img\" height=\"1em\" width=\"1em\" viewBox=\"0 0 256 512\" xmlns=\"http:\/\/www.w3.org\/2000\/svg\"><path fill=\"currentColor\" d=\"M224.3 273l-136 136c-9.4 9.4-24.6 9.4-33.9 0l-22.6-22.6c-9.4-9.4-9.4-24.6 0-33.9l96.4-96.4-96.4-96.4c-9.4-9.4-9.4-24.6 0-33.9L54.3 103c9.4-9.4 24.6-9.4 33.9 0l136 136c9.5 9.4 9.5 24.6.1 34z\"><\/path><\/svg><\/span><\/a>\n\n<\/div><\/div>\n\n<div class=\"gb-grid-column gb-grid-column-6280ce37\"><div class=\"gb-container gb-container-6280ce37\">\n\n<h5 class=\"gb-headline gb-headline-c3ea94cd\"><span class=\"gb-icon\"><svg viewBox=\"0 0 512 512\" xmlns=\"http:\/\/www.w3.org\/2000\/svg\"><path d=\"M495.9 166.6c3.2 8.7 .5 18.4-6.4 24.6l-43.3 39.4c1.1 8.3 1.7 16.8 1.7 25.4s-.6 17.1-1.7 25.4l43.3 39.4c6.9 6.2 9.6 15.9 6.4 24.6c-4.4 11.9-9.7 23.3-15.8 34.3l-4.7 8.1c-6.6 11-14 21.4-22.1 31.2c-5.9 7.2-15.7 9.6-24.5 6.8l-55.7-17.7c-13.4 10.3-28.2 18.9-44 25.4l-12.5 57.1c-2 9.1-9 16.3-18.2 17.8c-13.8 2.3-28 3.5-42.5 3.5s-28.7-1.2-42.5-3.5c-9.2-1.5-16.2-8.7-18.2-17.8l-12.5-57.1c-15.8-6.5-30.6-15.1-44-25.4L83.1 425.9c-8.8 2.8-18.6 .3-24.5-6.8c-8.1-9.8-15.5-20.2-22.1-31.2l-4.7-8.1c-6.1-11-11.4-22.4-15.8-34.3c-3.2-8.7-.5-18.4 6.4-24.6l43.3-39.4C64.6 273.1 64 264.6 64 256s.6-17.1 1.7-25.4L22.4 191.2c-6.9-6.2-9.6-15.9-6.4-24.6c4.4-11.9 9.7-23.3 15.8-34.3l4.7-8.1c6.6-11 14-21.4 22.1-31.2c5.9-7.2 15.7-9.6 24.5-6.8l55.7 17.7c13.4-10.3 28.2-18.9 44-25.4l12.5-57.1c2-9.1 9-16.3 18.2-17.8C227.3 1.2 241.5 0 256 0s28.7 1.2 42.5 3.5c9.2 1.5 16.2 8.7 18.2 17.8l12.5 57.1c15.8 6.5 30.6 15.1 44 25.4l55.7-17.7c8.8-2.8 18.6-.3 24.5 6.8c8.1 9.8 15.5 20.2 22.1 31.2l4.7 8.1c6.1 11 11.4 22.4 15.8 34.3zM256 336a80 80 0 1 0 0-160 80 80 0 1 0 0 160z\"><\/path><\/svg><\/span><span class=\"gb-headline-text\">P\u0159izp\u016fsoben\u00e1 a optimalizovan\u00e1 \u0159e\u0161en\u00ed<\/span><\/h5>\n\n\n\n<p class=\"gb-headline gb-headline-ad7b6aa2 gb-headline-text\">Vivamus integer non suscipit taciti mus etiam primis tempor sagittis euismod libero facilisi.<\/p>\n\n\n\n<a class=\"gb-button gb-button-30d66208\" href=\"#\"><span class=\"gb-button-text\"><strong><strong>Zjist\u011bte v\u00edce<\/strong><\/strong><\/span><span class=\"gb-icon\"><svg aria-hidden=\"true\" role=\"img\" height=\"1em\" width=\"1em\" viewBox=\"0 0 256 512\" xmlns=\"http:\/\/www.w3.org\/2000\/svg\"><path fill=\"currentColor\" d=\"M224.3 273l-136 136c-9.4 9.4-24.6 9.4-33.9 0l-22.6-22.6c-9.4-9.4-9.4-24.6 0-33.9l96.4-96.4-96.4-96.4c-9.4-9.4-9.4-24.6 0-33.9L54.3 103c9.4-9.4 24.6-9.4 33.9 0l136 136c9.5 9.4 9.5 24.6.1 34z\"><\/path><\/svg><\/span><\/a>\n\n<\/div><\/div>\n\n<div class=\"gb-grid-column gb-grid-column-f292e71f\"><div class=\"gb-container gb-container-f292e71f\">\n\n<h5 class=\"gb-headline gb-headline-1aa514ff\"><span class=\"gb-icon\"><svg viewBox=\"0 0 512 512\" xmlns=\"http:\/\/www.w3.org\/2000\/svg\"><path d=\"M352 320c88.4 0 160-71.6 160-160c0-15.3-2.2-30.1-6.2-44.2c-3.1-10.8-16.4-13.2-24.3-5.3l-76.8 76.8c-3 3-7.1 4.7-11.3 4.7H336c-8.8 0-16-7.2-16-16V118.6c0-4.2 1.7-8.3 4.7-11.3l76.8-76.8c7.9-7.9 5.4-21.2-5.3-24.3C382.1 2.2 367.3 0 352 0C263.6 0 192 71.6 192 160c0 19.1 3.4 37.5 9.5 54.5L19.9 396.1C7.2 408.8 0 426.1 0 444.1C0 481.6 30.4 512 67.9 512c18 0 35.3-7.2 48-19.9L297.5 310.5c17 6.2 35.4 9.5 54.5 9.5zM80 408a24 24 0 1 1 0 48 24 24 0 1 1 0-48z\"><\/path><\/svg><\/span><span class=\"gb-headline-text\">Odborn\u00e1 instalace A podpora<\/span><\/h5>\n\n\n\n<p class=\"gb-headline gb-headline-6dea1308 gb-headline-text\">Vivamus integer non suscipit taciti mus etiam primis tempor sagittis euismod libero facilisi.<\/p>\n\n\n\n<a class=\"gb-button gb-button-e48fe0f5\" href=\"#\"><span class=\"gb-button-text\"><strong><strong>Zjist\u011bte v\u00edce<\/strong><\/strong><\/span><span class=\"gb-icon\"><svg aria-hidden=\"true\" role=\"img\" height=\"1em\" width=\"1em\" viewBox=\"0 0 256 512\" xmlns=\"http:\/\/www.w3.org\/2000\/svg\"><path fill=\"currentColor\" d=\"M224.3 273l-136 136c-9.4 9.4-24.6 9.4-33.9 0l-22.6-22.6c-9.4-9.4-9.4-24.6 0-33.9l96.4-96.4-96.4-96.4c-9.4-9.4-9.4-24.6 0-33.9L54.3 103c9.4-9.4 24.6-9.4 33.9 0l136 136c9.5 9.4 9.5 24.6.1 34z\"><\/path><\/svg><\/span><\/a>\n\n<\/div><\/div>\n<\/div>\n<\/div>\n<\/div>\n\n<div class=\"gb-container gb-container-3bdf2a68\">\n<div class=\"gb-container gb-container-bb15b118\">\n\n<h3 class=\"gb-headline gb-headline-15bd6010 gb-headline-text\">Co \u0159\u00edkaj\u00ed na\u0161i KLIENTI<\/h3>\n\n\n\n<h2 class=\"gb-headline gb-headline-7bee114d gb-headline-text\">Neposlouchejte jen to, co \u0159\u00edk\u00e1me<\/h2>\n\n\n<div class=\"gb-grid-wrapper gb-grid-wrapper-14f59352\">\n<div class=\"gb-grid-column gb-grid-column-9ad39e97\"><div class=\"gb-container gb-container-9ad39e97\">\n<div class=\"gb-grid-wrapper gb-grid-wrapper-b1ba08b9\">\n<div class=\"gb-grid-column gb-grid-column-f37c0543\"><div class=\"gb-container gb-container-f37c0543\"><\/div><\/div>\n\n<div class=\"gb-grid-column gb-grid-column-46f09228\"><div class=\"gb-container gb-container-46f09228\">\n\n<div class=\"gb-headline gb-headline-fdab32f9\"><span class=\"gb-icon\"><svg xmlns=\"http:\/\/www.w3.org\/2000\/svg\" viewBox=\"0 0 448 512\"><path d=\"M0 216C0 149.7 53.7 96 120 96h8c17.7 0 32 14.3 32 32s-14.3 32-32 32h-8c-30.9 0-56 25.1-56 56v8h64c35.3 0 64 28.7 64 64v64c0 35.3-28.7 64-64 64H64c-35.3 0-64-28.7-64-64V320 288 216zm256 0c0-66.3 53.7-120 120-120h8c17.7 0 32 14.3 32 32s-14.3 32-32 32h-8c-30.9 0-56 25.1-56 56v8h64c35.3 0 64 28.7 64 64v64c0 35.3-28.7 64-64 64H320c-35.3 0-64-28.7-64-64V320 288 216z\"><\/path><\/svg><\/span><\/div>\n\n<\/div><\/div>\n\n<div class=\"gb-grid-column gb-grid-column-61b56af2\"><div class=\"gb-container gb-container-61b56af2\">\n\n<p class=\"gb-headline gb-headline-e7350b89 gb-headline-text\"><em>Sed at arcu a arcu imperdiet mattis. Cras maximus, risus in lacinia consectetur, tortor tellus euismod sem, commodo fringilla ipsum mi ut libero. Sed lobortis rhoncus consectetur. Sed ultrices laoreet pretium. Nam consequat ligula et ipsum malesuada, non venenatis dui pellentesque.<\/em><\/p>\n\n\n\n<h6 class=\"gb-headline gb-headline-85ab94e1 gb-headline-text\"><strong>Jennifer Robles<\/strong><\/h6>\n\n\n\n<p class=\"gb-headline gb-headline-109f4c80 gb-headline-text\">Vlastn\u00edk domu<\/p>\n\n<\/div><\/div>\n<\/div>\n<\/div><\/div>\n\n<div class=\"gb-grid-column gb-grid-column-b4caa2d7\"><div class=\"gb-container gb-container-b4caa2d7\">\n<div class=\"gb-grid-wrapper gb-grid-wrapper-84963637\">\n<div class=\"gb-grid-column gb-grid-column-717238c6\"><div class=\"gb-container gb-container-717238c6\"><\/div><\/div>\n\n<div class=\"gb-grid-column gb-grid-column-0db31a46\"><div class=\"gb-container gb-container-0db31a46\">\n\n<p class=\"gb-headline gb-headline-9159f648 gb-headline-text\"><em>Sed at arcu a arcu imperdiet mattis. Cras maximus, risus in lacinia consectetur, tortor tellus euismod sem, commodo fringilla ipsum mi ut libero. <\/em><\/p>\n\n\n\n<h6 class=\"gb-headline gb-headline-e8253a57 gb-headline-text\"><strong>Timothy Davis<\/strong><\/h6>\n\n\n\n<p class=\"gb-headline gb-headline-987abc87 gb-headline-text\">Vlastn\u00edk firmy<\/p>\n\n<\/div><\/div>\n<\/div>\n<\/div><\/div>\n\n<div class=\"gb-grid-column gb-grid-column-5cf4cd49\"><div class=\"gb-container gb-container-5cf4cd49\">\n<div class=\"gb-grid-wrapper gb-grid-wrapper-63df0e8b\">\n<div class=\"gb-grid-column gb-grid-column-4fd0f101\"><div class=\"gb-container gb-container-4fd0f101\"><\/div><\/div>\n\n<div class=\"gb-grid-column gb-grid-column-395ca473\"><div class=\"gb-container gb-container-395ca473\">\n\n<p class=\"gb-headline gb-headline-9e3ce6b6 gb-headline-text\"><em>Sed at arcu a arcu imperdiet mattis. Cras maximus, risus in lacinia consectetur, tortor tellus euismod sem, commodo fringilla ipsum mi ut libero. <\/em><\/p>\n\n\n\n<h6 class=\"gb-headline gb-headline-539e9c05 gb-headline-text\">Manuel Kramer<\/h6>\n\n\n\n<p class=\"gb-headline gb-headline-5b263c8a gb-headline-text\">majitel farmy<\/p>\n\n<\/div><\/div>\n<\/div>\n<\/div><\/div>\n<\/div>\n<\/div>\n<\/div>","protected":false},"excerpt":{"rendered":"<p>Produkty a slu\u017eby Prozkoumejte na\u0161e vysoce kvalitn\u00ed produkty a slu\u017eby A\u0165 u\u017e jste majitel domu nebo firmy, m\u00e1me pro v\u00e1s ta spr\u00e1vn\u00e1 sol\u00e1rn\u00ed \u0159e\u0161en\u00ed. Pro\u010d n\u00e1s vybrat M\u00e1me pro v\u00e1s ta spr\u00e1vn\u00e1 sol\u00e1rn\u00ed \u0159e\u0161en\u00ed. Co \u0159\u00edkaj\u00ed na\u0161i KLIENTI Neposlouchejte jen to, co \u0159\u00edk\u00e1me<\/p>\n","protected":false},"author":1,"featured_media":0,"parent":0,"menu_order":0,"comment_status":"closed","ping_status":"closed","template":"","meta":{"footnotes":""},"class_list":["post-402","page","type-page","status-publish"],"_links":{"self":[{"href":"https:\/\/zenipress.com\/solar\/wp-json\/wp\/v2\/pages\/402","targetHints":{"allow":["GET"]}}],"collection":[{"href":"https:\/\/zenipress.com\/solar\/wp-json\/wp\/v2\/pages"}],"about":[{"href":"https:\/\/zenipress.com\/solar\/wp-json\/wp\/v2\/types\/page"}],"author":[{"embeddable":true,"href":"https:\/\/zenipress.com\/solar\/wp-json\/wp\/v2\/users\/1"}],"replies":[{"embeddable":true,"href":"https:\/\/zenipress.com\/solar\/wp-json\/wp\/v2\/comments?post=402"}],"version-history":[{"count":2,"href":"https:\/\/zenipress.com\/solar\/wp-json\/wp\/v2\/pages\/402\/revisions"}],"predecessor-version":[{"id":548,"href":"https:\/\/zenipress.com\/solar\/wp-json\/wp\/v2\/pages\/402\/revisions\/548"}],"wp:attachment":[{"href":"https:\/\/zenipress.com\/solar\/wp-json\/wp\/v2\/media?parent=402"}],"curies":[{"name":"wp","href":"https:\/\/api.w.org\/{rel}","templated":true}]}}