{"id":82,"date":"2022-05-10T20:36:42","date_gmt":"2022-05-10T19:36:42","guid":{"rendered":"https:\/\/gp-inbound.wordifysites.com\/?page_id=82"},"modified":"2024-04-12T13:08:11","modified_gmt":"2024-04-12T13:08:11","slug":"kontakt","status":"publish","type":"page","link":"https:\/\/zenipress.com\/inbound\/kontakt\/","title":{"rendered":"Kontakt"},"content":{"rendered":"\n<figure class=\"gb-block-image gb-block-image-6abc9adb\"><img loading=\"lazy\" decoding=\"async\" width=\"1980\" height=\"1114\" class=\"gb-image gb-image-6abc9adb\" src=\"https:\/\/zenipress.com\/app\/uploads\/sites\/5\/2023\/03\/map.jpg\" alt=\"\" title=\"map\" srcset=\"https:\/\/zenipress.com\/app\/uploads\/sites\/5\/2023\/03\/map.jpg 1980w, https:\/\/zenipress.com\/app\/uploads\/sites\/5\/2023\/03\/map-300x169.jpg 300w, https:\/\/zenipress.com\/app\/uploads\/sites\/5\/2023\/03\/map-1024x576.jpg 1024w, https:\/\/zenipress.com\/app\/uploads\/sites\/5\/2023\/03\/map-768x432.jpg 768w, https:\/\/zenipress.com\/app\/uploads\/sites\/5\/2023\/03\/map-1536x864.jpg 1536w\" sizes=\"auto, (max-width: 1980px) 100vw, 1980px\" \/><\/figure>\n\n\n<section class=\"gb-container gb-container-efcc007f\">\n\n<h2 class=\"gb-headline gb-headline-887ae2d8 gb-headline-text\">ozv\u011bte se<\/h2>\n\n\n\n<p class=\"gb-headline gb-headline-c307d429 gb-headline-text\">Etiam nec velit eu elit condimentum elementum quis non sem. Etiam non tortor sed nisl fermentum tempor id id arcu. Praesent sodales laoreet enim non aliquam. Nunc commodo tellus sapien, eget tincidunt sem semper eu.<\/p>\n\n\n<div class=\"gb-container gb-container-93e859dc\">\n<div class=\"gb-container gb-container-16e44cdc\">\n\n<p class=\"gb-headline gb-headline-387184d6 gb-headline-text\">In hac habitasse platea dictumst. Quisque et pharetra nibh. Nam sed ornare odio.<\/p>\n\n\n\n<p class=\"gb-headline gb-headline-561574a1\"><span class=\"gb-icon\"><svg viewBox=\"0 0 1024 1024\" class=\"icon\" xmlns=\"http:\/\/www.w3.org\/2000\/svg\"><path d=\"M744 62H280c-35.3 0-64 28.7-64 64v768c0 35.3 28.7 64 64 64h464c35.3 0 64-28.7 64-64V126c0-35.3-28.7-64-64-64zm-8 824H288V134h448v752zM472 784a40 40 0 1 0 80 0 40 40 0 1 0-80 0z\"><\/path><\/svg><\/span><span class=\"gb-headline-text\"><a href=\"tel:+222 123132\">+222 123132<\/a><\/span><\/p>\n\n\n\n<p class=\"gb-headline gb-headline-e644cdcd\"><span class=\"gb-icon\"><svg aria-hidden=\"true\" role=\"img\" height=\"1em\" width=\"1em\" viewBox=\"0 0 512 512\" xmlns=\"http:\/\/www.w3.org\/2000\/svg\"><path fill=\"currentColor\" d=\"M464 64H48C21.49 64 0 85.49 0 112v288c0 26.51 21.49 48 48 48h416c26.51 0 48-21.49 48-48V112c0-26.51-21.49-48-48-48zm0 48v40.805c-22.422 18.259-58.168 46.651-134.587 106.49-16.841 13.247-50.201 45.072-73.413 44.701-23.208.375-56.579-31.459-73.413-44.701C106.18 199.465 70.425 171.067 48 152.805V112h416zM48 400V214.398c22.914 18.251 55.409 43.862 104.938 82.646 21.857 17.205 60.134 55.186 103.062 54.955 42.717.231 80.509-37.199 103.053-54.947 49.528-38.783 82.032-64.401 104.947-82.653V400H48z\"><\/path><\/svg><\/span><span class=\"gb-headline-text\"><a href=\"mailto:hello@inbound.com\">hello@inbound.com<\/a><\/span><\/p>\n\n\n\n<p class=\"gb-headline gb-headline-5b255efd\"><span class=\"gb-icon\"><svg viewBox=\"0 0 368.666 368.666\" xmlns=\"http:\/\/www.w3.org\/2000\/svg\"><path d=\"M184.333 0C102.011 0 35.037 66.974 35.037 149.297c0 33.968 11.132 65.959 32.193 92.515C94.5 276.195 173.8 357.833 177.164 361.291l7.169 7.375 7.17-7.374c3.363-3.459 82.688-85.116 109.963-119.51 21.042-26.534 32.164-58.515 32.164-92.485C333.63 66.974 266.656 0 184.333 0zm101.464 229.355c-21.957 27.687-80.921 89.278-101.463 110.581-20.54-21.302-79.482-82.875-101.434-110.552-18.23-22.984-27.863-50.677-27.863-80.087C55.037 78.002 113.039 20 184.333 20S313.63 78.002 313.63 149.297c0 29.411-9.625 57.095-27.833 80.058z\"><\/path><path d=\"M184.333 59.265c-48.729 0-88.374 39.645-88.374 88.374s39.644 88.374 88.374 88.374 88.374-39.644 88.374-88.374c.001-48.73-39.644-88.374-88.374-88.374zm0 156.748c-37.701 0-68.374-30.672-68.374-68.374s30.672-68.374 68.374-68.374 68.374 30.672 68.374 68.374c.001 37.701-30.673 68.374-68.374 68.374z\"><\/path><path d=\"m180.672 154.314-25.112-19.98-12.453 15.652 40.69 32.371 43.333-53.934-15.593-12.526z\"><\/path><\/svg><\/span><span class=\"gb-headline-text\">12 Princes Street, Edinburgh, EH6 1AL, UK<\/span><\/p>\n\n<\/div>\n\n<div class=\"gb-container gb-container-d4701180\">\n\n<h3 class=\"gb-headline gb-headline-8c73a68a gb-headline-text\">Napi\u0161 n\u00e1m linku<\/h3>\n\n\n\n<p class=\"gb-headline gb-headline-b1839c0f gb-headline-text\">Etiam non tortor sed nisl fermentum tempor id id arcu.<\/p>\n\n\n\n<p class=\"gb-headline gb-headline-d0907c99 gb-headline-text\">[Zadejte sv\u016fj kontaktn\u00ed formul\u00e1\u0159]<\/p>\n\n<\/div>\n<\/div>\n<\/section>","protected":false},"excerpt":{"rendered":"<p>ozv\u011bte se Etiam nec velit eu elit condimentum elementum quis non sem. Etiam non tortor sed nisl fermentum tempor id id arcu. Praesent sodales laoreet enim non aliquam. Nunc commodo tellus sapien, eget tincidunt sem semper eu. In hac habitasse platea dictumst. Quisque et pharetra nibh. Nam sed ornare odio. +222 123132 hello@inbound.com 12 Princes &#8230; <a title=\"Kontakt\" class=\"read-more\" href=\"https:\/\/zenipress.com\/inbound\/kontakt\/\" aria-label=\"Read more about Kontakt\">\u010c\u00edst d\u00e1l<\/a><\/p>\n","protected":false},"author":1,"featured_media":0,"parent":0,"menu_order":0,"comment_status":"closed","ping_status":"closed","template":"","meta":{"footnotes":""},"class_list":["post-82","page","type-page","status-publish"],"_links":{"self":[{"href":"https:\/\/zenipress.com\/inbound\/wp-json\/wp\/v2\/pages\/82","targetHints":{"allow":["GET"]}}],"collection":[{"href":"https:\/\/zenipress.com\/inbound\/wp-json\/wp\/v2\/pages"}],"about":[{"href":"https:\/\/zenipress.com\/inbound\/wp-json\/wp\/v2\/types\/page"}],"author":[{"embeddable":true,"href":"https:\/\/zenipress.com\/inbound\/wp-json\/wp\/v2\/users\/1"}],"replies":[{"embeddable":true,"href":"https:\/\/zenipress.com\/inbound\/wp-json\/wp\/v2\/comments?post=82"}],"version-history":[{"count":4,"href":"https:\/\/zenipress.com\/inbound\/wp-json\/wp\/v2\/pages\/82\/revisions"}],"predecessor-version":[{"id":1814,"href":"https:\/\/zenipress.com\/inbound\/wp-json\/wp\/v2\/pages\/82\/revisions\/1814"}],"wp:attachment":[{"href":"https:\/\/zenipress.com\/inbound\/wp-json\/wp\/v2\/media?parent=82"}],"curies":[{"name":"wp","href":"https:\/\/api.w.org\/{rel}","templated":true}]}}