{"id":912,"date":"2023-05-28T21:34:09","date_gmt":"2023-05-28T20:34:09","guid":{"rendered":"https:\/\/flavor.wordifysites.com\/?post_type=product&#038;p=912"},"modified":"2024-04-21T16:47:36","modified_gmt":"2024-04-21T14:47:36","slug":"krem-brulee","status":"publish","type":"product","link":"https:\/\/zenipress.com\/flavor\/produkt\/krem-brulee\/","title":{"rendered":"Kr\u00e9m Brulee"},"content":{"rendered":"<p>Cr\u00e8me Br\u00fbl\u00e9e je elegantn\u00ed a sametov\u00fd dezert, kter\u00fd zt\u011bles\u0148uje po\u017eitek a sofistikovanost. Tento klasick\u00fd francouzsk\u00fd dezert se skl\u00e1d\u00e1 z hladk\u00e9ho a kr\u00e9mov\u00e9ho pudinkov\u00e9ho z\u00e1kladu, typicky ochucen\u00e9ho vanilkou, kter\u00e1 je jemn\u011b ztuhl\u00e1 a pot\u00e9 p\u0159elita tenkou vrstvou karamelizovan\u00e9ho cukru. Kontrast mezi hedv\u00e1bn\u00fdm pudinkem a k\u0159ehk\u00fdm karamelizovan\u00fdm cukrem vytv\u00e1\u0159\u00ed symfonii textur s ka\u017edou l\u017e\u00edc\u00ed. Kdy\u017e proraz\u00edte karamelizovanou cukrovou krustu, p\u0159iv\u00edt\u00e1 v\u00e1s bohat\u00fd a sv\u016fdn\u00fd pudink pod n\u00ed a uvoln\u00ed svou aromatickou vanilkovou esenci. Souhra chut\u00ed je vynikaj\u00edc\u00ed, jemn\u00e1 sladkost pudinku dokonale vyv\u00e1\u017een\u00e1 hlubok\u00fdmi karamelov\u00fdmi t\u00f3ny karamelizovan\u00e9ho cukru. Cr\u00e8me Br\u00fbl\u00e9e je skute\u010dn\u00fdm po\u017eitkem, kter\u00fd nab\u00edz\u00ed z\u00e1\u017eitek z luxusn\u00edho dezertu, kter\u00fd pot\u011b\u0161\u00ed chu\u0165ov\u00e9 bu\u0148ky i smysly.<\/p>\n","protected":false},"excerpt":{"rendered":"<p>Cr\u00e8me Br\u00fbl\u00e9e je elegantn\u00ed a sametov\u00fd dezert, kter\u00fd zt\u011bles\u0148uje po\u017eitek a sofistikovanost. Tento klasick\u00fd francouzsk\u00fd dezert se skl\u00e1d\u00e1 z hladk\u00e9ho a kr\u00e9mov\u00e9ho pudinkov\u00e9ho z\u00e1kladu, typicky &#8230; <a title=\"Kr\u00e9m Brulee\" class=\"read-more\" href=\"https:\/\/zenipress.com\/flavor\/produkt\/krem-brulee\/\" aria-label=\"Read more about Kr\u00e9m Brulee\">P\u0159e\u010dt\u011bte si v\u00edce<\/a><\/p>\n","protected":false},"featured_media":910,"comment_status":"open","ping_status":"closed","template":"","meta":[],"product_brand":[],"product_cat":[21],"product_tag":[],"class_list":{"0":"post-912","1":"product","2":"type-product","3":"status-publish","4":"has-post-thumbnail","6":"product_cat-dezerty","7":"sales-flash-overlay","8":"woocommerce-text-align-center","9":"woocommerce-image-align-center","10":"do-quantity-buttons","12":"first","13":"instock","14":"shipping-taxable","15":"purchasable","16":"product-type-simple"},"_links":{"self":[{"href":"https:\/\/zenipress.com\/flavor\/wp-json\/wp\/v2\/product\/912","targetHints":{"allow":["GET"]}}],"collection":[{"href":"https:\/\/zenipress.com\/flavor\/wp-json\/wp\/v2\/product"}],"about":[{"href":"https:\/\/zenipress.com\/flavor\/wp-json\/wp\/v2\/types\/product"}],"replies":[{"embeddable":true,"href":"https:\/\/zenipress.com\/flavor\/wp-json\/wp\/v2\/comments?post=912"}],"wp:featuredmedia":[{"embeddable":true,"href":"https:\/\/zenipress.com\/flavor\/wp-json\/wp\/v2\/media\/910"}],"wp:attachment":[{"href":"https:\/\/zenipress.com\/flavor\/wp-json\/wp\/v2\/media?parent=912"}],"wp:term":[{"taxonomy":"product_brand","embeddable":true,"href":"https:\/\/zenipress.com\/flavor\/wp-json\/wp\/v2\/product_brand?post=912"},{"taxonomy":"product_cat","embeddable":true,"href":"https:\/\/zenipress.com\/flavor\/wp-json\/wp\/v2\/product_cat?post=912"},{"taxonomy":"product_tag","embeddable":true,"href":"https:\/\/zenipress.com\/flavor\/wp-json\/wp\/v2\/product_tag?post=912"}],"curies":[{"name":"wp","href":"https:\/\/api.w.org\/{rel}","templated":true}]}}