{"id":905,"date":"2023-05-28T21:30:36","date_gmt":"2023-05-28T20:30:36","guid":{"rendered":"https:\/\/flavor.wordifysites.com\/?post_type=product&#038;p=905"},"modified":"2024-04-21T16:50:01","modified_gmt":"2024-04-21T14:50:01","slug":"jablecny-kolac","status":"publish","type":"product","link":"https:\/\/zenipress.com\/flavor\/produkt\/jablecny-kolac\/","title":{"rendered":"Jable\u010dn\u00fd kol\u00e1\u010d"},"content":{"rendered":"<p>Apple Pie je nad\u010dasov\u00fd a uklid\u0148uj\u00edc\u00ed dezert, kter\u00fd navozuje pocit nostalgie a dom\u00e1c\u00edho tepla. Se svou vlo\u010dkovou a m\u00e1slovou k\u016frkou, kter\u00e1 obklopuje velkorysou n\u00e1pl\u0148 z jemn\u00fdch a ko\u0159en\u011bn\u00fdch jablek, je tato klasick\u00e1 pochoutka skute\u010dn\u00fdm pot\u011b\u0161en\u00edm pro smysly. Jablka jsou pe\u010dliv\u011b nakr\u00e1jena a prom\u00edch\u00e1na s cukrem, sko\u0159ic\u00ed a n\u011bkdy n\u00e1dechem citronov\u00e9 \u0161\u0165\u00e1vy, aby se zv\u00fd\u0161ila jejich p\u0159irozen\u00e1 sladkost a p\u0159idala se lahodn\u00e1 chu\u0165. Kdy\u017e je upe\u010deno k dokonalosti, vzduch napln\u00ed vo\u0148av\u00e9 aroma tepl\u00fdch jablek a sko\u0159ice a vyb\u00edz\u00ed k o\u010dek\u00e1v\u00e1n\u00ed. Ka\u017ed\u00fd pl\u00e1tek jable\u010dn\u00e9ho kol\u00e1\u010de nab\u00edz\u00ed nebeskou kombinaci textur, p\u0159i\u010dem\u017e zlat\u00e1, \u0161upinat\u00e1 k\u016frka ustupuje jemn\u00fdm, karamelizovan\u00fdm jablk\u016fm pod n\u00ed. A\u0165 u\u017e si vychutn\u00e1v\u00e1te samotn\u00fd nebo pod\u00e1van\u00fd s kope\u010dkem vanilkov\u00e9 zmrzliny, Apple Pie je typick\u00fdm dezertem, kter\u00fd zt\u011bles\u0148uje pohodl\u00ed, tradici a jednoduchou radost z dom\u00e1c\u00edch dobrot.<\/p>\n","protected":false},"excerpt":{"rendered":"<p>Apple Pie je nad\u010dasov\u00fd a uklid\u0148uj\u00edc\u00ed dezert, kter\u00fd navozuje pocit nostalgie a dom\u00e1c\u00edho tepla. Se svou vlo\u010dkovou a m\u00e1slovou k\u016frkou, kter\u00e1 obklopuje velkorysou n\u00e1pl\u0148 z &#8230; <a title=\"Jable\u010dn\u00fd kol\u00e1\u010d\" class=\"read-more\" href=\"https:\/\/zenipress.com\/flavor\/produkt\/jablecny-kolac\/\" aria-label=\"Read more about Jable\u010dn\u00fd kol\u00e1\u010d\">P\u0159e\u010dt\u011bte si v\u00edce<\/a><\/p>\n","protected":false},"featured_media":907,"comment_status":"open","ping_status":"closed","template":"","meta":[],"product_brand":[],"product_cat":[21],"product_tag":[],"class_list":{"0":"post-905","1":"product","2":"type-product","3":"status-publish","4":"has-post-thumbnail","6":"product_cat-dezerty","7":"sales-flash-overlay","8":"woocommerce-text-align-center","9":"woocommerce-image-align-center","10":"do-quantity-buttons","12":"first","13":"instock","14":"shipping-taxable","15":"purchasable","16":"product-type-simple"},"_links":{"self":[{"href":"https:\/\/zenipress.com\/flavor\/wp-json\/wp\/v2\/product\/905","targetHints":{"allow":["GET"]}}],"collection":[{"href":"https:\/\/zenipress.com\/flavor\/wp-json\/wp\/v2\/product"}],"about":[{"href":"https:\/\/zenipress.com\/flavor\/wp-json\/wp\/v2\/types\/product"}],"replies":[{"embeddable":true,"href":"https:\/\/zenipress.com\/flavor\/wp-json\/wp\/v2\/comments?post=905"}],"wp:featuredmedia":[{"embeddable":true,"href":"https:\/\/zenipress.com\/flavor\/wp-json\/wp\/v2\/media\/907"}],"wp:attachment":[{"href":"https:\/\/zenipress.com\/flavor\/wp-json\/wp\/v2\/media?parent=905"}],"wp:term":[{"taxonomy":"product_brand","embeddable":true,"href":"https:\/\/zenipress.com\/flavor\/wp-json\/wp\/v2\/product_brand?post=905"},{"taxonomy":"product_cat","embeddable":true,"href":"https:\/\/zenipress.com\/flavor\/wp-json\/wp\/v2\/product_cat?post=905"},{"taxonomy":"product_tag","embeddable":true,"href":"https:\/\/zenipress.com\/flavor\/wp-json\/wp\/v2\/product_tag?post=905"}],"curies":[{"name":"wp","href":"https:\/\/api.w.org\/{rel}","templated":true}]}}