{"id":897,"date":"2023-05-28T21:16:12","date_gmt":"2023-05-28T20:16:12","guid":{"rendered":"https:\/\/flavor.wordifysites.com\/?post_type=product&#038;p=897"},"modified":"2024-04-21T16:49:27","modified_gmt":"2024-04-21T14:49:27","slug":"kureci-parmazan","status":"publish","type":"product","link":"https:\/\/zenipress.com\/flavor\/produkt\/kureci-parmazan\/","title":{"rendered":"Ku\u0159ec\u00ed parmaz\u00e1n"},"content":{"rendered":"<p>Ku\u0159ec\u00ed parmez\u00e1n je lahodn\u00e9 j\u00eddlo inspirovan\u00e9 It\u00e1li\u00ed, kter\u00e9 kombinuje jemn\u00e9 ku\u0159ec\u00ed \u0159\u00edzky s delik\u00e1tn\u00ed sm\u011bs\u00ed chut\u00ed. Ku\u0159ec\u00ed prsa se obal\u00ed s ochucenou strouhankovou sm\u011bs\u00ed a pot\u00e9 se sma\u017e\u00ed do zlatav\u00e9 k\u0159upava, \u010d\u00edm\u017e vytv\u00e1\u0159\u00ed uspokojivou k\u0159upavost. Ku\u0159ec\u00ed \u0159\u00edzky, bohat\u011b p\u0159elit\u00e9 pikantn\u00ed raj\u010datovou om\u00e1\u010dkou a vrstvou taven\u00e9ho s\u00fdra, typicky mozzarelly nebo parmez\u00e1nu, jsou pak upe\u010deny k dokonalosti. V\u00fdsledkem je n\u00e1dhern\u00e1 harmonie textur s k\u0159upav\u00fdm povlakem, kter\u00fd ustupuje \u0161\u0165avnat\u00e9mu ku\u0159e, pikantn\u00ed raj\u010datov\u00e1 om\u00e1\u010dka napln\u00ed ka\u017ed\u00e9 sousto robustn\u00ed chut\u00ed a mazlav\u00fd taven\u00fd s\u00fdr dod\u00e1v\u00e1 n\u00e1dech bohatosti. Ku\u0159ec\u00ed parmez\u00e1n je uklid\u0148uj\u00edc\u00ed a uspokojuj\u00edc\u00ed hlavn\u00ed j\u00eddlo, kter\u00e9 zachycuje podstatu italsk\u00e9ho komfortn\u00edho j\u00eddla a jist\u011b pot\u011b\u0161\u00ed mal\u00e9 i velk\u00e9.<\/p>\n","protected":false},"excerpt":{"rendered":"<p>Ku\u0159ec\u00ed parmez\u00e1n je lahodn\u00e9 j\u00eddlo inspirovan\u00e9 It\u00e1li\u00ed, kter\u00e9 kombinuje jemn\u00e9 ku\u0159ec\u00ed \u0159\u00edzky s delik\u00e1tn\u00ed sm\u011bs\u00ed chut\u00ed. Ku\u0159ec\u00ed prsa se obal\u00ed s ochucenou strouhankovou sm\u011bs\u00ed a &#8230; <a title=\"Ku\u0159ec\u00ed parmaz\u00e1n\" class=\"read-more\" href=\"https:\/\/zenipress.com\/flavor\/produkt\/kureci-parmazan\/\" aria-label=\"Read more about Ku\u0159ec\u00ed parmaz\u00e1n\">P\u0159e\u010dt\u011bte si v\u00edce<\/a><\/p>\n","protected":false},"featured_media":895,"comment_status":"open","ping_status":"closed","template":"","meta":[],"product_brand":[],"product_cat":[22],"product_tag":[],"class_list":{"0":"post-897","1":"product","2":"type-product","3":"status-publish","4":"has-post-thumbnail","6":"product_cat-hlavni-jidla","7":"sales-flash-overlay","8":"woocommerce-text-align-center","9":"woocommerce-image-align-center","10":"do-quantity-buttons","12":"first","13":"instock","14":"shipping-taxable","15":"purchasable","16":"product-type-simple"},"_links":{"self":[{"href":"https:\/\/zenipress.com\/flavor\/wp-json\/wp\/v2\/product\/897","targetHints":{"allow":["GET"]}}],"collection":[{"href":"https:\/\/zenipress.com\/flavor\/wp-json\/wp\/v2\/product"}],"about":[{"href":"https:\/\/zenipress.com\/flavor\/wp-json\/wp\/v2\/types\/product"}],"replies":[{"embeddable":true,"href":"https:\/\/zenipress.com\/flavor\/wp-json\/wp\/v2\/comments?post=897"}],"wp:featuredmedia":[{"embeddable":true,"href":"https:\/\/zenipress.com\/flavor\/wp-json\/wp\/v2\/media\/895"}],"wp:attachment":[{"href":"https:\/\/zenipress.com\/flavor\/wp-json\/wp\/v2\/media?parent=897"}],"wp:term":[{"taxonomy":"product_brand","embeddable":true,"href":"https:\/\/zenipress.com\/flavor\/wp-json\/wp\/v2\/product_brand?post=897"},{"taxonomy":"product_cat","embeddable":true,"href":"https:\/\/zenipress.com\/flavor\/wp-json\/wp\/v2\/product_cat?post=897"},{"taxonomy":"product_tag","embeddable":true,"href":"https:\/\/zenipress.com\/flavor\/wp-json\/wp\/v2\/product_tag?post=897"}],"curies":[{"name":"wp","href":"https:\/\/api.w.org\/{rel}","templated":true}]}}