{"id":890,"date":"2023-05-28T21:12:55","date_gmt":"2023-05-28T20:12:55","guid":{"rendered":"https:\/\/flavor.wordifysites.com\/?post_type=product&#038;p=890"},"modified":"2024-04-21T16:49:12","modified_gmt":"2024-04-21T14:49:12","slug":"grilovany-losos","status":"publish","type":"product","link":"https:\/\/zenipress.com\/flavor\/produkt\/grilovany-losos\/","title":{"rendered":"Grilovan\u00fd losos"},"content":{"rendered":"<p>Grilovan\u00fd losos je delik\u00e1tn\u00ed pokrm z mo\u0159sk\u00fdch plod\u016f, kter\u00fd p\u0159edv\u00e1d\u00ed p\u0159irozen\u00e9 chut\u011b a \u0161\u0165avnatou texturu \u010derstv\u00e9ho lososa. Tato v\u0161estrann\u00e1 a v\u00fd\u017eivn\u00e1 ryba je marinovan\u00e1 nebo ochucen\u00e1 jemnou sm\u011bs\u00ed bylinek, ko\u0159en\u00ed a citrus\u016f pro zv\u00fdrazn\u011bn\u00ed jej\u00ed chuti. Filety z lososa jsou pak odborn\u011b grilov\u00e1ny k dokonalosti, co\u017e m\u00e1 za n\u00e1sledek n\u00e1dhern\u011b sp\u00e1len\u00fd zevn\u011bj\u0161ek, zat\u00edmco uvnit\u0159 z\u016fst\u00e1v\u00e1 vlhk\u00e9 a \u0161upinat\u00e9 maso. S ka\u017ed\u00fdm soustem se kou\u0159ov\u00e9 aroma a lehce k\u0159upav\u00e9 okraje dopl\u0148uj\u00ed s jemnou a m\u00e1slovou rybou a nab\u00edzej\u00ed n\u00e1dhern\u00fd kontrast textur. Grilovan\u00fd losos nen\u00ed jen zdravou volbou, ale tak\u00e9 pokrmem, kter\u00fd pot\u011b\u0161\u00ed smysly, a proto je obl\u00edbenou volbou pro milovn\u00edky mo\u0159sk\u00fdch plod\u016f, kte\u0159\u00ed hledaj\u00ed n\u00e1dhern\u00fd a uspokojuj\u00edc\u00ed kulin\u00e1\u0159sk\u00fd z\u00e1\u017eitek.<\/p>\n","protected":false},"excerpt":{"rendered":"<p>Grilovan\u00fd losos je delik\u00e1tn\u00ed pokrm z mo\u0159sk\u00fdch plod\u016f, kter\u00fd p\u0159edv\u00e1d\u00ed p\u0159irozen\u00e9 chut\u011b a \u0161\u0165avnatou texturu \u010derstv\u00e9ho lososa. Tato v\u0161estrann\u00e1 a v\u00fd\u017eivn\u00e1 ryba je marinovan\u00e1 nebo &#8230; <a title=\"Grilovan\u00fd losos\" class=\"read-more\" href=\"https:\/\/zenipress.com\/flavor\/produkt\/grilovany-losos\/\" aria-label=\"Read more about Grilovan\u00fd losos\">P\u0159e\u010dt\u011bte si v\u00edce<\/a><\/p>\n","protected":false},"featured_media":892,"comment_status":"open","ping_status":"closed","template":"","meta":[],"product_brand":[],"product_cat":[22],"product_tag":[],"class_list":{"0":"post-890","1":"product","2":"type-product","3":"status-publish","4":"has-post-thumbnail","6":"product_cat-hlavni-jidla","7":"sales-flash-overlay","8":"woocommerce-text-align-center","9":"woocommerce-image-align-center","10":"do-quantity-buttons","12":"first","13":"instock","14":"shipping-taxable","15":"purchasable","16":"product-type-simple"},"_links":{"self":[{"href":"https:\/\/zenipress.com\/flavor\/wp-json\/wp\/v2\/product\/890","targetHints":{"allow":["GET"]}}],"collection":[{"href":"https:\/\/zenipress.com\/flavor\/wp-json\/wp\/v2\/product"}],"about":[{"href":"https:\/\/zenipress.com\/flavor\/wp-json\/wp\/v2\/types\/product"}],"replies":[{"embeddable":true,"href":"https:\/\/zenipress.com\/flavor\/wp-json\/wp\/v2\/comments?post=890"}],"wp:featuredmedia":[{"embeddable":true,"href":"https:\/\/zenipress.com\/flavor\/wp-json\/wp\/v2\/media\/892"}],"wp:attachment":[{"href":"https:\/\/zenipress.com\/flavor\/wp-json\/wp\/v2\/media?parent=890"}],"wp:term":[{"taxonomy":"product_brand","embeddable":true,"href":"https:\/\/zenipress.com\/flavor\/wp-json\/wp\/v2\/product_brand?post=890"},{"taxonomy":"product_cat","embeddable":true,"href":"https:\/\/zenipress.com\/flavor\/wp-json\/wp\/v2\/product_cat?post=890"},{"taxonomy":"product_tag","embeddable":true,"href":"https:\/\/zenipress.com\/flavor\/wp-json\/wp\/v2\/product_tag?post=890"}],"curies":[{"name":"wp","href":"https:\/\/api.w.org\/{rel}","templated":true}]}}