{"id":874,"date":"2023-05-28T21:04:32","date_gmt":"2023-05-28T20:04:32","guid":{"rendered":"https:\/\/flavor.wordifysites.com\/?post_type=product&#038;p=874"},"modified":"2024-04-21T16:48:55","modified_gmt":"2024-04-21T14:48:55","slug":"bolonske-spagety","status":"publish","type":"product","link":"https:\/\/zenipress.com\/flavor\/produkt\/bolonske-spagety\/","title":{"rendered":"Bolo\u0148sk\u00e9 \u0161pagety"},"content":{"rendered":"<p>Bolo\u0148sk\u00e9 \u0161pagety jsou obl\u00edben\u00e9 italsk\u00e9 t\u011bstoviny, kter\u00e9 jsou vydatn\u00e9 i uklid\u0148uj\u00edc\u00ed. Obsahuje al dente \u0161pagetov\u00e9 nudle obalen\u00e9 v bohat\u00e9 a pikantn\u00ed masov\u00e9 om\u00e1\u010dce. Om\u00e1\u010dka se vyr\u00e1b\u00ed pomal\u00fdm du\u0161en\u00edm mlet\u00e9ho hov\u011bz\u00edho masa nebo kombinace hov\u011bz\u00edho a vep\u0159ov\u00e9ho masa s aromatick\u00fdmi p\u0159\u00edsadami, jako je cibule, mrkev a \u010desnek. P\u0159id\u00e1vaj\u00ed se raj\u010data, bylinky a n\u011bkdy i vinn\u00fd st\u0159ik, aby se om\u00e1\u010dka naplnila silnou chut\u00ed. V\u00fdsledkem je hust\u00e1 a lahodn\u00e1 masov\u00e1 om\u00e1\u010dka, kter\u00e1 lahodn\u011b p\u0159ilne k vl\u00e1kn\u016fm t\u011bstovin. Spaghetti Bolognese, pod\u00e1van\u00e9 s posypem strouhan\u00e9ho parmaz\u00e1nu a mo\u017en\u00e1 sn\u00edtkou \u010derstv\u00e9 bazalky, jsou nad\u010dasovou klasikou, kter\u00e1 uspokoj\u00ed chu\u0165ov\u00e9 bu\u0148ky harmonickou sm\u011bs\u00ed jemn\u00e9ho masa, pikantn\u00edch raj\u010dat a dokonale uva\u0159en\u00fdch t\u011bstovin.<\/p>\n","protected":false},"excerpt":{"rendered":"<p>Bolo\u0148sk\u00e9 \u0161pagety jsou obl\u00edben\u00e9 italsk\u00e9 t\u011bstoviny, kter\u00e9 jsou vydatn\u00e9 i uklid\u0148uj\u00edc\u00ed. Obsahuje al dente \u0161pagetov\u00e9 nudle obalen\u00e9 v bohat\u00e9 a pikantn\u00ed masov\u00e9 om\u00e1\u010dce. Om\u00e1\u010dka se &#8230; <a title=\"Bolo\u0148sk\u00e9 \u0161pagety\" class=\"read-more\" href=\"https:\/\/zenipress.com\/flavor\/produkt\/bolonske-spagety\/\" aria-label=\"Read more about Bolo\u0148sk\u00e9 \u0161pagety\">P\u0159e\u010dt\u011bte si v\u00edce<\/a><\/p>\n","protected":false},"featured_media":878,"comment_status":"open","ping_status":"closed","template":"","meta":[],"product_brand":[],"product_cat":[22],"product_tag":[],"class_list":{"0":"post-874","1":"product","2":"type-product","3":"status-publish","4":"has-post-thumbnail","6":"product_cat-hlavni-jidla","7":"sales-flash-overlay","8":"woocommerce-text-align-center","9":"woocommerce-image-align-center","10":"do-quantity-buttons","12":"first","13":"instock","14":"shipping-taxable","15":"purchasable","16":"product-type-simple"},"_links":{"self":[{"href":"https:\/\/zenipress.com\/flavor\/wp-json\/wp\/v2\/product\/874","targetHints":{"allow":["GET"]}}],"collection":[{"href":"https:\/\/zenipress.com\/flavor\/wp-json\/wp\/v2\/product"}],"about":[{"href":"https:\/\/zenipress.com\/flavor\/wp-json\/wp\/v2\/types\/product"}],"replies":[{"embeddable":true,"href":"https:\/\/zenipress.com\/flavor\/wp-json\/wp\/v2\/comments?post=874"}],"wp:featuredmedia":[{"embeddable":true,"href":"https:\/\/zenipress.com\/flavor\/wp-json\/wp\/v2\/media\/878"}],"wp:attachment":[{"href":"https:\/\/zenipress.com\/flavor\/wp-json\/wp\/v2\/media?parent=874"}],"wp:term":[{"taxonomy":"product_brand","embeddable":true,"href":"https:\/\/zenipress.com\/flavor\/wp-json\/wp\/v2\/product_brand?post=874"},{"taxonomy":"product_cat","embeddable":true,"href":"https:\/\/zenipress.com\/flavor\/wp-json\/wp\/v2\/product_cat?post=874"},{"taxonomy":"product_tag","embeddable":true,"href":"https:\/\/zenipress.com\/flavor\/wp-json\/wp\/v2\/product_tag?post=874"}],"curies":[{"name":"wp","href":"https:\/\/api.w.org\/{rel}","templated":true}]}}