{"id":870,"date":"2023-05-28T20:58:19","date_gmt":"2023-05-28T19:58:19","guid":{"rendered":"https:\/\/flavor.wordifysites.com\/?post_type=product&#038;p=870"},"modified":"2024-04-21T16:48:38","modified_gmt":"2024-04-21T14:48:38","slug":"salat-caprese","status":"publish","type":"product","link":"https:\/\/zenipress.com\/flavor\/produkt\/salat-caprese\/","title":{"rendered":"Sal\u00e1t Caprese"},"content":{"rendered":"<p>Sal\u00e1t Caprese je klasick\u00e9 italsk\u00e9 j\u00eddlo, kter\u00e9 vystihuje podstatu jednoduchosti a sv\u011b\u017eesti. Tento \u017eiv\u00fd sal\u00e1t obsahuje st\u0159\u00eddav\u011b pl\u00e1tky zral\u00fdch raj\u010dat a smetanov\u00fd s\u00fdr mozzarella. Mezi vrstvami jsou roztrou\u0161eny jemn\u00e9 l\u00edstky bazalky, kter\u00e9 dod\u00e1vaj\u00ed aromatick\u00fd a bylinn\u00fd n\u00e1dech. Kapka balzamikov\u00e9 glazury a olivov\u00e9ho oleje zv\u00fdrazn\u00ed chut\u011b, zat\u00edmco posyp soli a pep\u0159e p\u0159in\u00e1\u0161\u00ed rovnov\u00e1hu a hloubku. S ka\u017ed\u00fdm soustem se \u0161\u0165avnat\u00e1 raj\u010data, sametov\u00e1 mozzarella a vo\u0148av\u00e1 bazalka spoj\u00ed, aby vytvo\u0159ily harmonickou explozi chut\u00ed, kter\u00e1 je p\u0159\u00edkladem kr\u00e1sy nekomplikovan\u00e9 a p\u0159esto lahodn\u00e9 kuchyn\u011b.<\/p>\n","protected":false},"excerpt":{"rendered":"<p>Sal\u00e1t Caprese je klasick\u00e9 italsk\u00e9 j\u00eddlo, kter\u00e9 vystihuje podstatu jednoduchosti a sv\u011b\u017eesti. Tento \u017eiv\u00fd sal\u00e1t obsahuje st\u0159\u00eddav\u011b pl\u00e1tky zral\u00fdch raj\u010dat a smetanov\u00fd s\u00fdr mozzarella. Mezi &#8230; <a title=\"Sal\u00e1t Caprese\" class=\"read-more\" href=\"https:\/\/zenipress.com\/flavor\/produkt\/salat-caprese\/\" aria-label=\"Read more about Sal\u00e1t Caprese\">P\u0159e\u010dt\u011bte si v\u00edce<\/a><\/p>\n","protected":false},"featured_media":880,"comment_status":"open","ping_status":"closed","template":"","meta":[],"product_brand":[],"product_cat":[20],"product_tag":[],"class_list":{"0":"post-870","1":"product","2":"type-product","3":"status-publish","4":"has-post-thumbnail","6":"product_cat-predkrmy","7":"sales-flash-overlay","8":"woocommerce-text-align-center","9":"woocommerce-image-align-center","10":"do-quantity-buttons","12":"first","13":"instock","14":"shipping-taxable","15":"purchasable","16":"product-type-simple"},"_links":{"self":[{"href":"https:\/\/zenipress.com\/flavor\/wp-json\/wp\/v2\/product\/870","targetHints":{"allow":["GET"]}}],"collection":[{"href":"https:\/\/zenipress.com\/flavor\/wp-json\/wp\/v2\/product"}],"about":[{"href":"https:\/\/zenipress.com\/flavor\/wp-json\/wp\/v2\/types\/product"}],"replies":[{"embeddable":true,"href":"https:\/\/zenipress.com\/flavor\/wp-json\/wp\/v2\/comments?post=870"}],"wp:featuredmedia":[{"embeddable":true,"href":"https:\/\/zenipress.com\/flavor\/wp-json\/wp\/v2\/media\/880"}],"wp:attachment":[{"href":"https:\/\/zenipress.com\/flavor\/wp-json\/wp\/v2\/media?parent=870"}],"wp:term":[{"taxonomy":"product_brand","embeddable":true,"href":"https:\/\/zenipress.com\/flavor\/wp-json\/wp\/v2\/product_brand?post=870"},{"taxonomy":"product_cat","embeddable":true,"href":"https:\/\/zenipress.com\/flavor\/wp-json\/wp\/v2\/product_cat?post=870"},{"taxonomy":"product_tag","embeddable":true,"href":"https:\/\/zenipress.com\/flavor\/wp-json\/wp\/v2\/product_tag?post=870"}],"curies":[{"name":"wp","href":"https:\/\/api.w.org\/{rel}","templated":true}]}}