{"id":862,"date":"2023-05-28T20:53:14","date_gmt":"2023-05-28T19:53:14","guid":{"rendered":"https:\/\/flavor.wordifysites.com\/?post_type=product&#038;p=862"},"modified":"2024-04-21T16:48:25","modified_gmt":"2024-04-21T14:48:25","slug":"bruschetta","status":"publish","type":"product","link":"https:\/\/zenipress.com\/flavor\/produkt\/bruschetta\/","title":{"rendered":"Bruschetta"},"content":{"rendered":"<p>Bruschetta je delik\u00e1tn\u00ed italsk\u00fd p\u0159edkrm, kter\u00fd p\u0159edv\u00e1d\u00ed harmonick\u00e9 spojen\u00ed jednoduch\u00fdch, vysoce kvalitn\u00edch surovin. Za\u010d\u00edn\u00e1 to pl\u00e1tky k\u0159upav\u00e9ho chleba, ope\u010den\u00fdmi dozlatova, poskytuj\u00edc\u00edmi n\u00e1dhern\u00e9 k\u0159up\u00e1n\u00ed. Na vrcholu tohoto pl\u00e1tna \u010dek\u00e1 pulzuj\u00edc\u00ed a osv\u011b\u017euj\u00edc\u00ed sm\u011bs. Nakr\u00e1jen\u00e1 raj\u010data p\u0159ekypuj\u00edc\u00ed \u0161\u0165avnatost\u00ed se m\u00eds\u00ed s l\u00edstky \u010derstv\u00e9 bazalky a prop\u016fj\u010duj\u00ed sv\u00e9 bylinkov\u00e9 aroma. P\u0159id\u00e1n\u00ed jemn\u011b nasekan\u00e9ho \u010desneku dod\u00e1v\u00e1 jemn\u00fd n\u00e1dech \u0161tiplavosti, zat\u00edmco kapka sv\u016fdn\u00e9ho olivov\u00e9ho oleje v\u0161e spojuje svou hladkou bohatost\u00ed. Ka\u017ed\u00e9 sousto nab\u00edz\u00ed symfonii chut\u00ed, p\u0159i\u010dem\u017e k\u0159upav\u00fd chl\u00e9b p\u016fsob\u00ed jako z\u00e1klad pro pikantn\u00ed raj\u010data, vo\u0148avou bazalku a jemn\u00fd n\u00e1dech \u010desneku, co\u017e vede k p\u0159edkrmu, kter\u00fd je vizu\u00e1ln\u011b l\u00e1kav\u00fd a z\u00e1rove\u0148 n\u00e1dhernou exploz\u00ed \u010derstv\u00fdch, pikantn\u00edch dobrot.<\/p>\n","protected":false},"excerpt":{"rendered":"<p>Bruschetta je delik\u00e1tn\u00ed italsk\u00fd p\u0159edkrm, kter\u00fd p\u0159edv\u00e1d\u00ed harmonick\u00e9 spojen\u00ed jednoduch\u00fdch, vysoce kvalitn\u00edch surovin. Za\u010d\u00edn\u00e1 to pl\u00e1tky k\u0159upav\u00e9ho chleba, ope\u010den\u00fdmi dozlatova, poskytuj\u00edc\u00edmi n\u00e1dhern\u00e9 k\u0159up\u00e1n\u00ed. Na vrcholu &#8230; <a title=\"Bruschetta\" class=\"read-more\" href=\"https:\/\/zenipress.com\/flavor\/produkt\/bruschetta\/\" aria-label=\"Read more about Bruschetta\">P\u0159e\u010dt\u011bte si v\u00edce<\/a><\/p>\n","protected":false},"featured_media":888,"comment_status":"open","ping_status":"closed","template":"","meta":[],"product_brand":[],"product_cat":[20],"product_tag":[],"class_list":{"0":"post-862","1":"product","2":"type-product","3":"status-publish","4":"has-post-thumbnail","6":"product_cat-predkrmy","7":"sales-flash-overlay","8":"woocommerce-text-align-center","9":"woocommerce-image-align-center","10":"do-quantity-buttons","12":"first","13":"instock","14":"shipping-taxable","15":"purchasable","16":"product-type-simple"},"_links":{"self":[{"href":"https:\/\/zenipress.com\/flavor\/wp-json\/wp\/v2\/product\/862","targetHints":{"allow":["GET"]}}],"collection":[{"href":"https:\/\/zenipress.com\/flavor\/wp-json\/wp\/v2\/product"}],"about":[{"href":"https:\/\/zenipress.com\/flavor\/wp-json\/wp\/v2\/types\/product"}],"replies":[{"embeddable":true,"href":"https:\/\/zenipress.com\/flavor\/wp-json\/wp\/v2\/comments?post=862"}],"wp:featuredmedia":[{"embeddable":true,"href":"https:\/\/zenipress.com\/flavor\/wp-json\/wp\/v2\/media\/888"}],"wp:attachment":[{"href":"https:\/\/zenipress.com\/flavor\/wp-json\/wp\/v2\/media?parent=862"}],"wp:term":[{"taxonomy":"product_brand","embeddable":true,"href":"https:\/\/zenipress.com\/flavor\/wp-json\/wp\/v2\/product_brand?post=862"},{"taxonomy":"product_cat","embeddable":true,"href":"https:\/\/zenipress.com\/flavor\/wp-json\/wp\/v2\/product_cat?post=862"},{"taxonomy":"product_tag","embeddable":true,"href":"https:\/\/zenipress.com\/flavor\/wp-json\/wp\/v2\/product_tag?post=862"}],"curies":[{"name":"wp","href":"https:\/\/api.w.org\/{rel}","templated":true}]}}