{"id":414,"date":"2023-02-15T01:12:25","date_gmt":"2023-02-15T01:12:25","guid":{"rendered":"https:\/\/flavor.wordifysites.com\/?post_type=product&#038;p=414"},"modified":"2024-04-21T16:48:10","modified_gmt":"2024-04-21T14:48:10","slug":"datle-zabalene-ve-slanine-plnene-kozim-syrem","status":"publish","type":"product","link":"https:\/\/zenipress.com\/flavor\/produkt\/datle-zabalene-ve-slanine-plnene-kozim-syrem\/","title":{"rendered":"Datle zabalen\u00e9 ve slanin\u011b pln\u011bn\u00e9 koz\u00edm s\u00fdrem"},"content":{"rendered":"<p>Datle zabalen\u00e9 ve slanin\u011b pln\u011bn\u00e9 koz\u00edm s\u00fdrem jsou n\u00e1dhern\u00fdm p\u0159edkrmem, kter\u00fd kombinuje sladk\u00e9, slan\u00e9 a smetanov\u00e9 chut\u011b do jednoho pochoutky velikosti sousta. Toto j\u00eddlo obsahuje kypr\u00e9 datle, kter\u00e9 jsou pln\u011bn\u00e9 smetanov\u00fdm koz\u00edm s\u00fdrem a pot\u00e9 zabaleny do uzen\u00e9, k\u0159upav\u00e9 slaniny. P\u0159irozen\u00e1 sladkost datl\u00ed dokonale lad\u00ed s pikantn\u00edm a bohat\u00fdm koz\u00edm s\u00fdrem, zat\u00edmco slanina dod\u00e1v\u00e1 slan\u00fd a k\u0159upav\u00fd prvek. P\u0159i pe\u010den\u00ed nebo grilov\u00e1n\u00ed se slanina stane neodolateln\u011b k\u0159upavou a s\u00fdr se lehce rozpust\u00ed a vytvo\u0159\u00ed nebeskou kombinaci textur. Pokrm nab\u00edz\u00ed harmonickou sm\u011bs sladk\u00fdch, slan\u00fdch a po\u017eitk\u00e1\u0159sk\u00fdch chut\u00ed, d\u00edky kter\u00fdm je obl\u00edbenou volbou na ve\u010d\u00edrky, setk\u00e1n\u00ed nebo jako elegantn\u00ed p\u0159edkrm ke speci\u00e1ln\u00edmu j\u00eddlu.<\/p>\n","protected":false},"excerpt":{"rendered":"<p>Datle zabalen\u00e9 ve slanin\u011b pln\u011bn\u00e9 koz\u00edm s\u00fdrem jsou n\u00e1dhern\u00fdm p\u0159edkrmem, kter\u00fd kombinuje sladk\u00e9, slan\u00e9 a smetanov\u00e9 chut\u011b do jednoho pochoutky velikosti sousta. Toto j\u00eddlo obsahuje &#8230; <a title=\"Datle zabalen\u00e9 ve slanin\u011b pln\u011bn\u00e9 koz\u00edm s\u00fdrem\" class=\"read-more\" href=\"https:\/\/zenipress.com\/flavor\/produkt\/datle-zabalene-ve-slanine-plnene-kozim-syrem\/\" aria-label=\"Read more about Datle zabalen\u00e9 ve slanin\u011b pln\u011bn\u00e9 koz\u00edm s\u00fdrem\">P\u0159e\u010dt\u011bte si v\u00edce<\/a><\/p>\n","protected":false},"featured_media":421,"comment_status":"open","ping_status":"closed","template":"","meta":[],"product_brand":[],"product_cat":[20],"product_tag":[],"class_list":{"0":"post-414","1":"product","2":"type-product","3":"status-publish","4":"has-post-thumbnail","6":"product_cat-predkrmy","7":"sales-flash-overlay","8":"woocommerce-text-align-center","9":"woocommerce-image-align-center","10":"do-quantity-buttons","12":"first","13":"instock","14":"shipping-taxable","15":"purchasable","16":"product-type-simple"},"_links":{"self":[{"href":"https:\/\/zenipress.com\/flavor\/wp-json\/wp\/v2\/product\/414","targetHints":{"allow":["GET"]}}],"collection":[{"href":"https:\/\/zenipress.com\/flavor\/wp-json\/wp\/v2\/product"}],"about":[{"href":"https:\/\/zenipress.com\/flavor\/wp-json\/wp\/v2\/types\/product"}],"replies":[{"embeddable":true,"href":"https:\/\/zenipress.com\/flavor\/wp-json\/wp\/v2\/comments?post=414"}],"wp:featuredmedia":[{"embeddable":true,"href":"https:\/\/zenipress.com\/flavor\/wp-json\/wp\/v2\/media\/421"}],"wp:attachment":[{"href":"https:\/\/zenipress.com\/flavor\/wp-json\/wp\/v2\/media?parent=414"}],"wp:term":[{"taxonomy":"product_brand","embeddable":true,"href":"https:\/\/zenipress.com\/flavor\/wp-json\/wp\/v2\/product_brand?post=414"},{"taxonomy":"product_cat","embeddable":true,"href":"https:\/\/zenipress.com\/flavor\/wp-json\/wp\/v2\/product_cat?post=414"},{"taxonomy":"product_tag","embeddable":true,"href":"https:\/\/zenipress.com\/flavor\/wp-json\/wp\/v2\/product_tag?post=414"}],"curies":[{"name":"wp","href":"https:\/\/api.w.org\/{rel}","templated":true}]}}