{"id":63,"date":"2023-02-10T12:49:50","date_gmt":"2023-02-10T12:49:50","guid":{"rendered":"https:\/\/flavor.wordifysites.com\/?page_id=63"},"modified":"2024-04-21T16:57:52","modified_gmt":"2024-04-21T14:57:52","slug":"o-nas","status":"publish","type":"page","link":"https:\/\/zenipress.com\/flavor\/o-nas\/","title":{"rendered":"O n\u00e1s"},"content":{"rendered":"<section class=\"gb-container gb-container-39612e48\">\n<div class=\"gb-container gb-container-c710f22a\">\n<h2 class=\"gb-headline gb-headline-dd6a09da gb-headline-text\">Kvalita je na\u0161\u00ed nejvy\u0161\u0161\u00ed prioritou<\/h2>\n\n<p class=\"gb-headline gb-headline-d579961b gb-headline-text\">Integer dictum sem sed condimentum ultrices. Vestibulum lobortis est quis ipsum suscipit aliquet. Praesent a orci euismod, congue velit at, pharetra magna. Nunc eleifend eros nibh. Curabitur maximus erat felis, at lobortis erat accumsan eget.<\/p>\n<\/div>\n<\/section><section class=\"gb-container gb-container-ad280419\">\n<div class=\"gb-container gb-container-d7b4c96c\">\n<figure class=\"gb-block-image gb-block-image-206fe3ea\"><img loading=\"lazy\" decoding=\"async\" width=\"640\" height=\"427\" class=\"gb-image gb-image-206fe3ea\" src=\"https:\/\/zenipress.com\/app\/uploads\/sites\/12\/2023\/05\/kelsey-chance-ZrhtQyGFG6s-unsplash.jpg\" alt=\"\" title=\"kelsey-chance-ZrhtQyGFG6s-unsplash\" srcset=\"https:\/\/zenipress.com\/app\/uploads\/sites\/12\/2023\/05\/kelsey-chance-ZrhtQyGFG6s-unsplash.jpg 640w, https:\/\/zenipress.com\/app\/uploads\/sites\/12\/2023\/05\/kelsey-chance-ZrhtQyGFG6s-unsplash-300x200.jpg 300w, https:\/\/zenipress.com\/app\/uploads\/sites\/12\/2023\/05\/kelsey-chance-ZrhtQyGFG6s-unsplash-600x400.jpg 600w\" sizes=\"auto, (max-width: 640px) 100vw, 640px\" \/><\/figure>\n\n<figure class=\"gb-block-image gb-block-image-b281b9e6\"><img loading=\"lazy\" decoding=\"async\" width=\"1024\" height=\"683\" class=\"gb-image gb-image-b281b9e6\" src=\"https:\/\/gpsites.co\/flavor\/wp-content\/uploads\/sites\/130\/2023\/02\/jay-wennington-N_Y88TWmGwA-unsplash-1024x683.jpg\" alt=\"\" title=\"jay-wennington-N_Y88TWmGwA-unsplash\" srcset=\"https:\/\/zenipress.com\/app\/uploads\/sites\/12\/2023\/02\/jay-wennington-N_Y88TWmGwA-unsplash-1024x683.jpg 1024w, https:\/\/zenipress.com\/app\/uploads\/sites\/12\/2023\/02\/jay-wennington-N_Y88TWmGwA-unsplash-300x200.jpg 300w, https:\/\/zenipress.com\/app\/uploads\/sites\/12\/2023\/02\/jay-wennington-N_Y88TWmGwA-unsplash-768x512.jpg 768w, https:\/\/zenipress.com\/app\/uploads\/sites\/12\/2023\/02\/jay-wennington-N_Y88TWmGwA-unsplash-1536x1024.jpg 1536w, https:\/\/zenipress.com\/app\/uploads\/sites\/12\/2023\/02\/jay-wennington-N_Y88TWmGwA-unsplash-600x400.jpg 600w, https:\/\/zenipress.com\/app\/uploads\/sites\/12\/2023\/02\/jay-wennington-N_Y88TWmGwA-unsplash.jpg 1920w\" sizes=\"auto, (max-width: 1024px) 100vw, 1024px\" \/><\/figure>\n<\/div>\n\n<div class=\"gb-container gb-container-20cf681f\">\n<h2 class=\"gb-headline gb-headline-8d60453e\"><span class=\"gb-icon\"><svg aria-hidden=\"true\" role=\"img\" height=\"1em\" width=\"1em\" viewBox=\"0 0 512 512\" xmlns=\"http:\/\/www.w3.org\/2000\/svg\"><path fill=\"currentColor\" d=\"M478.21 334.093L336 256l142.21-78.093c11.795-6.477 15.961-21.384 9.232-33.037l-19.48-33.741c-6.728-11.653-21.72-15.499-33.227-8.523L296 186.718l3.475-162.204C299.763 11.061 288.937 0 275.48 0h-38.96c-13.456 0-24.283 11.061-23.994 24.514L216 186.718 77.265 102.607c-11.506-6.976-26.499-3.13-33.227 8.523l-19.48 33.741c-6.728 11.653-2.562 26.56 9.233 33.037L176 256 33.79 334.093c-11.795 6.477-15.961 21.384-9.232 33.037l19.48 33.741c6.728 11.653 21.721 15.499 33.227 8.523L216 325.282l-3.475 162.204C212.237 500.939 223.064 512 236.52 512h38.961c13.456 0 24.283-11.061 23.995-24.514L296 325.282l138.735 84.111c11.506 6.976 26.499 3.13 33.227-8.523l19.48-33.741c6.728-11.653 2.563-26.559-9.232-33.036z\"><\/path><\/svg><\/span><span class=\"gb-headline-text\">N\u00e1\u0161 p\u0159\u00edb\u011bh<\/span><\/h2>\n\n<h3 class=\"gb-headline gb-headline-4b9d6622 gb-headline-text\">Na\u0161e dosavadn\u00ed cesta<\/h3>\n\n<p class=\"gb-headline gb-headline-14e22535 gb-headline-text\">Donec malesuada interdum aliquam. Fusce interdum, odio at fringilla luctus, nisl lectus hendrerit massa, a elementum sapien massa nec ligula. Nullam a nunc tristique dui rhoncus sagittis fermentum a orci. Aliquam rhoncus, dui eget consequat venenatis, justo nulla rhoncus nisl, et hendrerit diam diam vel quam. Curabitur in sem sed massa condimentum sollicitudin. Integer tempus at erat quis venenatis.<\/p>\n\n<a class=\"gb-button gb-button-1e7109c8 gb-button-text\" href=\"#\">Zjist\u011bte v\u00edce<\/a>\n<\/div>\n<\/section><section class=\"gb-container gb-container-53ec5ded\">\n<div class=\"gb-container gb-container-2d0039d1\">\n<h2 class=\"gb-headline gb-headline-5cb5eca8\"><span class=\"gb-icon\"><svg aria-hidden=\"true\" role=\"img\" height=\"1em\" width=\"1em\" viewBox=\"0 0 512 512\" xmlns=\"http:\/\/www.w3.org\/2000\/svg\"><path fill=\"currentColor\" d=\"M478.21 334.093L336 256l142.21-78.093c11.795-6.477 15.961-21.384 9.232-33.037l-19.48-33.741c-6.728-11.653-21.72-15.499-33.227-8.523L296 186.718l3.475-162.204C299.763 11.061 288.937 0 275.48 0h-38.96c-13.456 0-24.283 11.061-23.994 24.514L216 186.718 77.265 102.607c-11.506-6.976-26.499-3.13-33.227 8.523l-19.48 33.741c-6.728 11.653-2.562 26.56 9.233 33.037L176 256 33.79 334.093c-11.795 6.477-15.961 21.384-9.232 33.037l19.48 33.741c6.728 11.653 21.721 15.499 33.227 8.523L216 325.282l-3.475 162.204C212.237 500.939 223.064 512 236.52 512h38.961c13.456 0 24.283-11.061 23.995-24.514L296 325.282l138.735 84.111c11.506 6.976 26.499 3.13 33.227-8.523l19.48-33.741c6.728-11.653 2.563-26.559-9.232-33.036z\"><\/path><\/svg><\/span><span class=\"gb-headline-text\">Na\u0161e j\u00eddla<\/span><\/h2>\n\n<h3 class=\"gb-headline gb-headline-fe8844b6 gb-headline-text\">Posedl\u00fd kvalitou<\/h3>\n\n<p class=\"gb-headline gb-headline-994b76a3 gb-headline-text\">Donec malesuada interdum aliquam. Fusce interdum, odio at fringilla luctus, nisl lectus hendrerit massa, a elementum sapien massa nec ligula. Nullam a nunc tristique dui rhoncus sagittis fermentum a orci. Aliquam rhoncus, dui eget consequat venenatis, justo nulla rhoncus nisl, et hendrerit diam diam vel quam. Curabitur in sem sed massa condimentum sollicitudin. Integer tempus at erat quis venenatis.<\/p>\n\n<a class=\"gb-button gb-button-faf28459 gb-button-text\" href=\"#\">Zjist\u011bte v\u00edce<\/a>\n<\/div>\n\n<div class=\"gb-container gb-container-765e0b90\">\n<figure class=\"gb-block-image gb-block-image-37f1edbe\"><img decoding=\"async\" class=\"gb-image gb-image-37f1edbe\" src=\"https:\/\/gpsites.co\/flavor\/wp-content\/uploads\/sites\/130\/2023\/05\/robert-anasch-LTuEaQczYo4-unsplash-1024x682.jpg\" alt=\"\" title=\"robert-anasch-LTuEaQczYo4-unsplash\"\/><\/figure>\n\n<figure class=\"gb-block-image gb-block-image-de00d674\"><img decoding=\"async\" class=\"gb-image gb-image-de00d674\" src=\"https:\/\/gpsites.co\/flavor\/wp-content\/uploads\/sites\/130\/2023\/02\/Bacon-wrapped-Dates-stuffed-with-Goat-Cheese-1024x682.jpg\" alt=\"\" title=\"Bacon-wrapped-Dates-stuffed-with-Goat-Cheese\"\/><\/figure>\n<\/div>\n<\/section><section class=\"gb-container gb-container-c9a8c543\">\n<div class=\"gb-container gb-container-e8f6d94d\">\n<h2 class=\"gb-headline gb-headline-dded0a8c\"><span class=\"gb-icon\"><svg aria-hidden=\"true\" role=\"img\" height=\"1em\" width=\"1em\" viewBox=\"0 0 512 512\" xmlns=\"http:\/\/www.w3.org\/2000\/svg\"><path fill=\"currentColor\" d=\"M478.21 334.093L336 256l142.21-78.093c11.795-6.477 15.961-21.384 9.232-33.037l-19.48-33.741c-6.728-11.653-21.72-15.499-33.227-8.523L296 186.718l3.475-162.204C299.763 11.061 288.937 0 275.48 0h-38.96c-13.456 0-24.283 11.061-23.994 24.514L216 186.718 77.265 102.607c-11.506-6.976-26.499-3.13-33.227 8.523l-19.48 33.741c-6.728 11.653-2.562 26.56 9.233 33.037L176 256 33.79 334.093c-11.795 6.477-15.961 21.384-9.232 33.037l19.48 33.741c6.728 11.653 21.721 15.499 33.227 8.523L216 325.282l-3.475 162.204C212.237 500.939 223.064 512 236.52 512h38.961c13.456 0 24.283-11.061 23.995-24.514L296 325.282l138.735 84.111c11.506 6.976 26.499 3.13 33.227-8.523l19.48-33.741c6.728-11.653 2.563-26.559-9.232-33.036z\"><\/path><\/svg><\/span><span class=\"gb-headline-text\">Pro\u010d n\u00e1s vybrat<\/span><\/h2>\n\n<h3 class=\"gb-headline gb-headline-5c96cbd9 gb-headline-text\">Nejobl\u00edben\u011bj\u0161\u00ed restaurace ve m\u011bst\u011b!<\/h3>\n\n<div class=\"gb-grid-wrapper gb-grid-wrapper-50cc37b7\">\n<div class=\"gb-grid-column gb-grid-column-7edc1235\"><div class=\"gb-container gb-container-7edc1235\">\n<div class=\"gb-container gb-container-a54b3116\">\n<div class=\"gb-headline gb-headline-7c10a4e6 gb-headline-text\">01<\/div>\n<\/div>\n\n<div class=\"gb-container gb-container-a784e204\">\n<p class=\"gb-headline gb-headline-01bce296 gb-headline-text\">\u00da\u017easn\u00e9 j\u00eddlo<\/p>\n\n<p class=\"gb-headline gb-headline-742925cd gb-headline-text\">Vestibulum ante ipsum primis in faucibus orci luctus et ultrices posuere cubilia curae<\/p>\n<\/div>\n<\/div><\/div>\n\n<div class=\"gb-grid-column gb-grid-column-7f47ff8d\"><div class=\"gb-container gb-container-7f47ff8d\">\n<div class=\"gb-container gb-container-9f95a9af\">\n<div class=\"gb-headline gb-headline-e52b2db6 gb-headline-text\">02<\/div>\n<\/div>\n\n<div class=\"gb-container gb-container-cf3e2f0a\">\n<p class=\"gb-headline gb-headline-d42b32a0 gb-headline-text\">Skv\u011bl\u00e1 dostupnost<\/p>\n\n<p class=\"gb-headline gb-headline-b03359de gb-headline-text\">Vestibulum ante ipsum primis in faucibus orci luctus et ultrices posuere cubilia curae<\/p>\n<\/div>\n<\/div><\/div>\n\n<div class=\"gb-grid-column gb-grid-column-aea7c987\"><div class=\"gb-container gb-container-aea7c987\">\n<div class=\"gb-container gb-container-aec36dc8\">\n<div class=\"gb-headline gb-headline-be11076a gb-headline-text\">03<\/div>\n<\/div>\n\n<div class=\"gb-container gb-container-2067db43\">\n<p class=\"gb-headline gb-headline-c79d3f2f gb-headline-text\">Personalizovan\u00e1 slu\u017eba<\/p>\n\n<p class=\"gb-headline gb-headline-ab5ae990 gb-headline-text\">Vestibulum ante ipsum primis in faucibus orci luctus et ultrices posuere cubilia curae<\/p>\n<\/div>\n<\/div><\/div>\n\n<div class=\"gb-grid-column gb-grid-column-58547fd2\"><div class=\"gb-container gb-container-58547fd2\">\n<div class=\"gb-container gb-container-5829f581\">\n<div class=\"gb-headline gb-headline-2fad82cf gb-headline-text\">04<\/div>\n<\/div>\n\n<div class=\"gb-container gb-container-5c6bbb33\">\n<p class=\"gb-headline gb-headline-3e051a42 gb-headline-text\">Personalizovan\u00e1 slu\u017eba<\/p>\n\n<p class=\"gb-headline gb-headline-b934986b gb-headline-text\">Vestibulum ante ipsum primis in faucibus orci luctus et ultrices posuere cubilia curae<\/p>\n<\/div>\n<\/div><\/div>\n<\/div>\n<\/div>\n<\/section><section class=\"gb-container gb-container-2bee9fa8\">\n<div class=\"gb-container gb-container-9c60222b\">\n<h2 class=\"gb-headline gb-headline-5cbf5f43\"><span class=\"gb-icon\"><svg xmlns=\"http:\/\/www.w3.org\/2000\/svg\" viewBox=\"0 0 512 512\" width=\"1em\" height=\"1em\" aria-hidden=\"true\"><path d=\"M478.21 334.093L336 256l142.21-78.093c11.795-6.477 15.961-21.384 9.232-33.037l-19.48-33.741c-6.728-11.653-21.72-15.499-33.227-8.523L296 186.718l3.475-162.204C299.763 11.061 288.937 0 275.48 0h-38.96c-13.456 0-24.283 11.061-23.994 24.514L216 186.718 77.265 102.607c-11.506-6.976-26.499-3.13-33.227 8.523l-19.48 33.741c-6.728 11.653-2.562 26.56 9.233 33.037L176 256 33.79 334.093c-11.795 6.477-15.961 21.384-9.232 33.037l19.48 33.741c6.728 11.653 21.721 15.499 33.227 8.523L216 325.282l-3.475 162.204C212.237 500.939 223.064 512 236.52 512h38.961c13.456 0 24.283-11.061 23.995-24.514L296 325.282l138.735 84.111c11.506 6.976 26.499 3.13 33.227-8.523l19.48-33.741c6.728-11.653 2.563-26.559-9.232-33.036z\" fill=\"currentColor\"><\/path><\/svg><\/span><span class=\"gb-headline-text\">Na\u0161i kucha\u0159i<\/span><\/h2>\n\n<h3 class=\"gb-headline gb-headline-4bb93d08 gb-headline-text\">Na\u0161e nejtajn\u011bj\u0161\u00ed recepty!<\/h3>\n\n<p class=\"gb-headline gb-headline-74e395a9 gb-headline-text\">Curabitur maximus erat felis, at lobortis erat accumsan eget. Phasellus massa nisl, eleifend nec maximus sed, commodo a libero.<\/p>\n\n<div class=\"gb-grid-wrapper gb-grid-wrapper-8a574a07\">\n<div class=\"gb-grid-column gb-grid-column-6b3fe734\"><div class=\"gb-container gb-container-6b3fe734\" style=\"background-image: url(https:\/\/zenipress.com\/app\/uploads\/sites\/12\/2023\/05\/rc-cf-FMh5o5m5N9E-unsplash.jpg);\">\n<div class=\"gb-container gb-container-3966406a\">\n<h4 class=\"gb-headline gb-headline-d9199284 gb-headline-text\">Diego Nova<\/h4>\n\n<p class=\"gb-headline gb-headline-94b16704 gb-headline-text\">Vedouc\u00ed kucha\u0159<\/p>\n<\/div>\n<\/div><\/div>\n\n<div class=\"gb-grid-column gb-grid-column-5fd8f2e8\"><div class=\"gb-container gb-container-5fd8f2e8\" style=\"background-image: url(https:\/\/zenipress.com\/app\/uploads\/sites\/12\/2023\/05\/redcharlie-redcharlie1-t-7KEq9M0b0-unsplash.jpg);\">\n<div class=\"gb-container gb-container-1e2d5b28\">\n<h4 class=\"gb-headline gb-headline-f4d88ee6 gb-headline-text\">Mario Santos<\/h4>\n\n<p class=\"gb-headline gb-headline-16007816 gb-headline-text\">Vedouc\u00ed kucha\u0159<\/p>\n<\/div>\n<\/div><\/div>\n\n<div class=\"gb-grid-column gb-grid-column-e7026557\"><div class=\"gb-container gb-container-e7026557\" style=\"background-image: url(https:\/\/zenipress.com\/app\/uploads\/sites\/12\/2023\/05\/sebastian-coman-photography-eBmyH7oO5wY-unsplash.jpg);\">\n<div class=\"gb-container gb-container-6f695891\">\n<h4 class=\"gb-headline gb-headline-29a598e0 gb-headline-text\">Jonathan White<\/h4>\n\n<p class=\"gb-headline gb-headline-a0d42744 gb-headline-text\">Vedouc\u00ed kucha\u0159<\/p>\n<\/div>\n<\/div><\/div>\n<\/div>\n<\/div>\n<\/section>","protected":false},"excerpt":{"rendered":"<p>Kvalita je na\u0161\u00ed nejvy\u0161\u0161\u00ed prioritou Integer dictum sem sed condimentum ultrices. Vestibulum lobortis est quis ipsum suscipit aliquet. Praesent a orci euismod, congue velit at, &#8230; <a title=\"O n\u00e1s\" class=\"read-more\" href=\"https:\/\/zenipress.com\/flavor\/o-nas\/\" aria-label=\"Read more about O n\u00e1s\">P\u0159e\u010dt\u011bte si v\u00edce<\/a><\/p>\n","protected":false},"author":1,"featured_media":0,"parent":0,"menu_order":0,"comment_status":"closed","ping_status":"closed","template":"","meta":{"footnotes":""},"class_list":["post-63","page","type-page","status-publish"],"_links":{"self":[{"href":"https:\/\/zenipress.com\/flavor\/wp-json\/wp\/v2\/pages\/63","targetHints":{"allow":["GET"]}}],"collection":[{"href":"https:\/\/zenipress.com\/flavor\/wp-json\/wp\/v2\/pages"}],"about":[{"href":"https:\/\/zenipress.com\/flavor\/wp-json\/wp\/v2\/types\/page"}],"author":[{"embeddable":true,"href":"https:\/\/zenipress.com\/flavor\/wp-json\/wp\/v2\/users\/1"}],"replies":[{"embeddable":true,"href":"https:\/\/zenipress.com\/flavor\/wp-json\/wp\/v2\/comments?post=63"}],"version-history":[{"count":3,"href":"https:\/\/zenipress.com\/flavor\/wp-json\/wp\/v2\/pages\/63\/revisions"}],"predecessor-version":[{"id":1796,"href":"https:\/\/zenipress.com\/flavor\/wp-json\/wp\/v2\/pages\/63\/revisions\/1796"}],"wp:attachment":[{"href":"https:\/\/zenipress.com\/flavor\/wp-json\/wp\/v2\/media?parent=63"}],"curies":[{"name":"wp","href":"https:\/\/api.w.org\/{rel}","templated":true}]}}