{"id":28,"date":"2022-08-11T16:39:08","date_gmt":"2022-08-11T20:39:08","guid":{"rendered":"https:\/\/wbcollective.dev\/explore\/?page_id=28"},"modified":"2024-04-22T02:39:29","modified_gmt":"2024-04-22T00:39:29","slug":"pruvodce-stylem","status":"publish","type":"page","link":"https:\/\/zenipress.com\/explore\/pruvodce-stylem\/","title":{"rendered":"Pr\u016fvodce stylem"},"content":{"rendered":"<div class=\"gb-container gb-container-ee5cdefe\">\n\n<div class=\"gb-headline gb-headline-98068e6d gb-headline-text\">Titulky \u2013 Prata 400 <\/div>\n\n\n\n<h1 class=\"gb-headline gb-headline-97fa7a5e gb-headline-text\">H1 Potvr\u010fte pozitivn\u00ed, vizualizujte si pozitivn\u00ed a o\u010dek\u00e1vejte pozitivn\u00ed a v\u00e1\u0161 \u017eivot se podle toho zm\u011bn\u00ed.<\/h1>\n\n\n\n<h2 class=\"gb-headline gb-headline-ef7a8a40 gb-headline-text\">H2 Potvr\u010fte pozitivn\u00ed, vizualizujte si pozitivn\u00ed a o\u010dek\u00e1vejte pozitivn\u00ed a v\u00e1\u0161 \u017eivot se podle toho zm\u011bn\u00ed.<\/h2>\n\n\n\n<h3 class=\"gb-headline gb-headline-a507a417 gb-headline-text\">H3 Potvr\u010fte pozitivn\u00ed, vizualizujte si pozitivn\u00ed a o\u010dek\u00e1vejte pozitivn\u00ed a v\u00e1\u0161 \u017eivot se podle toho zm\u011bn\u00ed.<\/h3>\n\n\n\n<h4 class=\"gb-headline gb-headline-7972dccd gb-headline-text\">H4 Potvr\u010fte pozitivn\u00ed, vizualizujte si pozitivn\u00ed a o\u010dek\u00e1vejte pozitivn\u00ed a v\u00e1\u0161 \u017eivot se podle toho zm\u011bn\u00ed.<\/h4>\n\n\n\n<div class=\"gb-headline gb-headline-4dddca7d gb-headline-text\">Text \u2013 Nunito Sans 400 <\/div>\n\n\n\n<p>Mollis pretium lorem primis senectus habitasse lectus <a href=\"#\">scelerisque<\/a> donec ultricies tortor suspendisse adipiscing fusce morbi volutpat pellentesque consectetur mi risus molestie curae malesuada. Dignissim lacus convallis massa mauris enim ad mattis magnis senectus montes taciti phasellus accumsan bibendum semper blandit suspendisse faucibus. <\/p>\n\n\n\n<p class=\"gb-headline gb-headline-b8c3d32c gb-headline-text\">Vivamus integer non suscipit taciti mus etiam at primis tempor sagittis sit euismod libero facilisi aptent elementum felis blandit cursus gravida sociis erat ante eleifend lectus nullam dapibus netus feugiat curae curabitur est ad. Massa curae fringilla consectetur porttitor quam sollicitudin iaculis aptent ligula euismod dictumst penatibus mauris praesent.<\/p>\n\n\n\n<div class=\"gb-headline gb-headline-881a1576 gb-headline-text\">Paleta barev<\/div>\n\n\n<div class=\"gb-grid-wrapper gb-grid-wrapper-8c192b17\">\n<div class=\"gb-grid-column gb-grid-column-01eb768a\"><div class=\"gb-container gb-container-01eb768a\">\n<div class=\"gb-container gb-container-e7f56cc9\"><div class=\"gb-inside-container\"><\/div><\/div>\n\n\n<p class=\"gb-headline gb-headline-1678ff8a gb-headline-text\">var(&#8211;contrast)<\/p>\n\n<\/div><\/div>\n\n<div class=\"gb-grid-column gb-grid-column-ab776770\"><div class=\"gb-container gb-container-ab776770\">\n<div class=\"gb-container gb-container-f6b23792\"><div class=\"gb-inside-container\"><\/div><\/div>\n\n\n<p class=\"gb-headline gb-headline-42a2145f gb-headline-text\">var(&#8211;contrast-2)<\/p>\n\n<\/div><\/div>\n\n<div class=\"gb-grid-column gb-grid-column-76e74842\"><div class=\"gb-container gb-container-76e74842\">\n<div class=\"gb-container gb-container-48200427\"><div class=\"gb-inside-container\"><\/div><\/div>\n\n\n<p class=\"gb-headline gb-headline-1bfcfb97 gb-headline-text\">var(&#8211;contrast-3)<\/p>\n\n<\/div><\/div>\n\n<div class=\"gb-grid-column gb-grid-column-ee1dbcab\"><div class=\"gb-container gb-container-ee1dbcab\">\n<div class=\"gb-container gb-container-2221951f\"><div class=\"gb-inside-container\"><\/div><\/div>\n\n\n<p class=\"gb-headline gb-headline-6370050e gb-headline-text\">var(&#8211;base)<\/p>\n\n<\/div><\/div>\n\n<div class=\"gb-grid-column gb-grid-column-9ed7eb25\"><div class=\"gb-container gb-container-9ed7eb25\">\n<div class=\"gb-container gb-container-87259fbc\"><div class=\"gb-inside-container\"><\/div><\/div>\n\n\n<p class=\"gb-headline gb-headline-f9e091ae gb-headline-text\">var(&#8211;base-2)<\/p>\n\n<\/div><\/div>\n\n<div class=\"gb-grid-column gb-grid-column-654c2cbc\"><div class=\"gb-container gb-container-654c2cbc\">\n<div class=\"gb-container gb-container-e567d60a\"><div class=\"gb-inside-container\"><\/div><\/div>\n\n\n<p class=\"gb-headline gb-headline-ab6c59ff gb-headline-text\">var(&#8211;base-3)<\/p>\n\n<\/div><\/div>\n\n<div class=\"gb-grid-column gb-grid-column-e4407ed0\"><div class=\"gb-container gb-container-e4407ed0\">\n<div class=\"gb-container gb-container-7659b8e5\"><div class=\"gb-inside-container\"><\/div><\/div>\n\n\n<p class=\"gb-headline gb-headline-70d4e2cd gb-headline-text\">var(&#8211;accent)<\/p>\n\n<\/div><\/div>\n<\/div>\n\n\n<div class=\"gb-headline gb-headline-bd528e9f gb-headline-text\">Tla\u010d\u00edtka<\/div>\n\n\n<div class=\"gb-container gb-container-c0ae4556\">\n\n<span class=\"gb-button gb-button-77995f77\"><span class=\"gb-button-text\">P\u0159e\u010dt\u011bte si v\u00edce<\/span><span class=\"gb-icon\"><svg viewBox=\"0 0 40 25.81\" xmlns=\"http:\/\/www.w3.org\/2000\/svg\" data-name=\"Layer 1\"><path d=\"M1.55 14.46H34.7l-8.7 8.7a1.55 1.55 0 1 0 2.19 2.19L39.54 14a1.53 1.53 0 0 0 0-2.19L28.19.45A1.55 1.55 0 1 0 26 2.65l8.7 8.7H1.55a1.56 1.56 0 0 0 0 3.11Z\"><\/path><\/svg><\/span><\/span>\n\n\n\n<a class=\"gb-button gb-button-beea65a6\" href=\"#\"><span class=\"gb-button-text\">obrys<\/span><span class=\"gb-icon\"><svg viewBox=\"0 0 40 25.81\" xmlns=\"http:\/\/www.w3.org\/2000\/svg\" data-name=\"Layer 1\"><path d=\"M1.55 14.46H34.7l-8.7 8.7a1.55 1.55 0 1 0 2.19 2.19L39.54 14a1.53 1.53 0 0 0 0-2.19L28.19.45A1.55 1.55 0 1 0 26 2.65l8.7 8.7H1.55a1.56 1.56 0 0 0 0 3.11Z\"><\/path><\/svg><\/span><\/a>\n\n\n\n<a class=\"gb-button gb-button-9ce4a688\" href=\"#\"><span class=\"gb-button-text\">tuh\u00fd<\/span><span class=\"gb-icon\"><svg viewBox=\"0 0 40 25.81\" xmlns=\"http:\/\/www.w3.org\/2000\/svg\" data-name=\"Layer 1\"><path d=\"M1.55 14.46H34.7l-8.7 8.7a1.55 1.55 0 1 0 2.19 2.19L39.54 14a1.53 1.53 0 0 0 0-2.19L28.19.45A1.55 1.55 0 1 0 26 2.65l8.7 8.7H1.55a1.56 1.56 0 0 0 0 3.11Z\"><\/path><\/svg><\/span><\/a>\n\n<\/div>\n\n\n<p class=\"gb-headline gb-headline-840c7ced\"><span class=\"gb-icon\"><svg viewBox=\"0 0 16 16\" class=\"bi bi-camera\" fill=\"currentColor\" height=\"16\" width=\"16\" xmlns=\"http:\/\/www.w3.org\/2000\/svg\">   <path d=\"M15 12a1 1 0 0 1-1 1H2a1 1 0 0 1-1-1V6a1 1 0 0 1 1-1h1.172a3 3 0 0 0 2.12-.879l.83-.828A1 1 0 0 1 6.827 3h2.344a1 1 0 0 1 .707.293l.828.828A3 3 0 0 0 12.828 5H14a1 1 0 0 1 1 1v6zM2 4a2 2 0 0 0-2 2v6a2 2 0 0 0 2 2h12a2 2 0 0 0 2-2V6a2 2 0 0 0-2-2h-1.172a2 2 0 0 1-1.414-.586l-.828-.828A2 2 0 0 0 9.172 2H6.828a2 2 0 0 0-1.414.586l-.828.828A2 2 0 0 1 3.172 4H2z\"><\/path>   <path d=\"M8 11a2.5 2.5 0 1 1 0-5 2.5 2.5 0 0 1 0 5zm0 1a3.5 3.5 0 1 0 0-7 3.5 3.5 0 0 0 0 7zM3 6.5a.5.5 0 1 1-1 0 .5.5 0 0 1 1 0z\"><\/path> <\/svg><\/span><span class=\"gb-headline-text\">Obr\u00e1zky jsou k dispozici na Unsplash<\/span><\/p>\n\n<\/div>","protected":false},"excerpt":{"rendered":"<p>Titulky \u2013 Prata 400 H1 Potvr\u010fte pozitivn\u00ed, vizualizujte si pozitivn\u00ed a o\u010dek\u00e1vejte pozitivn\u00ed a v\u00e1\u0161 \u017eivot se podle toho zm\u011bn\u00ed. H2 Potvr\u010fte pozitivn\u00ed, vizualizujte si pozitivn\u00ed a o\u010dek\u00e1vejte pozitivn\u00ed a v\u00e1\u0161 \u017eivot se podle toho zm\u011bn\u00ed. H3 Potvr\u010fte pozitivn\u00ed, vizualizujte si pozitivn\u00ed a o\u010dek\u00e1vejte pozitivn\u00ed a v\u00e1\u0161 \u017eivot se podle toho zm\u011bn\u00ed. H4 Potvr\u010fte pozitivn\u00ed, &#8230; <a title=\"Pr\u016fvodce stylem\" class=\"read-more\" href=\"https:\/\/zenipress.com\/explore\/pruvodce-stylem\/\" aria-label=\"Read more about Pr\u016fvodce stylem\">\u010c\u00edst v\u00edce<\/a><\/p>\n","protected":false},"author":1,"featured_media":0,"parent":0,"menu_order":0,"comment_status":"closed","ping_status":"closed","template":"","meta":{"footnotes":""},"class_list":["post-28","page","type-page","status-publish"],"_links":{"self":[{"href":"https:\/\/zenipress.com\/explore\/wp-json\/wp\/v2\/pages\/28","targetHints":{"allow":["GET"]}}],"collection":[{"href":"https:\/\/zenipress.com\/explore\/wp-json\/wp\/v2\/pages"}],"about":[{"href":"https:\/\/zenipress.com\/explore\/wp-json\/wp\/v2\/types\/page"}],"author":[{"embeddable":true,"href":"https:\/\/zenipress.com\/explore\/wp-json\/wp\/v2\/users\/1"}],"replies":[{"embeddable":true,"href":"https:\/\/zenipress.com\/explore\/wp-json\/wp\/v2\/comments?post=28"}],"version-history":[{"count":2,"href":"https:\/\/zenipress.com\/explore\/wp-json\/wp\/v2\/pages\/28\/revisions"}],"predecessor-version":[{"id":2043,"href":"https:\/\/zenipress.com\/explore\/wp-json\/wp\/v2\/pages\/28\/revisions\/2043"}],"wp:attachment":[{"href":"https:\/\/zenipress.com\/explore\/wp-json\/wp\/v2\/media?parent=28"}],"curies":[{"name":"wp","href":"https:\/\/api.w.org\/{rel}","templated":true}]}}