{"id":169,"date":"2022-08-15T15:35:51","date_gmt":"2022-08-15T19:35:51","guid":{"rendered":"https:\/\/wbcollective.dev\/explore\/?page_id=169"},"modified":"2024-04-22T02:38:01","modified_gmt":"2024-04-22T00:38:01","slug":"o-nas","status":"publish","type":"page","link":"https:\/\/zenipress.com\/explore\/o-nas\/","title":{"rendered":"O n\u00e1s"},"content":{"rendered":"<div class=\"gb-container gb-container-714c8a1b\">\n<div class=\"gb-container gb-container-a1dadea3\">\n<div class=\"gb-container gb-container-e6e4532b\">\n\n<h2 class=\"gb-headline gb-headline-c4946eeb gb-headline-text\">Svobodn\u00ed duchov\u00e9 s posedlost\u00ed cestovat<\/h2>\n\n\n\n<p class=\"gb-headline gb-headline-94d1d6f8 gb-headline-text\">Lorem ipsum amet consectetuer adipiscing elit penatibus imperdiet morbi dolor tortor. Vivamus nascetur eget iaculis mollis dolor nostra nibh nascetur ullam corper. Amet pharetra torquent auctor tortor magnis ultrices nibh imperdiet lobortis metus convallis. <\/p>\n\n\n\n<p class=\"gb-headline gb-headline-9c7caf48 gb-headline-text\">Semper pharetra montes fringilla habitant congue integer condimentum ultricies nisi dui nullam placerat. Aliquet magnis consequat nulla pulvinar maecenas ipsum imperdiet maximus. <\/p>\n\n\n\n<div class=\"gb-headline gb-headline-3fec6813 gb-headline-text\">P\u0159ipojte se k n\u00e1m online!<\/div>\n\n\n<div class=\"gb-container gb-container-b5893f4b\">\n\n<a class=\"gb-button gb-button-8c647d1a\" href=\"#\"><span class=\"gb-icon\"><svg viewBox=\"0 0 16 16\" class=\"bi bi-linkedin\" fill=\"currentColor\" height=\"16\" width=\"16\" xmlns=\"http:\/\/www.w3.org\/2000\/svg\">   <path d=\"M0 1.146C0 .513.526 0 1.175 0h13.65C15.474 0 16 .513 16 1.146v13.708c0 .633-.526 1.146-1.175 1.146H1.175C.526 16 0 15.487 0 14.854V1.146zm4.943 12.248V6.169H2.542v7.225h2.401zm-1.2-8.212c.837 0 1.358-.554 1.358-1.248-.015-.709-.52-1.248-1.342-1.248-.822 0-1.359.54-1.359 1.248 0 .694.521 1.248 1.327 1.248h.016zm4.908 8.212V9.359c0-.216.016-.432.08-.586.173-.431.568-.878 1.232-.878.869 0 1.216.662 1.216 1.634v3.865h2.401V9.25c0-2.22-1.184-3.252-2.764-3.252-1.274 0-1.845.7-2.165 1.193v.025h-.016a5.54 5.54 0 0 1 .016-.025V6.169h-2.4c.03.678 0 7.225 0 7.225h2.4z\"><\/path> <\/svg><\/span><\/a>\n\n\n\n<a class=\"gb-button gb-button-0bfebba2\" href=\"#\"><span class=\"gb-icon\"><svg viewBox=\"0 0 16 16\" class=\"bi bi-facebook\" fill=\"currentColor\" height=\"16\" width=\"16\" xmlns=\"http:\/\/www.w3.org\/2000\/svg\">   <path d=\"M16 8.049c0-4.446-3.582-8.05-8-8.05C3.58 0-.002 3.603-.002 8.05c0 4.017 2.926 7.347 6.75 7.951v-5.625h-2.03V8.05H6.75V6.275c0-2.017 1.195-3.131 3.022-3.131.876 0 1.791.157 1.791.157v1.98h-1.009c-.993 0-1.303.621-1.303 1.258v1.51h2.218l-.354 2.326H9.25V16c3.824-.604 6.75-3.934 6.75-7.951z\"><\/path> <\/svg><\/span><\/a>\n\n\n\n<a class=\"gb-button gb-button-670f8f54\" href=\"#\"><span class=\"gb-icon\"><svg viewBox=\"0 0 16 16\" class=\"bi bi-twitter\" fill=\"currentColor\" height=\"16\" width=\"16\" xmlns=\"http:\/\/www.w3.org\/2000\/svg\">   <path d=\"M5.026 15c6.038 0 9.341-5.003 9.341-9.334 0-.14 0-.282-.006-.422A6.685 6.685 0 0 0 16 3.542a6.658 6.658 0 0 1-1.889.518 3.301 3.301 0 0 0 1.447-1.817 6.533 6.533 0 0 1-2.087.793A3.286 3.286 0 0 0 7.875 6.03a9.325 9.325 0 0 1-6.767-3.429 3.289 3.289 0 0 0 1.018 4.382A3.323 3.323 0 0 1 .64 6.575v.045a3.288 3.288 0 0 0 2.632 3.218 3.203 3.203 0 0 1-.865.115 3.23 3.23 0 0 1-.614-.057 3.283 3.283 0 0 0 3.067 2.277A6.588 6.588 0 0 1 .78 13.58a6.32 6.32 0 0 1-.78-.045A9.344 9.344 0 0 0 5.026 15z\"><\/path> <\/svg><\/span><\/a>\n\n\n\n<a class=\"gb-button gb-button-7ca5e604\" href=\"#\"><span class=\"gb-icon\"><svg viewBox=\"0 0 16 16\" class=\"bi bi-instagram\" fill=\"currentColor\" height=\"16\" width=\"16\" xmlns=\"http:\/\/www.w3.org\/2000\/svg\">   <path d=\"M8 0C5.829 0 5.556.01 4.703.048 3.85.088 3.269.222 2.76.42a3.917 3.917 0 0 0-1.417.923A3.927 3.927 0 0 0 .42 2.76C.222 3.268.087 3.85.048 4.7.01 5.555 0 5.827 0 8.001c0 2.172.01 2.444.048 3.297.04.852.174 1.433.372 1.942.205.526.478.972.923 1.417.444.445.89.719 1.416.923.51.198 1.09.333 1.942.372C5.555 15.99 5.827 16 8 16s2.444-.01 3.298-.048c.851-.04 1.434-.174 1.943-.372a3.916 3.916 0 0 0 1.416-.923c.445-.445.718-.891.923-1.417.197-.509.332-1.09.372-1.942C15.99 10.445 16 10.173 16 8s-.01-2.445-.048-3.299c-.04-.851-.175-1.433-.372-1.941a3.926 3.926 0 0 0-.923-1.417A3.911 3.911 0 0 0 13.24.42c-.51-.198-1.092-.333-1.943-.372C10.443.01 10.172 0 7.998 0h.003zm-.717 1.442h.718c2.136 0 2.389.007 3.232.046.78.035 1.204.166 1.486.275.373.145.64.319.92.599.28.28.453.546.598.92.11.281.24.705.275 1.485.039.843.047 1.096.047 3.231s-.008 2.389-.047 3.232c-.035.78-.166 1.203-.275 1.485a2.47 2.47 0 0 1-.599.919c-.28.28-.546.453-.92.598-.28.11-.704.24-1.485.276-.843.038-1.096.047-3.232.047s-2.39-.009-3.233-.047c-.78-.036-1.203-.166-1.485-.276a2.478 2.478 0 0 1-.92-.598 2.48 2.48 0 0 1-.6-.92c-.109-.281-.24-.705-.275-1.485-.038-.843-.046-1.096-.046-3.233 0-2.136.008-2.388.046-3.231.036-.78.166-1.204.276-1.486.145-.373.319-.64.599-.92.28-.28.546-.453.92-.598.282-.11.705-.24 1.485-.276.738-.034 1.024-.044 2.515-.045v.002zm4.988 1.328a.96.96 0 1 0 0 1.92.96.96 0 0 0 0-1.92zm-4.27 1.122a4.109 4.109 0 1 0 0 8.217 4.109 4.109 0 0 0 0-8.217zm0 1.441a2.667 2.667 0 1 1 0 5.334 2.667 2.667 0 0 1 0-5.334z\"><\/path> <\/svg><\/span><\/a>\n\n<\/div>\n<\/div>\n\n<div class=\"gb-container gb-container-cb3561a9\">\n\n<figure class=\"gb-block-image gb-block-image-6513eeca\"><img loading=\"lazy\" decoding=\"async\" width=\"800\" height=\"533\" class=\"gb-image gb-image-6513eeca\" src=\"https:\/\/zenipress.com\/app\/uploads\/sites\/16\/2022\/10\/mike-giles-IiwYeihxC58-unsplash.jpg\" alt=\"\" title=\"mike-giles-IiwYeihxC58-unsplash\" srcset=\"https:\/\/zenipress.com\/app\/uploads\/sites\/16\/2022\/10\/mike-giles-IiwYeihxC58-unsplash.jpg 800w, https:\/\/zenipress.com\/app\/uploads\/sites\/16\/2022\/10\/mike-giles-IiwYeihxC58-unsplash-300x200.jpg 300w, https:\/\/zenipress.com\/app\/uploads\/sites\/16\/2022\/10\/mike-giles-IiwYeihxC58-unsplash-768x512.jpg 768w\" sizes=\"auto, (max-width: 800px) 100vw, 800px\" \/><\/figure>\n\n<\/div>\n<\/div>\n<\/div>\n\n<div class=\"gb-container gb-container-6dbe6563\">\n<div class=\"gb-container gb-container-4f997873\">\n\n<h3 class=\"gb-headline gb-headline-3a42454d\"><span class=\"gb-icon\"><svg viewBox=\"0 0 200 89.68\" xmlns=\"http:\/\/www.w3.org\/2000\/svg\" data-name=\"Layer 1\"><path d=\"M100 26.67c26.16 0 41.14-17.89 67.65-17.89 10.5 0 22.63 3.14 32.35 7.88V8.22C190.47 3.33 178.17 0 167.65 0c-26 0-41 17.89-67.65 17.89S58.33 0 32.35 0C21.83 0 9.52 3.33 0 8.22v8.44c9.72-4.74 21.85-7.88 32.35-7.88 26.51 0 41.49 17.89 67.65 17.89Zm100 53v-8.44c-9.53-4.89-21.83-8.23-32.35-8.23-26 0-41 17.89-67.66 17.89S58.31 63 32.35 63C21.83 63 9.52 66.34 0 71.23v8.45c9.72-4.75 21.85-7.89 32.35-7.89 26.49 0 41.5 17.89 67.64 17.89s41.15-17.89 67.65-17.89c10.51 0 22.64 3.14 32.36 7.89Zm-100-22c26.15 0 41.14-17.88 67.65-17.88 10.5 0 22.63 3.14 32.35 7.88v-8.43c-9.53-4.89-21.83-8.24-32.35-8.24-26 0-41 17.9-67.65 17.9S58.31 31 32.35 31C21.83 31 9.52 34.35 0 39.24v8.45c9.72-4.69 21.85-7.88 32.35-7.88 26.51 0 41.5 17.88 67.65 17.88Z\"><\/path><\/svg><\/span><span class=\"gb-headline-text\">P\u00e1r na\u0161ich obl\u00edben\u00fdch fotek<\/span><\/h3>\n\n\n\n<figure class=\"wp-block-gallery has-nested-images columns-default is-cropped wp-block-gallery-1 is-layout-flex wp-block-gallery-is-layout-flex\">\n<figure class=\"wp-block-image size-large\"><img loading=\"lazy\" decoding=\"async\" width=\"1024\" height=\"682\" src=\"https:\/\/gpsites.co\/explore\/wp-content\/uploads\/sites\/123\/2022\/08\/destinations-maldives-1024x682.jpeg\" alt=\"\" class=\"wp-image-1901\" srcset=\"https:\/\/zenipress.com\/app\/uploads\/sites\/16\/2022\/08\/destinations-maldives-1024x682.jpeg 1024w, https:\/\/zenipress.com\/app\/uploads\/sites\/16\/2022\/08\/destinations-maldives-300x200.jpeg 300w, https:\/\/zenipress.com\/app\/uploads\/sites\/16\/2022\/08\/destinations-maldives-768x512.jpeg 768w, https:\/\/zenipress.com\/app\/uploads\/sites\/16\/2022\/08\/destinations-maldives.jpeg 1400w\" sizes=\"auto, (max-width: 1024px) 100vw, 1024px\" \/><\/figure>\n\n\n\n<figure class=\"wp-block-image size-large\"><img loading=\"lazy\" decoding=\"async\" width=\"1024\" height=\"682\" src=\"https:\/\/gpsites.co\/explore\/wp-content\/uploads\/sites\/123\/2022\/10\/travel-bali-1024x682.jpeg\" alt=\"\" class=\"wp-image-1897\" srcset=\"https:\/\/zenipress.com\/app\/uploads\/sites\/16\/2022\/10\/travel-bali-1024x682.jpeg 1024w, https:\/\/zenipress.com\/app\/uploads\/sites\/16\/2022\/10\/travel-bali-300x200.jpeg 300w, https:\/\/zenipress.com\/app\/uploads\/sites\/16\/2022\/10\/travel-bali-768x512.jpeg 768w, https:\/\/zenipress.com\/app\/uploads\/sites\/16\/2022\/10\/travel-bali.jpeg 1400w\" sizes=\"auto, (max-width: 1024px) 100vw, 1024px\" \/><\/figure>\n\n\n\n<figure class=\"wp-block-image size-large\"><img loading=\"lazy\" decoding=\"async\" width=\"1024\" height=\"682\" src=\"https:\/\/gpsites.co\/explore\/wp-content\/uploads\/sites\/123\/2022\/08\/food-mexico-1024x682.jpg\" alt=\"demo image\" class=\"wp-image-601\" srcset=\"https:\/\/zenipress.com\/app\/uploads\/sites\/16\/2022\/08\/food-mexico-1024x682.jpg 1024w, https:\/\/zenipress.com\/app\/uploads\/sites\/16\/2022\/08\/food-mexico-300x200.jpg 300w, https:\/\/zenipress.com\/app\/uploads\/sites\/16\/2022\/08\/food-mexico-768x512.jpg 768w, https:\/\/zenipress.com\/app\/uploads\/sites\/16\/2022\/08\/food-mexico.jpg 1400w\" sizes=\"auto, (max-width: 1024px) 100vw, 1024px\" \/><\/figure>\n\n\n\n<figure class=\"wp-block-image size-large\"><img loading=\"lazy\" decoding=\"async\" width=\"1024\" height=\"682\" src=\"https:\/\/gpsites.co\/explore\/wp-content\/uploads\/sites\/123\/2022\/08\/travel-costa-rica-1024x682.jpg\" alt=\"demo image\" class=\"wp-image-603\" srcset=\"https:\/\/zenipress.com\/app\/uploads\/sites\/16\/2022\/08\/travel-costa-rica-1024x682.jpg 1024w, https:\/\/zenipress.com\/app\/uploads\/sites\/16\/2022\/08\/travel-costa-rica-300x200.jpg 300w, https:\/\/zenipress.com\/app\/uploads\/sites\/16\/2022\/08\/travel-costa-rica-768x512.jpg 768w, https:\/\/zenipress.com\/app\/uploads\/sites\/16\/2022\/08\/travel-costa-rica.jpg 1400w\" sizes=\"auto, (max-width: 1024px) 100vw, 1024px\" \/><\/figure>\n\n\n\n<figure class=\"wp-block-image size-large\"><img loading=\"lazy\" decoding=\"async\" width=\"1024\" height=\"682\" src=\"https:\/\/gpsites.co\/explore\/wp-content\/uploads\/sites\/123\/2022\/08\/travel-portugal-1024x682.jpg\" alt=\"demo image\" class=\"wp-image-604\" srcset=\"https:\/\/zenipress.com\/app\/uploads\/sites\/16\/2022\/08\/travel-portugal-1024x682.jpg 1024w, https:\/\/zenipress.com\/app\/uploads\/sites\/16\/2022\/08\/travel-portugal-300x200.jpg 300w, https:\/\/zenipress.com\/app\/uploads\/sites\/16\/2022\/08\/travel-portugal-768x512.jpg 768w, https:\/\/zenipress.com\/app\/uploads\/sites\/16\/2022\/08\/travel-portugal.jpg 1400w\" sizes=\"auto, (max-width: 1024px) 100vw, 1024px\" \/><\/figure>\n\n\n\n<figure class=\"wp-block-image size-large\"><img loading=\"lazy\" decoding=\"async\" width=\"1024\" height=\"682\" src=\"https:\/\/gpsites.co\/explore\/wp-content\/uploads\/sites\/123\/2022\/09\/marvin-meyer-8CDuHXff3zo-unsplash-1024x682.jpg\" alt=\"demo image\" class=\"wp-image-967\" srcset=\"https:\/\/zenipress.com\/app\/uploads\/sites\/16\/2022\/09\/marvin-meyer-8CDuHXff3zo-unsplash-1024x682.jpg 1024w, https:\/\/zenipress.com\/app\/uploads\/sites\/16\/2022\/09\/marvin-meyer-8CDuHXff3zo-unsplash-300x200.jpg 300w, https:\/\/zenipress.com\/app\/uploads\/sites\/16\/2022\/09\/marvin-meyer-8CDuHXff3zo-unsplash-768x512.jpg 768w, https:\/\/zenipress.com\/app\/uploads\/sites\/16\/2022\/09\/marvin-meyer-8CDuHXff3zo-unsplash.jpg 1400w\" sizes=\"auto, (max-width: 1024px) 100vw, 1024px\" \/><\/figure>\n\n\n\n<figure class=\"wp-block-image size-large\"><img loading=\"lazy\" decoding=\"async\" width=\"1024\" height=\"682\" src=\"https:\/\/gpsites.co\/explore\/wp-content\/uploads\/sites\/123\/2022\/08\/destinations-rio-1024x682.jpg\" alt=\"demo image\" class=\"wp-image-598\" srcset=\"https:\/\/zenipress.com\/app\/uploads\/sites\/16\/2022\/08\/destinations-rio-1024x682.jpg 1024w, https:\/\/zenipress.com\/app\/uploads\/sites\/16\/2022\/08\/destinations-rio-300x200.jpg 300w, https:\/\/zenipress.com\/app\/uploads\/sites\/16\/2022\/08\/destinations-rio-768x512.jpg 768w, https:\/\/zenipress.com\/app\/uploads\/sites\/16\/2022\/08\/destinations-rio.jpg 1400w\" sizes=\"auto, (max-width: 1024px) 100vw, 1024px\" \/><\/figure>\n\n\n\n<figure class=\"wp-block-image size-large\"><img loading=\"lazy\" decoding=\"async\" width=\"1024\" height=\"682\" src=\"https:\/\/gpsites.co\/explore\/wp-content\/uploads\/sites\/123\/2022\/08\/destinations-mexico-1024x682.jpg\" alt=\"demo image\" class=\"wp-image-596\" srcset=\"https:\/\/zenipress.com\/app\/uploads\/sites\/16\/2022\/08\/destinations-mexico-1024x682.jpg 1024w, https:\/\/zenipress.com\/app\/uploads\/sites\/16\/2022\/08\/destinations-mexico-300x200.jpg 300w, https:\/\/zenipress.com\/app\/uploads\/sites\/16\/2022\/08\/destinations-mexico-768x512.jpg 768w, https:\/\/zenipress.com\/app\/uploads\/sites\/16\/2022\/08\/destinations-mexico.jpg 1400w\" sizes=\"auto, (max-width: 1024px) 100vw, 1024px\" \/><\/figure>\n\n\n\n<figure class=\"wp-block-image size-large\"><img loading=\"lazy\" decoding=\"async\" width=\"1024\" height=\"682\" src=\"https:\/\/gpsites.co\/explore\/wp-content\/uploads\/sites\/123\/2022\/08\/beach-mexico-1024x682.jpg\" alt=\"demo image\" class=\"wp-image-595\" srcset=\"https:\/\/zenipress.com\/app\/uploads\/sites\/16\/2022\/08\/beach-mexico-1024x682.jpg 1024w, https:\/\/zenipress.com\/app\/uploads\/sites\/16\/2022\/08\/beach-mexico-300x200.jpg 300w, https:\/\/zenipress.com\/app\/uploads\/sites\/16\/2022\/08\/beach-mexico-768x512.jpg 768w, https:\/\/zenipress.com\/app\/uploads\/sites\/16\/2022\/08\/beach-mexico.jpg 1400w\" sizes=\"auto, (max-width: 1024px) 100vw, 1024px\" \/><\/figure>\n\n\n\n<figure class=\"wp-block-image size-large\"><img loading=\"lazy\" decoding=\"async\" width=\"1024\" height=\"682\" src=\"https:\/\/gpsites.co\/explore\/wp-content\/uploads\/sites\/123\/2022\/08\/beach-brazil-1024x682.jpg\" alt=\"demo image\" class=\"wp-image-593\" srcset=\"https:\/\/zenipress.com\/app\/uploads\/sites\/16\/2022\/08\/beach-brazil-1024x682.jpg 1024w, https:\/\/zenipress.com\/app\/uploads\/sites\/16\/2022\/08\/beach-brazil-300x200.jpg 300w, https:\/\/zenipress.com\/app\/uploads\/sites\/16\/2022\/08\/beach-brazil-768x512.jpg 768w, https:\/\/zenipress.com\/app\/uploads\/sites\/16\/2022\/08\/beach-brazil.jpg 1400w\" sizes=\"auto, (max-width: 1024px) 100vw, 1024px\" \/><\/figure>\n\n\n\n<figure class=\"wp-block-image size-large\"><img loading=\"lazy\" decoding=\"async\" width=\"1024\" height=\"682\" src=\"https:\/\/gpsites.co\/explore\/wp-content\/uploads\/sites\/123\/2022\/08\/beach-maldives-1024x682.jpg\" alt=\"demo image\" class=\"wp-image-594\" srcset=\"https:\/\/zenipress.com\/app\/uploads\/sites\/16\/2022\/08\/beach-maldives-1024x682.jpg 1024w, https:\/\/zenipress.com\/app\/uploads\/sites\/16\/2022\/08\/beach-maldives-300x200.jpg 300w, https:\/\/zenipress.com\/app\/uploads\/sites\/16\/2022\/08\/beach-maldives-768x512.jpg 768w, https:\/\/zenipress.com\/app\/uploads\/sites\/16\/2022\/08\/beach-maldives.jpg 1400w\" sizes=\"auto, (max-width: 1024px) 100vw, 1024px\" \/><\/figure>\n<\/figure>\n\n<\/div>\n<\/div>\n\n<div class=\"gb-container gb-container-d09c7877\">\n\n<h3 class=\"gb-headline gb-headline-6405c52f gb-headline-text\">M\u00e1te ot\u00e1zky nebo cestovn\u00ed rady, o kter\u00e9 se chcete pod\u011blit?<\/h3>\n\n\n\n<a class=\"gb-button gb-button-260def55\" href=\"https:\/\/zenipress.com\/explore\/kontaktujte-nas\/\"><span class=\"gb-button-text\">Kontaktujte n\u00e1s<\/span><span class=\"gb-icon\"><svg viewBox=\"0 0 40 25.81\" xmlns=\"http:\/\/www.w3.org\/2000\/svg\" data-name=\"Layer 1\"><path d=\"M1.55 14.46H34.7l-8.7 8.7a1.55 1.55 0 1 0 2.19 2.19L39.54 14a1.53 1.53 0 0 0 0-2.19L28.19.45A1.55 1.55 0 1 0 26 2.65l8.7 8.7H1.55a1.56 1.56 0 0 0 0 3.11Z\"><\/path><\/svg><\/span><\/a>\n\n<\/div>","protected":false},"excerpt":{"rendered":"<p>Svobodn\u00ed duchov\u00e9 s posedlost\u00ed cestovat Lorem ipsum amet consectetuer adipiscing elit penatibus imperdiet morbi dolor tortor. Vivamus nascetur eget iaculis mollis dolor nostra nibh nascetur ullam corper. Amet pharetra torquent auctor tortor magnis ultrices nibh imperdiet lobortis metus convallis. Semper pharetra montes fringilla habitant congue integer condimentum ultricies nisi dui nullam placerat. Aliquet magnis consequat &#8230; <a title=\"O n\u00e1s\" class=\"read-more\" href=\"https:\/\/zenipress.com\/explore\/o-nas\/\" aria-label=\"Read more about O n\u00e1s\">\u010c\u00edst v\u00edce<\/a><\/p>\n","protected":false},"author":1,"featured_media":0,"parent":0,"menu_order":0,"comment_status":"closed","ping_status":"closed","template":"","meta":{"footnotes":""},"class_list":["post-169","page","type-page","status-publish"],"_links":{"self":[{"href":"https:\/\/zenipress.com\/explore\/wp-json\/wp\/v2\/pages\/169","targetHints":{"allow":["GET"]}}],"collection":[{"href":"https:\/\/zenipress.com\/explore\/wp-json\/wp\/v2\/pages"}],"about":[{"href":"https:\/\/zenipress.com\/explore\/wp-json\/wp\/v2\/types\/page"}],"author":[{"embeddable":true,"href":"https:\/\/zenipress.com\/explore\/wp-json\/wp\/v2\/users\/1"}],"replies":[{"embeddable":true,"href":"https:\/\/zenipress.com\/explore\/wp-json\/wp\/v2\/comments?post=169"}],"version-history":[{"count":3,"href":"https:\/\/zenipress.com\/explore\/wp-json\/wp\/v2\/pages\/169\/revisions"}],"predecessor-version":[{"id":2042,"href":"https:\/\/zenipress.com\/explore\/wp-json\/wp\/v2\/pages\/169\/revisions\/2042"}],"wp:attachment":[{"href":"https:\/\/zenipress.com\/explore\/wp-json\/wp\/v2\/media?parent=169"}],"curies":[{"name":"wp","href":"https:\/\/api.w.org\/{rel}","templated":true}]}}