{"id":167,"date":"2022-08-15T15:35:33","date_gmt":"2022-08-15T19:35:33","guid":{"rendered":"https:\/\/wbcollective.dev\/explore\/?page_id=167"},"modified":"2024-04-22T02:37:11","modified_gmt":"2024-04-22T00:37:11","slug":"kontaktujte-nas","status":"publish","type":"page","link":"https:\/\/zenipress.com\/explore\/kontaktujte-nas\/","title":{"rendered":"Kontaktujte n\u00e1s"},"content":{"rendered":"<div class=\"gb-container gb-container-714c8a1b\">\n<div class=\"gb-container gb-container-d5b69679\">\n<div class=\"gb-container gb-container-e6e4532b\">\n\n<h2 class=\"gb-headline gb-headline-c4946eeb gb-headline-text\">Nat\u00e1hn\u011bte ruku a pozdravte<\/h2>\n\n\n\n<p class=\"gb-headline gb-headline-94d1d6f8 gb-headline-text\">Lorem ipsum amet consectetuer adipiscing elit penatibus imperdiet morbi dolor tortor. Vivamus nascetur eget iaculis mollis dolor nostra nibh nascetur ullam corper. Amet pharetra torquent auctor tortor magnis ultrices nibh imperdiet lobortis metus convallis. <\/p>\n\n\n\n<div class=\"gb-headline gb-headline-3fec6813 gb-headline-text\">P\u0159ipojte se k n\u00e1m online!<\/div>\n\n\n\n<a class=\"gb-button gb-button-9df51a43\" href=\"#\"><span class=\"gb-icon\"><svg viewBox=\"0 0 16 16\" class=\"bi bi-instagram\" height=\"16\" width=\"16\" xmlns=\"http:\/\/www.w3.org\/2000\/svg\">   <path d=\"M8 0C5.829 0 5.556.01 4.703.048 3.85.088 3.269.222 2.76.42a3.917 3.917 0 0 0-1.417.923A3.927 3.927 0 0 0 .42 2.76C.222 3.268.087 3.85.048 4.7.01 5.555 0 5.827 0 8.001c0 2.172.01 2.444.048 3.297.04.852.174 1.433.372 1.942.205.526.478.972.923 1.417.444.445.89.719 1.416.923.51.198 1.09.333 1.942.372C5.555 15.99 5.827 16 8 16s2.444-.01 3.298-.048c.851-.04 1.434-.174 1.943-.372a3.916 3.916 0 0 0 1.416-.923c.445-.445.718-.891.923-1.417.197-.509.332-1.09.372-1.942C15.99 10.445 16 10.173 16 8s-.01-2.445-.048-3.299c-.04-.851-.175-1.433-.372-1.941a3.926 3.926 0 0 0-.923-1.417A3.911 3.911 0 0 0 13.24.42c-.51-.198-1.092-.333-1.943-.372C10.443.01 10.172 0 7.998 0h.003zm-.717 1.442h.718c2.136 0 2.389.007 3.232.046.78.035 1.204.166 1.486.275.373.145.64.319.92.599.28.28.453.546.598.92.11.281.24.705.275 1.485.039.843.047 1.096.047 3.231s-.008 2.389-.047 3.232c-.035.78-.166 1.203-.275 1.485a2.47 2.47 0 0 1-.599.919c-.28.28-.546.453-.92.598-.28.11-.704.24-1.485.276-.843.038-1.096.047-3.232.047s-2.39-.009-3.233-.047c-.78-.036-1.203-.166-1.485-.276a2.478 2.478 0 0 1-.92-.598 2.48 2.48 0 0 1-.6-.92c-.109-.281-.24-.705-.275-1.485-.038-.843-.046-1.096-.046-3.233 0-2.136.008-2.388.046-3.231.036-.78.166-1.204.276-1.486.145-.373.319-.64.599-.92.28-.28.546-.453.92-.598.282-.11.705-.24 1.485-.276.738-.034 1.024-.044 2.515-.045v.002zm4.988 1.328a.96.96 0 1 0 0 1.92.96.96 0 0 0 0-1.92zm-4.27 1.122a4.109 4.109 0 1 0 0 8.217 4.109 4.109 0 0 0 0-8.217zm0 1.441a2.667 2.667 0 1 1 0 5.334 2.667 2.667 0 0 1 0-5.334z\"><\/path> <\/svg><\/span><\/a>\n\n\n\n<a class=\"gb-button gb-button-f5b7d486\" href=\"#\"><span class=\"gb-icon\"><svg viewBox=\"0 0 16 16\" class=\"bi bi-twitter\" height=\"16\" width=\"16\" xmlns=\"http:\/\/www.w3.org\/2000\/svg\">   <path d=\"M5.026 15c6.038 0 9.341-5.003 9.341-9.334 0-.14 0-.282-.006-.422A6.685 6.685 0 0 0 16 3.542a6.658 6.658 0 0 1-1.889.518 3.301 3.301 0 0 0 1.447-1.817 6.533 6.533 0 0 1-2.087.793A3.286 3.286 0 0 0 7.875 6.03a9.325 9.325 0 0 1-6.767-3.429 3.289 3.289 0 0 0 1.018 4.382A3.323 3.323 0 0 1 .64 6.575v.045a3.288 3.288 0 0 0 2.632 3.218 3.203 3.203 0 0 1-.865.115 3.23 3.23 0 0 1-.614-.057 3.283 3.283 0 0 0 3.067 2.277A6.588 6.588 0 0 1 .78 13.58a6.32 6.32 0 0 1-.78-.045A9.344 9.344 0 0 0 5.026 15z\"><\/path> <\/svg><\/span><\/a>\n\n\n\n<a class=\"gb-button gb-button-348dc464\" href=\"#\"><span class=\"gb-icon\"><svg viewBox=\"0 0 16 16\" class=\"bi bi-facebook\" height=\"16\" width=\"16\" xmlns=\"http:\/\/www.w3.org\/2000\/svg\">   <path d=\"M16 8.049c0-4.446-3.582-8.05-8-8.05C3.58 0-.002 3.603-.002 8.05c0 4.017 2.926 7.347 6.75 7.951v-5.625h-2.03V8.05H6.75V6.275c0-2.017 1.195-3.131 3.022-3.131.876 0 1.791.157 1.791.157v1.98h-1.009c-.993 0-1.303.621-1.303 1.258v1.51h2.218l-.354 2.326H9.25V16c3.824-.604 6.75-3.934 6.75-7.951z\"><\/path> <\/svg><\/span><\/a>\n\n\n\n<a class=\"gb-button gb-button-865e1236\" href=\"#\"><span class=\"gb-icon\"><svg viewBox=\"0 0 16 16\" class=\"bi bi-linkedin\" height=\"16\" width=\"16\" xmlns=\"http:\/\/www.w3.org\/2000\/svg\">   <path d=\"M0 1.146C0 .513.526 0 1.175 0h13.65C15.474 0 16 .513 16 1.146v13.708c0 .633-.526 1.146-1.175 1.146H1.175C.526 16 0 15.487 0 14.854V1.146zm4.943 12.248V6.169H2.542v7.225h2.401zm-1.2-8.212c.837 0 1.358-.554 1.358-1.248-.015-.709-.52-1.248-1.342-1.248-.822 0-1.359.54-1.359 1.248 0 .694.521 1.248 1.327 1.248h.016zm4.908 8.212V9.359c0-.216.016-.432.08-.586.173-.431.568-.878 1.232-.878.869 0 1.216.662 1.216 1.634v3.865h2.401V9.25c0-2.22-1.184-3.252-2.764-3.252-1.274 0-1.845.7-2.165 1.193v.025h-.016a5.54 5.54 0 0 1 .016-.025V6.169h-2.4c.03.678 0 7.225 0 7.225h2.4z\"><\/path> <\/svg><\/span><\/a>\n\n<\/div>\n\n<div class=\"gb-container gb-container-cb3561a9\">\n\n<p class=\"gb-headline gb-headline-4433e257 gb-headline-text\">[ Zde vlo\u017ete sv\u016fj kontaktn\u00ed formul\u00e1\u0159 ]<\/p>\n\n<\/div>\n<\/div>\n<\/div>","protected":false},"excerpt":{"rendered":"<p>Nat\u00e1hn\u011bte ruku a pozdravte Lorem ipsum amet consectetuer adipiscing elit penatibus imperdiet morbi dolor tortor. Vivamus nascetur eget iaculis mollis dolor nostra nibh nascetur ullam corper. Amet pharetra torquent auctor tortor magnis ultrices nibh imperdiet lobortis metus convallis. P\u0159ipojte se k n\u00e1m online! [ Zde vlo\u017ete sv\u016fj kontaktn\u00ed formul\u00e1\u0159 ]<\/p>\n","protected":false},"author":1,"featured_media":0,"parent":0,"menu_order":0,"comment_status":"closed","ping_status":"closed","template":"","meta":{"footnotes":""},"class_list":["post-167","page","type-page","status-publish"],"_links":{"self":[{"href":"https:\/\/zenipress.com\/explore\/wp-json\/wp\/v2\/pages\/167","targetHints":{"allow":["GET"]}}],"collection":[{"href":"https:\/\/zenipress.com\/explore\/wp-json\/wp\/v2\/pages"}],"about":[{"href":"https:\/\/zenipress.com\/explore\/wp-json\/wp\/v2\/types\/page"}],"author":[{"embeddable":true,"href":"https:\/\/zenipress.com\/explore\/wp-json\/wp\/v2\/users\/1"}],"replies":[{"embeddable":true,"href":"https:\/\/zenipress.com\/explore\/wp-json\/wp\/v2\/comments?post=167"}],"version-history":[{"count":2,"href":"https:\/\/zenipress.com\/explore\/wp-json\/wp\/v2\/pages\/167\/revisions"}],"predecessor-version":[{"id":2039,"href":"https:\/\/zenipress.com\/explore\/wp-json\/wp\/v2\/pages\/167\/revisions\/2039"}],"wp:attachment":[{"href":"https:\/\/zenipress.com\/explore\/wp-json\/wp\/v2\/media?parent=167"}],"curies":[{"name":"wp","href":"https:\/\/api.w.org\/{rel}","templated":true}]}}