{"id":8,"date":"2020-08-21T13:01:59","date_gmt":"2020-08-21T17:01:59","guid":{"rendered":"https:\/\/gpsites.co\/coach\/?page_id=8"},"modified":"2024-04-16T12:22:07","modified_gmt":"2024-04-16T12:22:07","slug":"domu","status":"publish","type":"page","link":"https:\/\/zenipress.com\/coach\/","title":{"rendered":"Dom\u016f"},"content":{"rendered":"<div class=\"gb-container gb-container-d7e30884\">\n<div class=\"gb-container gb-container-92e39570\">\n<div class=\"gb-container gb-container-90ae8e20\">\n\n<h1 class=\"gb-headline gb-headline-4745cdfc gb-headline-text\">Zaj\u00edm\u00e1 v\u00e1s, jak m\u016f\u017ee va\u0161e firma fungovat efektivn\u011bji? <mark class=\"gb-highlight\">Jmenuji se Elise Williamsov\u00e1, jsem tu, abych v\u00e1m uk\u00e1zala, jak na to<\/mark><\/h1>\n\n\n\n<p class=\"gb-headline gb-headline-1ecd46f9 gb-headline-text\">Coach je vytvo\u0159en s ZeniPress a je ide\u00e1ln\u00ed pro ka\u017ed\u00e9ho konzultanta, podnikatele, kou\u010de nebo autora, kter\u00fd hled\u00e1 odleh\u010den\u00fd web.<\/p>\n\n\n\n<p class=\"gb-headline gb-headline-44acfe7d gb-headline-text\"><em>P\u0159ipojte se k v\u00edce ne\u017e 20 000 odb\u011bratel\u016fm a z\u00edskejte m\u00e9 nejnov\u011bj\u0161\u00ed \u010dl\u00e1nky. <\/em><\/p>\n\n\n<div class=\"gb-container gb-container-b81f5d28\">\n\n<p><em>[zde p\u0159idejte sv\u016fj shortcode formul\u00e1\u0159e]<\/em><\/p>\n\n<\/div>\n<\/div>\n\n<div class=\"gb-container gb-container-dd193d09\">\n\n<figure class=\"gb-block-image gb-block-image-d751d792\"><img loading=\"lazy\" decoding=\"async\" width=\"800\" height=\"1000\" class=\"gb-image gb-image-d751d792 image-style\" src=\"https:\/\/zenipress.com\/app\/uploads\/sites\/2\/2020\/08\/pexels-christina-morillo-1181567.jpg\" alt=\"\" title=\"pexels-christina-morillo-1181567\" srcset=\"https:\/\/zenipress.com\/app\/uploads\/sites\/2\/2020\/08\/pexels-christina-morillo-1181567.jpg 800w, https:\/\/zenipress.com\/app\/uploads\/sites\/2\/2020\/08\/pexels-christina-morillo-1181567-240x300.jpg 240w, https:\/\/zenipress.com\/app\/uploads\/sites\/2\/2020\/08\/pexels-christina-morillo-1181567-768x960.jpg 768w\" sizes=\"auto, (max-width: 800px) 100vw, 800px\" \/><\/figure>\n\n<\/div>\n<\/div>\n<\/div>\n\n<div class=\"gb-container gb-container-1f55962d\">\n\n<p class=\"gb-headline gb-headline-82beccd4 gb-headline-text\">Vystupoval v<\/p>\n\n\n<div class=\"gb-grid-wrapper gb-grid-wrapper-4c146e4f\">\n<div class=\"gb-grid-column gb-grid-column-9440adc8\"><div class=\"gb-container gb-container-9440adc8\">\n\n<figure class=\"gb-block-image gb-block-image-e41b5e30\"><img decoding=\"async\" class=\"gb-image gb-image-e41b5e30\" src=\"https:\/\/zenipress.com\/app\/uploads\/sites\/2\/2020\/08\/nebula.svg\" alt=\"\" title=\"nebula\"\/><\/figure>\n\n<\/div><\/div>\n\n<div class=\"gb-grid-column gb-grid-column-2f10f3b8\"><div class=\"gb-container gb-container-2f10f3b8\">\n\n<figure class=\"gb-block-image gb-block-image-95eb2aab\"><img decoding=\"async\" class=\"gb-image gb-image-95eb2aab\" src=\"https:\/\/zenipress.com\/app\/uploads\/sites\/2\/2020\/08\/gamora.svg\" alt=\"\" title=\"gamora\"\/><\/figure>\n\n<\/div><\/div>\n\n<div class=\"gb-grid-column gb-grid-column-659637b3\"><div class=\"gb-container gb-container-659637b3\">\n\n<figure class=\"gb-block-image gb-block-image-de5655f2\"><img decoding=\"async\" class=\"gb-image gb-image-de5655f2\" src=\"https:\/\/zenipress.com\/app\/uploads\/sites\/2\/2020\/08\/nebula.svg\" alt=\"\" title=\"nebula\"\/><\/figure>\n\n<\/div><\/div>\n\n<div class=\"gb-grid-column gb-grid-column-8d1d904d\"><div class=\"gb-container gb-container-8d1d904d\">\n\n<figure class=\"gb-block-image gb-block-image-b15ff3e3\"><img decoding=\"async\" class=\"gb-image gb-image-b15ff3e3\" src=\"https:\/\/zenipress.com\/app\/uploads\/sites\/2\/2020\/08\/nebula.svg\"\/><\/figure>\n\n<\/div><\/div>\n\n<div class=\"gb-grid-column gb-grid-column-27e4970e\"><div class=\"gb-container gb-container-27e4970e\">\n\n<figure class=\"gb-block-image gb-block-image-c46a40fb\"><img decoding=\"async\" class=\"gb-image gb-image-c46a40fb\" src=\"https:\/\/zenipress.com\/app\/uploads\/sites\/2\/2020\/08\/nebula.svg\" alt=\"\" title=\"nebula\"\/><\/figure>\n\n<\/div><\/div>\n\n<div class=\"gb-grid-column gb-grid-column-dd1182ee\"><div class=\"gb-container gb-container-dd1182ee\">\n\n<figure class=\"gb-block-image gb-block-image-50884020\"><img decoding=\"async\" class=\"gb-image gb-image-50884020\" src=\"https:\/\/zenipress.com\/app\/uploads\/sites\/2\/2020\/08\/gamora.svg\" alt=\"\" title=\"gamora\"\/><\/figure>\n\n<\/div><\/div>\n<\/div>\n<\/div>\n\n<div class=\"gb-container gb-container-f432fc90\">\n<div class=\"gb-container gb-container-17f9b974\">\n\n<h2 class=\"gb-headline gb-headline-932cf60f gb-headline-text\">Moje zku\u0161enosti a zam\u011b\u0159en\u00ed<\/h2>\n\n\n<div class=\"gb-container gb-container-ec7a91c7\">\n<div class=\"gb-container gb-container-f374b38e\">\n\n<h3 class=\"gb-headline gb-headline-e88a3eae\"><span class=\"gb-icon\"><svg viewBox=\"0 0 24 24\" xmlns=\"http:\/\/www.w3.org\/2000\/svg\"><path d=\"M5.5 24h-5c-.28 0-.5-.22-.5-.5v-11c0-.28.22-.5.5-.5h5c.28 0 .5.22.5.5v11c0 .28-.22.5-.5.5zM1 23h4V13H1v10zM14.5 24h-5c-.28 0-.5-.22-.5-.5V7c0-.28.22-.5.5-.5h5c.28 0 .5.22.5.5v16.5c0 .28-.22.5-.5.5zM10 23h4V7.5h-4V23zM23.5 24h-5c-.28 0-.5-.22-.5-.5V.5c0-.28.22-.5.5-.5h5c.28 0 .5.22.5.5v23c0 .28-.22.5-.5.5zM19 23h4V1h-4v22z\"><\/path><\/svg><\/span><span class=\"gb-headline-text\">Obchodn\u00ed hodnocen\u00ed<\/span><\/h3>\n\n\n\n<p>Vivamus integer non suscipit taciti mus etiam at primis tempor sagittis euismod libero facilisi aptent elementum blandit cursus gravida sociis erat ante eleifend lectus nullam dapibus netus curae.<\/p>\n\n<\/div>\n\n<div class=\"gb-container gb-container-c496489f\">\n\n<h3 class=\"gb-headline gb-headline-09999c7d\"><span class=\"gb-icon\"><svg viewBox=\"0 0 24 24\" xmlns=\"http:\/\/www.w3.org\/2000\/svg\"><path d=\"M11.5 13a.47.47 0 01-.35-.15c-.2-.2-.2-.51 0-.71l5-5c.2-.2.51-.2.71 0s.2.51 0 .71l-5 5c-.1.1-.23.15-.36.15z\"><\/path><path d=\"M19.5 8h-3c-.28 0-.5-.22-.5-.5v-3c0-.13.05-.26.15-.35l4-4A.499.499 0 0121 .5V3h2.5a.499.499 0 01.35.85l-4 4a.47.47 0 01-.35.15zM17 7h2.29l3-3H20.5c-.28 0-.5-.22-.5-.5V1.71l-3 3V7z\"><\/path><path d=\"M11.5 24C5.16 24 0 18.84 0 12.5S5.16 1 11.5 1c.28 0 .5.22.5.5s-.22.5-.5.5C5.71 2 1 6.71 1 12.5S5.71 23 11.5 23 22 18.29 22 12.5c0-.28.22-.5.5-.5s.5.22.5.5C23 18.84 17.84 24 11.5 24z\"><\/path><path d=\"M11.5 24c-1.55 0-3.06-.3-4.48-.9a11.62 11.62 0 01-3.66-2.46A11.303 11.303 0 01.9 16.99C.3 15.56 0 14.05 0 12.5s.3-3.06.9-4.48c.58-1.37 1.41-2.6 2.46-3.66A11.62 11.62 0 017.02 1.9c2.84-1.2 6.11-1.2 8.95 0 .25.11.37.4.27.66-.11.26-.4.37-.66.27-2.58-1.1-5.58-1.1-8.17 0a10.16 10.16 0 00-3.33 2.25c-.97.96-1.73 2.08-2.25 3.33C1.28 9.71 1 11.08 1 12.5s.28 2.79.83 4.09c.53 1.25 1.29 2.37 2.25 3.34.96.96 2.09 1.72 3.34 2.25 2.59 1.1 5.58 1.1 8.17 0 1.25-.53 2.37-1.29 3.34-2.25s1.72-2.09 2.25-3.34c.54-1.3.82-2.67.82-4.09s-.28-2.79-.83-4.09c-.11-.25.01-.55.27-.66.25-.11.55.01.66.27.6 1.42.9 2.92.9 4.48 0 1.55-.3 3.06-.9 4.48-.58 1.37-1.41 2.6-2.46 3.66s-2.29 1.88-3.65 2.46c-1.43.6-2.94.9-4.49.9z\"><\/path><path d=\"M11.5 18.5a5.97 5.97 0 01-4.25-1.76c-.55-.55-.98-1.19-1.29-1.91-.3-.73-.46-1.52-.46-2.33s.16-1.59.47-2.34c.3-.71.73-1.36 1.29-1.91.55-.55 1.19-.98 1.91-1.29 1.48-.63 3.19-.63 4.67 0 .25.11.37.4.27.66-.12.26-.41.38-.66.27a5.045 5.045 0 00-3.89 0c-.6.25-1.13.61-1.59 1.07-.46.46-.82.99-1.07 1.59-.27.62-.4 1.28-.4 1.95a4.992 4.992 0 001.46 3.54c.46.46 1 .82 1.59 1.07 1.23.52 2.66.52 3.89 0a5.007 5.007 0 002.66-2.66c.26-.62.39-1.27.39-1.95 0-.68-.13-1.33-.39-1.95-.1-.25.02-.54.27-.65.25-.11.55.01.66.27a6 6 0 01.47 2.34 5.97 5.97 0 01-1.76 4.25c-.55.55-1.19.98-1.91 1.29-.73.29-1.52.45-2.33.45z\"><\/path><\/svg><\/span><span class=\"gb-headline-text\">\u0160t\u00edhl\u00e9 \u0159\u00edzen\u00ed<\/span><\/h3>\n\n\n\n<p>Vivamus integer non suscipit taciti mus etiam at primis tempor sagittis euismod libero facilisi aptent elementum blandit cursus gravida sociis erat ante eleifend lectus nullam dapibus netus curae.<\/p>\n\n<\/div>\n\n<div class=\"gb-container gb-container-50ecc415\">\n\n<h3 class=\"gb-headline gb-headline-4dbec18b\"><span class=\"gb-icon\"><svg viewBox=\"0 0 23.23 20\" xmlns=\"http:\/\/www.w3.org\/2000\/svg\"><path d=\"M21.11 14h-19c-.28 0-.5-.22-.5-.5v-12c0-.83.67-1.5 1.5-1.5h17c.83 0 1.5.67 1.5 1.5v12c0 .28-.22.5-.5.5zm-18.5-1h18V1.5c0-.28-.22-.5-.5-.5h-17c-.28 0-.5.22-.5.5V13z\"><\/path><path d=\"M21.73 20H1.5c-.49 0-.93-.23-1.22-.62-.29-.4-.36-.89-.21-1.35l1.56-4.68c.08-.21.27-.35.48-.35h19c.21 0 .41.14.47.34l1.56 4.68c.15.46.08.96-.21 1.35-.27.4-.72.63-1.2.63zM2.47 14l-1.45 4.34c-.04.16-.02.32.08.45s.24.21.4.21h20.23c.16 0 .31-.08.41-.21.09-.13.12-.3.07-.45L20.75 14H2.47z\"><\/path><path d=\"M13.11 18h-3c-.28 0-.5-.22-.5-.5s.22-.5.5-.5h3c.28 0 .5.22.5.5s-.22.5-.5.5z\"><\/path><\/svg><\/span><span class=\"gb-headline-text\">Vzd\u00e1len\u00e9 workshopy<\/span><\/h3>\n\n\n\n<p>Vivamus integer non suscipit taciti mus etiam at primis tempor sagittis euismod libero facilisi aptent elementum blandit cursus gravida sociis erat ante eleifend lectus nullam dapibus netus curae.<\/p>\n\n\n\n<a class=\"gb-button gb-button-4fc5fac4\" href=\"https:\/\/gpsites.co\/coach\/services\/\"><span class=\"gb-button-text\">Dal\u0161\u00ed informace<\/span><span class=\"gb-icon\"><svg aria-hidden=\"true\" data-prefix=\"fas\" data-icon=\"long-arrow-alt-right\" class=\"svg-inline--fa fa-long-arrow-alt-right fa-w-14\" xmlns=\"http:\/\/www.w3.org\/2000\/svg\" viewBox=\"0 0 448 512\"><path fill=\"currentColor\" d=\"M313.941 216H12c-6.627 0-12 5.373-12 12v56c0 6.627 5.373 12 12 12h301.941v46.059c0 21.382 25.851 32.09 40.971 16.971l86.059-86.059c9.373-9.373 9.373-24.569 0-33.941l-86.059-86.059c-15.119-15.119-40.971-4.411-40.971 16.971V216z\"><\/path><\/svg><\/span><\/a>\n\n<\/div>\n<\/div>\n<\/div>\n<\/div>\n\n<div class=\"gb-container gb-container-a505b403\">\n<div class=\"gb-container gb-container-e92218d5\">\n\n<h3 class=\"gb-headline gb-headline-b0ac75ee\"><span class=\"gb-icon\"><svg viewBox=\"0 0 22 20\" xmlns=\"http:\/\/www.w3.org\/2000\/svg\"><path d=\"M11 20c-.55 0-1-.45-1-1 0-1.1-.9-2-2-2H1c-.55 0-1-.45-1-1V1c0-.55.45-1 1-1h6c2.76 0 5 2.24 5 5v14c0 .55-.45 1-1 1zm-9-5h6c.73 0 1.41.2 2 .54V5c0-1.65-1.35-3-3-3H2v13z\"><\/path><path d=\"M11 20c-.55 0-1-.45-1-1V5c0-2.76 2.24-5 5-5h6c.55 0 1 .45 1 1v15c0 .55-.45 1-1 1h-7c-1.1 0-2 .9-2 2 0 .55-.45 1-1 1zm4-18c-1.65 0-3 1.35-3 3v10.54a3.99 3.99 0 012-.54h6V2h-5z\"><\/path><\/svg><\/span><span class=\"gb-headline-text\">St\u00e1hn\u011bte si m\u016fj nejnov\u011bj\u0161\u00ed pr\u016fvodce<\/span><\/h3>\n\n\n\n<h4 class=\"gb-headline gb-headline-4013c657 gb-headline-text\">Strategie pro r\u016fst a stabilitu<\/h4>\n\n\n\n<p>Vivamus integer non suscipit taciti mus etiam at primis tempor sagittis euismod libero facilisi aptent elementum blandit cursus gravida sociis erat ante eleifend lectus nullam dapibus netus.<\/p>\n\n\n\n<p><em>[zde p\u0159idejte sv\u016fj shortcode formul\u00e1\u0159e]<\/em><\/p>\n\n<\/div>\n\n<div class=\"gb-container gb-container-e1bff99e\"><\/div>\n<\/div>\n\n<div class=\"gb-container gb-container-bb7b94a7\">\n\n<p class=\"gb-headline gb-headline-aa2811b3 gb-headline-text\">Posudky<\/p>\n\n\n<div class=\"gb-container gb-container-4e1f26d2\">\n<div class=\"gb-container gb-container-071f74a7\">\n<div class=\"gb-container gb-container-44448079\">\n\n<figure class=\"gb-block-image gb-block-image-727e4dd0\"><img loading=\"lazy\" decoding=\"async\" width=\"400\" height=\"400\" class=\"gb-image gb-image-727e4dd0 is-style-rounded\" src=\"https:\/\/zenipress.com\/app\/uploads\/sites\/2\/2020\/08\/test2.jpg\" alt=\"\" title=\"test2\" srcset=\"https:\/\/zenipress.com\/app\/uploads\/sites\/2\/2020\/08\/test2.jpg 400w, https:\/\/zenipress.com\/app\/uploads\/sites\/2\/2020\/08\/test2-300x300.jpg 300w, https:\/\/zenipress.com\/app\/uploads\/sites\/2\/2020\/08\/test2-150x150.jpg 150w\" sizes=\"auto, (max-width: 400px) 100vw, 400px\" \/><\/figure>\n\n<\/div>\n\n<div class=\"gb-container gb-container-f7c05529\">\n\n<div class=\"gb-headline gb-headline-8608a8f6\"><span class=\"gb-icon\"><svg xmlns=\"http:\/\/www.w3.org\/2000\/svg\" viewBox=\"0 0 40 28\"><path d=\"M30.6 28c-5.2 0-9.4-4.2-9.4-9.4C21.2 8 25.5 1 25.7.7l.5-.7H33l-.6 2C31.9 3.9 31 7.4 31 8.6v.6c2.4.1 4.6 1.1 6.3 2.8 1.7 1.8 2.7 4.1 2.7 6.6 0 5.2-4.2 9.4-9.4 9.4zM27.9 3.1c-1 2-3.6 7.7-3.6 15.5 0 3.4 2.8 6.2 6.2 6.2s6.2-2.8 6.2-6.2-2.7-6.2-6.1-6.2h-.1c-1.4 0-2-.7-2.4-1.3-.4-.7-.4-1.5-.4-2.4 0-1.2.6-3.7 1-5.5l-.8-.1zm2.7 6.1zM9.4 28C4.2 28 0 23.8 0 18.6 0 8 4.3 1 4.5.7l.4-.7h6.8l-.6 2c-.6 1.9-1.4 5.5-1.4 6.6v.6c2.4.1 4.6 1.1 6.3 2.8 1.7 1.8 2.7 4.1 2.7 6.6 0 5.2-4.2 9.4-9.3 9.4zM6.7 3.1c-1 2-3.6 7.7-3.6 15.5 0 3.4 2.8 6.2 6.2 6.2s6.2-2.8 6.2-6.2-2.7-6.2-6.1-6.2c-1.4 0-2-.7-2.4-1.3-.4-.7-.4-1.5-.4-2.4 0-1.2.6-3.7 1-5.5l-.9-.1zm2.7 6.1z\"><\/path><\/svg><\/span><\/div>\n\n\n\n<p class=\"gb-headline gb-headline-0ccb0ed1 gb-headline-text\">Vivamus integer non suscipit taciti mus etiam primis tempor sagittis sit, euismod libero facilisi aptent felis blandit cursus gravida sociis erat ante, eleifend lectus nullam dapibus netus.<\/p>\n\n\n\n<p class=\"gb-headline gb-headline-9103fbb0 gb-headline-text\"><em>\u2013 Jm\u00e9no @spole\u010dnost<\/em><\/p>\n\n<\/div>\n<\/div>\n\n<div class=\"gb-container gb-container-6855e93f\">\n<div class=\"gb-container gb-container-7267cf75\">\n\n<figure class=\"gb-block-image gb-block-image-df5b5ed9\"><img loading=\"lazy\" decoding=\"async\" width=\"400\" height=\"400\" class=\"gb-image gb-image-df5b5ed9 is-style-rounded\" src=\"https:\/\/zenipress.com\/app\/uploads\/sites\/2\/2020\/08\/test1.jpg\" alt=\"\" title=\"test1\" srcset=\"https:\/\/zenipress.com\/app\/uploads\/sites\/2\/2020\/08\/test1.jpg 400w, https:\/\/zenipress.com\/app\/uploads\/sites\/2\/2020\/08\/test1-300x300.jpg 300w, https:\/\/zenipress.com\/app\/uploads\/sites\/2\/2020\/08\/test1-150x150.jpg 150w\" sizes=\"auto, (max-width: 400px) 100vw, 400px\" \/><\/figure>\n\n<\/div>\n\n<div class=\"gb-container gb-container-bb522c25\">\n\n<div class=\"gb-headline gb-headline-244de104\"><span class=\"gb-icon\"><svg xmlns=\"http:\/\/www.w3.org\/2000\/svg\" viewBox=\"0 0 40 28\"><path d=\"M30.6 28c-5.2 0-9.4-4.2-9.4-9.4C21.2 8 25.5 1 25.7.7l.5-.7H33l-.6 2C31.9 3.9 31 7.4 31 8.6v.6c2.4.1 4.6 1.1 6.3 2.8 1.7 1.8 2.7 4.1 2.7 6.6 0 5.2-4.2 9.4-9.4 9.4zM27.9 3.1c-1 2-3.6 7.7-3.6 15.5 0 3.4 2.8 6.2 6.2 6.2s6.2-2.8 6.2-6.2-2.7-6.2-6.1-6.2h-.1c-1.4 0-2-.7-2.4-1.3-.4-.7-.4-1.5-.4-2.4 0-1.2.6-3.7 1-5.5l-.8-.1zm2.7 6.1zM9.4 28C4.2 28 0 23.8 0 18.6 0 8 4.3 1 4.5.7l.4-.7h6.8l-.6 2c-.6 1.9-1.4 5.5-1.4 6.6v.6c2.4.1 4.6 1.1 6.3 2.8 1.7 1.8 2.7 4.1 2.7 6.6 0 5.2-4.2 9.4-9.3 9.4zM6.7 3.1c-1 2-3.6 7.7-3.6 15.5 0 3.4 2.8 6.2 6.2 6.2s6.2-2.8 6.2-6.2-2.7-6.2-6.1-6.2c-1.4 0-2-.7-2.4-1.3-.4-.7-.4-1.5-.4-2.4 0-1.2.6-3.7 1-5.5l-.9-.1zm2.7 6.1z\"><\/path><\/svg><\/span><\/div>\n\n\n\n<p class=\"gb-headline gb-headline-d67e5234 gb-headline-text\">Vivamus integer non suscipit taciti mus etiam primis tempor sagittis sit, euismod libero facilisi aptent felis blandit cursus gravida sociis erat ante, eleifend lectus nullam dapibus netus.<\/p>\n\n\n\n<p class=\"gb-headline gb-headline-26533dd9 gb-headline-text\"><em>\u2013 Jm\u00e9no @spole\u010dnost<\/em><\/p>\n\n<\/div>\n<\/div>\n<\/div>\n<\/div>","protected":false},"excerpt":{"rendered":"<p>Zaj\u00edm\u00e1 v\u00e1s, jak m\u016f\u017ee va\u0161e firma fungovat efektivn\u011bji? Jmenuji se Elise Williamsov\u00e1, jsem tu, abych v\u00e1m uk\u00e1zala, jak na to Coach je vytvo\u0159en s ZeniPress a je ide\u00e1ln\u00ed pro ka\u017ed\u00e9ho konzultanta, podnikatele, kou\u010de nebo autora, kter\u00fd hled\u00e1 odleh\u010den\u00fd web. P\u0159ipojte se k v\u00edce ne\u017e 20 000 odb\u011bratel\u016fm a z\u00edskejte m\u00e9 nejnov\u011bj\u0161\u00ed \u010dl\u00e1nky. [zde p\u0159idejte sv\u016fj &#8230; <a title=\"Dom\u016f\" class=\"read-more\" href=\"https:\/\/zenipress.com\/coach\/\" aria-label=\"Read more about Dom\u016f\">Read More<\/a><\/p>\n","protected":false},"author":1,"featured_media":0,"parent":0,"menu_order":0,"comment_status":"closed","ping_status":"closed","template":"","meta":{"footnotes":""},"class_list":["post-8","page","type-page","status-publish"],"_links":{"self":[{"href":"https:\/\/zenipress.com\/coach\/wp-json\/wp\/v2\/pages\/8","targetHints":{"allow":["GET"]}}],"collection":[{"href":"https:\/\/zenipress.com\/coach\/wp-json\/wp\/v2\/pages"}],"about":[{"href":"https:\/\/zenipress.com\/coach\/wp-json\/wp\/v2\/types\/page"}],"author":[{"embeddable":true,"href":"https:\/\/zenipress.com\/coach\/wp-json\/wp\/v2\/users\/1"}],"replies":[{"embeddable":true,"href":"https:\/\/zenipress.com\/coach\/wp-json\/wp\/v2\/comments?post=8"}],"version-history":[{"count":5,"href":"https:\/\/zenipress.com\/coach\/wp-json\/wp\/v2\/pages\/8\/revisions"}],"predecessor-version":[{"id":7042,"href":"https:\/\/zenipress.com\/coach\/wp-json\/wp\/v2\/pages\/8\/revisions\/7042"}],"wp:attachment":[{"href":"https:\/\/zenipress.com\/coach\/wp-json\/wp\/v2\/media?parent=8"}],"curies":[{"name":"wp","href":"https:\/\/api.w.org\/{rel}","templated":true}]}}