{"id":18421,"date":"2020-02-06T13:37:17","date_gmt":"2020-02-06T18:37:17","guid":{"rendered":"https:\/\/gpsites.co\/agency\/?page_id=18421"},"modified":"2024-04-12T14:16:57","modified_gmt":"2024-04-12T14:16:57","slug":"pripadova-studie-jedna","status":"publish","type":"page","link":"https:\/\/zenipress.com\/agency\/pripadova-studie-jedna\/","title":{"rendered":"P\u0159\u00edpadov\u00e1 studie jedna"},"content":{"rendered":"<div class=\"gb-container gb-container-cdf6e146\">\n\n<h1 class=\"gb-headline gb-headline-007886a8 gb-headline-text\"><mark class=\"gb-highlight\">Zefektivn\u011bn\u00ed<\/mark> webov\u00fdch str\u00e1nek l\u00e9ka\u0159sk\u00e9 skupiny<\/h1>\n\n<\/div>\n\n<div class=\"gb-container gb-container-9113f02b\">\n<div class=\"gb-container gb-container-803aef5c\">\n\n<h3 class=\"gb-headline gb-headline-79b4e799\"><span class=\"gb-icon\"><svg aria-hidden=\"true\" height=\"1em\" width=\"1em\" viewBox=\"0 0 256 512\" xmlns=\"http:\/\/www.w3.org\/2000\/svg\"><path fill=\"currentColor\" d=\"M224.3 273l-136 136c-9.4 9.4-24.6 9.4-33.9 0l-22.6-22.6c-9.4-9.4-9.4-24.6 0-33.9l96.4-96.4-96.4-96.4c-9.4-9.4-9.4-24.6 0-33.9L54.3 103c9.4-9.4 24.6-9.4 33.9 0l136 136c9.5 9.4 9.5 24.6.1 34z\"><\/path><\/svg><\/span><span class=\"gb-headline-text\">Probl\u00e9m<\/span><\/h3>\n\n\n\n<p>Lorem ipsum dolor sit amet, consectetur adipiscing elit, sed do eiusmod tempor incididunt ut labore et dolore magna aliqua. Ut placerat orci nulla pellentesque dignissim enim sit amet venenatis eget velit aliquet satis id consectetur.<\/p>\n\n<\/div>\n\n<div class=\"gb-container gb-container-c5e7f58b\">\n\n<h3 class=\"gb-headline gb-headline-25913163\"><span class=\"gb-icon\"><svg aria-hidden=\"true\" height=\"1em\" width=\"1em\" viewBox=\"0 0 256 512\" xmlns=\"http:\/\/www.w3.org\/2000\/svg\"><path fill=\"currentColor\" d=\"M224.3 273l-136 136c-9.4 9.4-24.6 9.4-33.9 0l-22.6-22.6c-9.4-9.4-9.4-24.6 0-33.9l96.4-96.4-96.4-96.4c-9.4-9.4-9.4-24.6 0-33.9L54.3 103c9.4-9.4 24.6-9.4 33.9 0l136 136c9.5 9.4 9.5 24.6.1 34z\"><\/path><\/svg><\/span><span class=\"gb-headline-text\">\u0158e\u0161en\u00ed<\/span><\/h3>\n\n\n\n<p>Lorem ipsum dolor sit amet, consectetur adipiscing elit, sed do eiusmod tempor incididunt ut labore et dolore magna aliqua. Ut placerat orci nulla pellentesque dignissim enim sit amet venenatis eget velit aliquet satis id consectetur.<\/p>\n\n<\/div>\n<\/div>\n\n<div class=\"gb-container gb-container-0f7f1bd9\">\n<div class=\"gb-container gb-container-00924842\">\n<div class=\"wp-block-image\">\n<figure class=\"aligncenter size-large is-resized\"><img loading=\"lazy\" decoding=\"async\" width=\"1200\" height=\"800\" src=\"https:\/\/zenipress.com\/app\/uploads\/sites\/8\/2020\/02\/agency-one-1.png\" alt=\"\" class=\"wp-image-18560\" style=\"width:1000px\" srcset=\"https:\/\/zenipress.com\/app\/uploads\/sites\/8\/2020\/02\/agency-one-1.png 1200w, https:\/\/zenipress.com\/app\/uploads\/sites\/8\/2020\/02\/agency-one-1-300x200.png 300w, https:\/\/zenipress.com\/app\/uploads\/sites\/8\/2020\/02\/agency-one-1-1024x683.png 1024w, https:\/\/zenipress.com\/app\/uploads\/sites\/8\/2020\/02\/agency-one-1-768x512.png 768w\" sizes=\"auto, (max-width: 1200px) 100vw, 1200px\" \/><\/figure><\/div>\n<\/div>\n<\/div>\n\n<div class=\"gb-container gb-container-68d5bed5\">\n\n<h2 class=\"gb-headline gb-headline-928d2710 gb-headline-text\">Rozsah pr\u00e1ce.<\/h2>\n\n\n\n<ul class=\"wp-block-list\">\n<li>Vybudujte si lep\u0161\u00ed web s GenerateBlocks<\/li>\n\n\n\n<li>Vybudujte si lep\u0161\u00ed web s GenerateBlocks<\/li>\n\n\n\n<li>Vybudujte si lep\u0161\u00ed web s GenerateBlocks<\/li>\n\n\n\n<li>Vybudujte si lep\u0161\u00ed web s GenerateBlocks<\/li>\n\n\n\n<li>Vybudujte si lep\u0161\u00ed web s GenerateBlocks<\/li>\n<\/ul>\n\n<\/div>\n\n<div class=\"gb-container gb-container-c9759787\">\n<div class=\"gb-container gb-container-520c0d27\">\n<div class=\"wp-block-image\">\n<figure class=\"aligncenter size-large\"><img loading=\"lazy\" decoding=\"async\" width=\"1200\" height=\"800\" src=\"https:\/\/zenipress.com\/app\/uploads\/sites\/8\/2020\/02\/agency-one-1.png\" alt=\"\" class=\"wp-image-18560\" srcset=\"https:\/\/zenipress.com\/app\/uploads\/sites\/8\/2020\/02\/agency-one-1.png 1200w, https:\/\/zenipress.com\/app\/uploads\/sites\/8\/2020\/02\/agency-one-1-300x200.png 300w, https:\/\/zenipress.com\/app\/uploads\/sites\/8\/2020\/02\/agency-one-1-1024x683.png 1024w, https:\/\/zenipress.com\/app\/uploads\/sites\/8\/2020\/02\/agency-one-1-768x512.png 768w\" sizes=\"auto, (max-width: 1200px) 100vw, 1200px\" \/><\/figure><\/div>\n<\/div>\n\n<div class=\"gb-container gb-container-4d1522ba\">\n<div class=\"wp-block-image\">\n<figure class=\"aligncenter size-large\"><img loading=\"lazy\" decoding=\"async\" width=\"1200\" height=\"800\" src=\"https:\/\/zenipress.com\/app\/uploads\/sites\/8\/2020\/02\/agency-one-1.png\" alt=\"\" class=\"wp-image-18560\" srcset=\"https:\/\/zenipress.com\/app\/uploads\/sites\/8\/2020\/02\/agency-one-1.png 1200w, https:\/\/zenipress.com\/app\/uploads\/sites\/8\/2020\/02\/agency-one-1-300x200.png 300w, https:\/\/zenipress.com\/app\/uploads\/sites\/8\/2020\/02\/agency-one-1-1024x683.png 1024w, https:\/\/zenipress.com\/app\/uploads\/sites\/8\/2020\/02\/agency-one-1-768x512.png 768w\" sizes=\"auto, (max-width: 1200px) 100vw, 1200px\" \/><\/figure><\/div>\n<\/div>\n<\/div>\n\n<div class=\"gb-container gb-container-1936b001\">\n<div class=\"gb-container gb-container-0524bd18\">\n\n<h4 class=\"gb-headline gb-headline-39e43a19\"><span class=\"gb-icon\"><svg viewBox=\"0 0 60 52.906\" xmlns=\"http:\/\/www.w3.org\/2000\/svg\"><path d=\"M24.104 10.505c1.5-.629 2.13-2.42 1.452-3.872l-2.372-4.985A2.893 2.893 0 0019.409.245c-4.114 1.742-7.648 4.017-10.455 6.776-3.437 3.242-5.76 6.969-7.018 11.084C.678 22.267 0 27.93 0 35.142v14.86a2.913 2.913 0 002.904 2.904h19.022a2.913 2.913 0 002.904-2.904V30.979a2.912 2.912 0 00-2.904-2.904h-9.1c.097-4.889 1.258-8.809 3.388-11.762 1.743-2.371 4.357-4.307 7.89-5.808zM58.276 10.505c1.5-.629 2.129-2.42 1.452-3.872l-2.372-4.937C56.678.292 55.033-.337 53.581.292 49.516 2.035 46.03 4.31 43.175 7.021c-3.437 3.291-5.808 7.018-7.067 11.133-1.258 4.065-1.887 9.729-1.887 16.989v14.86a2.913 2.913 0 002.904 2.904h19.022a2.913 2.913 0 002.904-2.904V30.98a2.912 2.912 0 00-2.904-2.904h-9.148c.097-4.889 1.259-8.809 3.388-11.762 1.742-2.372 4.356-4.308 7.889-5.809z\"><\/path><\/svg><\/span><span class=\"gb-headline-text\">Agentura je postavena pomoc\u00ed editoru blok\u016f WordPress a GenerateBlocks. Kontejnery a prvky, kter\u00e9 byste cht\u011bli pou\u017e\u00edt na jin\u00fdch str\u00e1nk\u00e1ch, m\u016f\u017eete snadno ulo\u017eit pomoc\u00ed funkce znovupou\u017eiteln\u00fdch blok\u016f editoru.<\/span><\/h4>\n\n\n\n<p class=\"gb-headline gb-headline-0d6a2e2b gb-headline-text\">\u2013 Spokojen\u00fd Klient<\/p>\n\n<\/div>\n<\/div>\n\n<div class=\"gb-container gb-container-7e8c1ad6\">\n\n<a class=\"gb-button gb-button-b54f99af\" href=\"https:\/\/zenipress.com\/agency\/pripadova-studie-dva\/\"><span class=\"gb-button-text\">Dal\u0161\u00ed projekt<\/span><span class=\"gb-icon\"><svg viewBox=\"0 0 448 512\" xmlns=\"http:\/\/www.w3.org\/2000\/svg\" class=\"svg-inline--fa fa-long-arrow-alt-right fa-w-14\" data-icon=\"long-arrow-alt-right\" data-prefix=\"fas\" aria-hidden=\"true\"><path d=\"M313.941 216H12c-6.627 0-12 5.373-12 12v56c0 6.627 5.373 12 12 12h301.941v46.059c0 21.382 25.851 32.09 40.971 16.971l86.059-86.059c9.373-9.373 9.373-24.569 0-33.941l-86.059-86.059c-15.119-15.119-40.971-4.411-40.971 16.971V216z\" fill=\"currentColor\"><\/path><\/svg><\/span><\/a>\n\n<\/div>","protected":false},"excerpt":{"rendered":"<p>Zefektivn\u011bn\u00ed webov\u00fdch str\u00e1nek l\u00e9ka\u0159sk\u00e9 skupiny Probl\u00e9m Lorem ipsum dolor sit amet, consectetur adipiscing elit, sed do eiusmod tempor incididunt ut labore et dolore magna aliqua. Ut placerat orci nulla pellentesque dignissim enim sit amet venenatis eget velit aliquet satis id consectetur. \u0158e\u0161en\u00ed Lorem ipsum dolor sit amet, consectetur adipiscing elit, sed do eiusmod tempor incididunt &#8230; <a title=\"P\u0159\u00edpadov\u00e1 studie jedna\" class=\"read-more\" href=\"https:\/\/zenipress.com\/agency\/pripadova-studie-jedna\/\" aria-label=\"Read more about P\u0159\u00edpadov\u00e1 studie jedna\">Read more<\/a><\/p>\n","protected":false},"author":1,"featured_media":0,"parent":0,"menu_order":0,"comment_status":"closed","ping_status":"closed","template":"","meta":{"footnotes":""},"class_list":["post-18421","page","type-page","status-publish"],"_links":{"self":[{"href":"https:\/\/zenipress.com\/agency\/wp-json\/wp\/v2\/pages\/18421","targetHints":{"allow":["GET"]}}],"collection":[{"href":"https:\/\/zenipress.com\/agency\/wp-json\/wp\/v2\/pages"}],"about":[{"href":"https:\/\/zenipress.com\/agency\/wp-json\/wp\/v2\/types\/page"}],"author":[{"embeddable":true,"href":"https:\/\/zenipress.com\/agency\/wp-json\/wp\/v2\/users\/1"}],"replies":[{"embeddable":true,"href":"https:\/\/zenipress.com\/agency\/wp-json\/wp\/v2\/comments?post=18421"}],"version-history":[{"count":4,"href":"https:\/\/zenipress.com\/agency\/wp-json\/wp\/v2\/pages\/18421\/revisions"}],"predecessor-version":[{"id":19931,"href":"https:\/\/zenipress.com\/agency\/wp-json\/wp\/v2\/pages\/18421\/revisions\/19931"}],"wp:attachment":[{"href":"https:\/\/zenipress.com\/agency\/wp-json\/wp\/v2\/media?parent=18421"}],"curies":[{"name":"wp","href":"https:\/\/api.w.org\/{rel}","templated":true}]}}