{"id":17596,"date":"2020-01-12T16:37:55","date_gmt":"2020-01-12T21:37:55","guid":{"rendered":"https:\/\/gpsites.co\/agency\/?page_id=17596"},"modified":"2024-04-16T12:22:56","modified_gmt":"2024-04-16T12:22:56","slug":"domu","status":"publish","type":"page","link":"https:\/\/zenipress.com\/agency\/","title":{"rendered":"Dom\u016f"},"content":{"rendered":"<div class=\"gb-container gb-container-b83a5eec\">\n<div class=\"gb-container gb-container-19b7992a\">\n<div class=\"gb-container gb-container-2f03cd84\">\n\n<h1 class=\"gb-headline gb-headline-024d4f3c gb-headline-text\">Uka\u017ete sv\u011btu, jak <mark class=\"gb-highlight\">skv\u011bl\u00e1<\/mark> je va\u0161e agentura.<\/h1>\n\n\n\n<a class=\"gb-button gb-button-f30f7810\" href=\"https:\/\/zenipress.com\/agency\/sluzby\/\"><span class=\"gb-button-text\">JAK M\u016e\u017dEME POMOCI<\/span><span class=\"gb-icon\"><svg aria-hidden=\"true\" data-prefix=\"fas\" data-icon=\"long-arrow-alt-right\" class=\"svg-inline--fa fa-long-arrow-alt-right fa-w-14\" xmlns=\"http:\/\/www.w3.org\/2000\/svg\" viewBox=\"0 0 448 512\"><path fill=\"currentColor\" d=\"M313.941 216H12c-6.627 0-12 5.373-12 12v56c0 6.627 5.373 12 12 12h301.941v46.059c0 21.382 25.851 32.09 40.971 16.971l86.059-86.059c9.373-9.373 9.373-24.569 0-33.941l-86.059-86.059c-15.119-15.119-40.971-4.411-40.971 16.971V216z\"><\/path><\/svg><\/span><\/a>\n\n<\/div>\n\n<div class=\"gb-container gb-container-71ecb63c\">\n<div class=\"wp-block-image\">\n<figure class=\"aligncenter size-full is-resized\"><img decoding=\"async\" src=\"https:\/\/zenipress.com\/app\/uploads\/sites\/8\/2020\/02\/home.svg\" alt=\"\" class=\"wp-image-18277\" style=\"width:550px\"\/><\/figure><\/div>\n<\/div>\n<\/div>\n<\/div>\n\n<div class=\"gb-container gb-container-aea375a7\">\n<div class=\"gb-container gb-container-ebc0c7e5\">\n<div class=\"gb-container gb-container-b06ccd82\">\n\n<h2 class=\"gb-headline gb-headline-55e20249 gb-headline-text\">Ned\u011bl\u00e1me to v\u0161echno, soust\u0159ed\u00edme se na to, co um\u00edme nejl\u00e9pe.<\/h2>\n\n<\/div>\n\n<div class=\"gb-container gb-container-627ecb28\">\n<div class=\"gb-grid-wrapper gb-grid-wrapper-ec5cf5b9\">\n<div class=\"gb-grid-column gb-grid-column-5e500fa2\"><div class=\"gb-container gb-container-5e500fa2\">\n\n<h3 class=\"gb-headline gb-headline-5578384e\"><span class=\"gb-icon\"><svg aria-hidden=\"true\" data-prefix=\"fas\" data-icon=\"laptop-code\" class=\"svg-inline--fa fa-laptop-code fa-w-20\" xmlns=\"http:\/\/www.w3.org\/2000\/svg\" viewBox=\"0 0 640 512\"><path fill=\"currentColor\" d=\"M255.03 261.65c6.25 6.25 16.38 6.25 22.63 0l11.31-11.31c6.25-6.25 6.25-16.38 0-22.63L253.25 192l35.71-35.72c6.25-6.25 6.25-16.38 0-22.63l-11.31-11.31c-6.25-6.25-16.38-6.25-22.63 0l-58.34 58.34c-6.25 6.25-6.25 16.38 0 22.63l58.35 58.34zm96.01-11.3l11.31 11.31c6.25 6.25 16.38 6.25 22.63 0l58.34-58.34c6.25-6.25 6.25-16.38 0-22.63l-58.34-58.34c-6.25-6.25-16.38-6.25-22.63 0l-11.31 11.31c-6.25 6.25-6.25 16.38 0 22.63L386.75 192l-35.71 35.72c-6.25 6.25-6.25 16.38 0 22.63zM624 416H381.54c-.74 19.81-14.71 32-32.74 32H288c-18.69 0-33.02-17.47-32.77-32H16c-8.8 0-16 7.2-16 16v16c0 35.2 28.8 64 64 64h512c35.2 0 64-28.8 64-64v-16c0-8.8-7.2-16-16-16zM576 48c0-26.4-21.6-48-48-48H112C85.6 0 64 21.6 64 48v336h512V48zm-64 272H128V64h384v256z\"><\/path><\/svg><\/span><span class=\"gb-headline-text\">V\u00fdvoj webov\u00fdch str\u00e1nek<\/span><\/h3>\n\n\n\n<p>Lorem ipsum dolor sit amet, consectetur adipiscing elit, sed do eiusmod tempor incididunt ut labore et dolore magna. <\/p>\n\n<\/div><\/div>\n\n<div class=\"gb-grid-column gb-grid-column-7d14ab22\"><div class=\"gb-container gb-container-7d14ab22\">\n\n<h3 class=\"gb-headline gb-headline-b92b0cfa\"><span class=\"gb-icon\"><svg aria-hidden=\"true\" data-prefix=\"fas\" data-icon=\"layer-group\" class=\"svg-inline--fa fa-layer-group fa-w-16\" xmlns=\"http:\/\/www.w3.org\/2000\/svg\" viewBox=\"0 0 512 512\"><path fill=\"currentColor\" d=\"M12.41 148.02l232.94 105.67c6.8 3.09 14.49 3.09 21.29 0l232.94-105.67c16.55-7.51 16.55-32.52 0-40.03L266.65 2.31a25.607 25.607 0 00-21.29 0L12.41 107.98c-16.55 7.51-16.55 32.53 0 40.04zm487.18 88.28l-58.09-26.33-161.64 73.27c-7.56 3.43-15.59 5.17-23.86 5.17s-16.29-1.74-23.86-5.17L70.51 209.97l-58.1 26.33c-16.55 7.5-16.55 32.5 0 40l232.94 105.59c6.8 3.08 14.49 3.08 21.29 0L499.59 276.3c16.55-7.5 16.55-32.5 0-40zm0 127.8l-57.87-26.23-161.86 73.37c-7.56 3.43-15.59 5.17-23.86 5.17s-16.29-1.74-23.86-5.17L70.29 337.87 12.41 364.1c-16.55 7.5-16.55 32.5 0 40l232.94 105.59c6.8 3.08 14.49 3.08 21.29 0L499.59 404.1c16.55-7.5 16.55-32.5 0-40z\"><\/path><\/svg><\/span><span class=\"gb-headline-text\">V\u00fdvoj mobiln\u00edch aplikac\u00ed<\/span><\/h3>\n\n\n\n<p>Lorem ipsum dolor sit amet, consectetur adipiscing elit, sed do eiusmod tempor incididunt ut labore et dolore magna. <\/p>\n\n<\/div><\/div>\n\n<div class=\"gb-grid-column gb-grid-column-c3d2159a\"><div class=\"gb-container gb-container-c3d2159a\">\n\n<h3 class=\"gb-headline gb-headline-2e505277\"><span class=\"gb-icon\"><svg viewBox=\"0 0 448 512\" xmlns=\"http:\/\/www.w3.org\/2000\/svg\" class=\"svg-inline--fa fa-draw-polygon fa-w-14\" data-icon=\"draw-polygon\" data-prefix=\"fas\" aria-hidden=\"true\"><path d=\"M384 352c-.35 0-.67.1-1.02.1l-39.2-65.32c5.07-9.17 8.22-19.56 8.22-30.78s-3.14-21.61-8.22-30.78l39.2-65.32c.35.01.67.1 1.02.1 35.35 0 64-28.65 64-64s-28.65-64-64-64c-23.63 0-44.04 12.95-55.12 32H119.12C108.04 44.95 87.63 32 64 32 28.65 32 0 60.65 0 96c0 23.63 12.95 44.04 32 55.12v209.75C12.95 371.96 0 392.37 0 416c0 35.35 28.65 64 64 64 23.63 0 44.04-12.95 55.12-32h209.75c11.09 19.05 31.49 32 55.12 32 35.35 0 64-28.65 64-64 .01-35.35-28.64-64-63.99-64zm-288 8.88V151.12A63.825 63.825 0 00119.12 128h208.36l-38.46 64.1c-.35-.01-.67-.1-1.02-.1-35.35 0-64 28.65-64 64s28.65 64 64 64c.35 0 .67-.1 1.02-.1l38.46 64.1H119.12A63.748 63.748 0 0096 360.88zM272 256c0-8.82 7.18-16 16-16s16 7.18 16 16-7.18 16-16 16-16-7.18-16-16zM400 96c0 8.82-7.18 16-16 16s-16-7.18-16-16 7.18-16 16-16 16 7.18 16 16zM64 80c8.82 0 16 7.18 16 16s-7.18 16-16 16-16-7.18-16-16 7.18-16 16-16zM48 416c0-8.82 7.18-16 16-16s16 7.18 16 16-7.18 16-16 16-16-7.18-16-16zm336 16c-8.82 0-16-7.18-16-16s7.18-16 16-16 16 7.18 16 16-7.18 16-16 16z\" fill=\"currentColor\"><\/path><\/svg><\/span><span class=\"gb-headline-text\">Design identity<\/span><\/h3>\n\n\n\n<p>Lorem ipsum dolor sit amet, consectetur adipiscing elit, sed do eiusmod tempor incididunt ut labore et dolore magna. <\/p>\n\n<\/div><\/div>\n\n<div class=\"gb-grid-column gb-grid-column-95060ae6\"><div class=\"gb-container gb-container-95060ae6\">\n\n<h3 class=\"gb-headline gb-headline-481b0fb5\"><span class=\"gb-icon\"><svg viewBox=\"0 0 512 512\" xmlns=\"http:\/\/www.w3.org\/2000\/svg\" class=\"svg-inline--fa fa-server fa-w-16\" data-icon=\"server\" data-prefix=\"fas\" aria-hidden=\"true\"><path d=\"M480 160H32c-17.673 0-32-14.327-32-32V64c0-17.673 14.327-32 32-32h448c17.673 0 32 14.327 32 32v64c0 17.673-14.327 32-32 32zm-48-88c-13.255 0-24 10.745-24 24s10.745 24 24 24 24-10.745 24-24-10.745-24-24-24zm-64 0c-13.255 0-24 10.745-24 24s10.745 24 24 24 24-10.745 24-24-10.745-24-24-24zm112 248H32c-17.673 0-32-14.327-32-32v-64c0-17.673 14.327-32 32-32h448c17.673 0 32 14.327 32 32v64c0 17.673-14.327 32-32 32zm-48-88c-13.255 0-24 10.745-24 24s10.745 24 24 24 24-10.745 24-24-10.745-24-24-24zm-64 0c-13.255 0-24 10.745-24 24s10.745 24 24 24 24-10.745 24-24-10.745-24-24-24zm112 248H32c-17.673 0-32-14.327-32-32v-64c0-17.673 14.327-32 32-32h448c17.673 0 32 14.327 32 32v64c0 17.673-14.327 32-32 32zm-48-88c-13.255 0-24 10.745-24 24s10.745 24 24 24 24-10.745 24-24-10.745-24-24-24zm-64 0c-13.255 0-24 10.745-24 24s10.745 24 24 24 24-10.745 24-24-10.745-24-24-24z\" fill=\"currentColor\"><\/path><\/svg><\/span><span class=\"gb-headline-text\">Web hosting<\/span><\/h3>\n\n\n\n<p>Lorem ipsum dolor sit amet, consectetur adipiscing elit, sed do eiusmod tempor incididunt ut labore et dolore magna. <\/p>\n\n<\/div><\/div>\n<\/div>\n<\/div>\n<\/div>\n<\/div>\n\n<div class=\"gb-container gb-container-a814fa7c\">\n\n<h2 class=\"gb-headline gb-headline-32d8fe71 gb-headline-text\">Nejnov\u011bj\u0161\u00ed projekty.<\/h2>\n\n\n<div class=\"gb-container gb-container-c2011fd0\">\n<div class=\"gb-container gb-container-8178a21e\">\n\n<figure class=\"wp-block-image size-large\"><img loading=\"lazy\" decoding=\"async\" width=\"1200\" height=\"800\" src=\"https:\/\/zenipress.com\/app\/uploads\/sites\/8\/2020\/02\/agency-one-1.png\" alt=\"\" class=\"wp-image-18560\" srcset=\"https:\/\/zenipress.com\/app\/uploads\/sites\/8\/2020\/02\/agency-one-1.png 1200w, https:\/\/zenipress.com\/app\/uploads\/sites\/8\/2020\/02\/agency-one-1-300x200.png 300w, https:\/\/zenipress.com\/app\/uploads\/sites\/8\/2020\/02\/agency-one-1-1024x683.png 1024w, https:\/\/zenipress.com\/app\/uploads\/sites\/8\/2020\/02\/agency-one-1-768x512.png 768w\" sizes=\"auto, (max-width: 1200px) 100vw, 1200px\" \/><\/figure>\n\n\n\n<h3 class=\"gb-headline gb-headline-bdca9c31 gb-headline-text\">Webov\u00e1 str\u00e1nka l\u00e9ka\u0159sk\u00e9 skupiny<\/h3>\n\n\n\n<a class=\"gb-button gb-button-68cf8552\" href=\"https:\/\/zenipress.com\/agency\/pripadova-studie-jedna\/\"><span class=\"gb-button-text\">ZOBRAZIT PROJEKT<\/span><span class=\"gb-icon\"><svg aria-hidden=\"true\" data-prefix=\"fas\" data-icon=\"long-arrow-alt-right\" class=\"svg-inline--fa fa-long-arrow-alt-right fa-w-14\" xmlns=\"http:\/\/www.w3.org\/2000\/svg\" viewBox=\"0 0 448 512\"><path fill=\"currentColor\" d=\"M313.941 216H12c-6.627 0-12 5.373-12 12v56c0 6.627 5.373 12 12 12h301.941v46.059c0 21.382 25.851 32.09 40.971 16.971l86.059-86.059c9.373-9.373 9.373-24.569 0-33.941l-86.059-86.059c-15.119-15.119-40.971-4.411-40.971 16.971V216z\"><\/path><\/svg><\/span><\/a>\n\n<\/div>\n\n<div class=\"gb-container gb-container-7dbb8e53\">\n\n<figure class=\"wp-block-image size-large\"><img loading=\"lazy\" decoding=\"async\" width=\"1200\" height=\"800\" src=\"https:\/\/zenipress.com\/app\/uploads\/sites\/8\/2020\/02\/agency-two-1.png\" alt=\"\" class=\"wp-image-18562\" srcset=\"https:\/\/zenipress.com\/app\/uploads\/sites\/8\/2020\/02\/agency-two-1.png 1200w, https:\/\/zenipress.com\/app\/uploads\/sites\/8\/2020\/02\/agency-two-1-300x200.png 300w, https:\/\/zenipress.com\/app\/uploads\/sites\/8\/2020\/02\/agency-two-1-1024x683.png 1024w, https:\/\/zenipress.com\/app\/uploads\/sites\/8\/2020\/02\/agency-two-1-768x512.png 768w\" sizes=\"auto, (max-width: 1200px) 100vw, 1200px\" \/><\/figure>\n\n\n\n<h3 class=\"gb-headline gb-headline-1ae027a4 gb-headline-text\">V\u00fdvoj aplikac\u00ed po\u010das\u00ed<\/h3>\n\n\n\n<a class=\"gb-button gb-button-d9b7a6ce\" href=\"https:\/\/zenipress.com\/agency\/pripadova-studie-dva\/\"><span class=\"gb-button-text\">ZOBRAZIT PROJEKT<\/span><span class=\"gb-icon\"><svg aria-hidden=\"true\" data-prefix=\"fas\" data-icon=\"long-arrow-alt-right\" class=\"svg-inline--fa fa-long-arrow-alt-right fa-w-14\" xmlns=\"http:\/\/www.w3.org\/2000\/svg\" viewBox=\"0 0 448 512\"><path fill=\"currentColor\" d=\"M313.941 216H12c-6.627 0-12 5.373-12 12v56c0 6.627 5.373 12 12 12h301.941v46.059c0 21.382 25.851 32.09 40.971 16.971l86.059-86.059c9.373-9.373 9.373-24.569 0-33.941l-86.059-86.059c-15.119-15.119-40.971-4.411-40.971 16.971V216z\"><\/path><\/svg><\/span><\/a>\n\n<\/div>\n\n<div class=\"gb-container gb-container-ba84bc2d\">\n\n<figure class=\"wp-block-image size-large\"><img loading=\"lazy\" decoding=\"async\" width=\"1200\" height=\"800\" src=\"https:\/\/zenipress.com\/app\/uploads\/sites\/8\/2020\/02\/agency-three-1.png\" alt=\"\" class=\"wp-image-18561\" srcset=\"https:\/\/zenipress.com\/app\/uploads\/sites\/8\/2020\/02\/agency-three-1.png 1200w, https:\/\/zenipress.com\/app\/uploads\/sites\/8\/2020\/02\/agency-three-1-300x200.png 300w, https:\/\/zenipress.com\/app\/uploads\/sites\/8\/2020\/02\/agency-three-1-1024x683.png 1024w, https:\/\/zenipress.com\/app\/uploads\/sites\/8\/2020\/02\/agency-three-1-768x512.png 768w\" sizes=\"auto, (max-width: 1200px) 100vw, 1200px\" \/><\/figure>\n\n\n\n<h3 class=\"gb-headline gb-headline-5db46db8 gb-headline-text\">Tech Startup Identita<\/h3>\n\n\n\n<a class=\"gb-button gb-button-5abe202f\" href=\"https:\/\/zenipress.com\/agency\/pripadova-studie-tri\/\"><span class=\"gb-button-text\">ZOBRAZIT PROJEKT<\/span><span class=\"gb-icon\"><svg aria-hidden=\"true\" data-prefix=\"fas\" data-icon=\"long-arrow-alt-right\" class=\"svg-inline--fa fa-long-arrow-alt-right fa-w-14\" xmlns=\"http:\/\/www.w3.org\/2000\/svg\" viewBox=\"0 0 448 512\"><path fill=\"currentColor\" d=\"M313.941 216H12c-6.627 0-12 5.373-12 12v56c0 6.627 5.373 12 12 12h301.941v46.059c0 21.382 25.851 32.09 40.971 16.971l86.059-86.059c9.373-9.373 9.373-24.569 0-33.941l-86.059-86.059c-15.119-15.119-40.971-4.411-40.971 16.971V216z\"><\/path><\/svg><\/span><\/a>\n\n<\/div>\n<\/div>\n<\/div>\n\n<div class=\"gb-container gb-container-f03eefb7\">\n<div class=\"gb-container gb-container-5690b317\">\n\n<h4 class=\"gb-headline gb-headline-0ec03123\"><span class=\"gb-icon\"><svg xmlns=\"http:\/\/www.w3.org\/2000\/svg\" viewBox=\"0 0 60 52.906\"><path d=\"M24.104 10.505c1.5-.629 2.13-2.42 1.452-3.872l-2.372-4.985A2.893 2.893 0 0019.409.245c-4.114 1.742-7.648 4.017-10.455 6.776-3.437 3.242-5.76 6.969-7.018 11.084C.678 22.267 0 27.93 0 35.142v14.86a2.913 2.913 0 002.904 2.904h19.022a2.913 2.913 0 002.904-2.904V30.979a2.912 2.912 0 00-2.904-2.904h-9.1c.097-4.889 1.258-8.809 3.388-11.762 1.743-2.371 4.357-4.307 7.89-5.808zM58.276 10.505c1.5-.629 2.129-2.42 1.452-3.872l-2.372-4.937C56.678.292 55.033-.337 53.581.292 49.516 2.035 46.03 4.31 43.175 7.021c-3.437 3.291-5.808 7.018-7.067 11.133-1.258 4.065-1.887 9.729-1.887 16.989v14.86a2.913 2.913 0 002.904 2.904h19.022a2.913 2.913 0 002.904-2.904V30.98a2.912 2.912 0 00-2.904-2.904h-9.148c.097-4.889 1.259-8.809 3.388-11.762 1.742-2.372 4.356-4.308 7.889-5.809z\"><\/path><\/svg><\/span><span class=\"gb-headline-text\">Agentura je postavena pomoc\u00ed editoru blok\u016f WordPress a GenerateBlocks. Kontejnery a prvky, kter\u00e9 byste cht\u011bli pou\u017e\u00edt na jin\u00fdch str\u00e1nk\u00e1ch, m\u016f\u017eete snadno ulo\u017eit pomoc\u00ed funkce znovupou\u017eiteln\u00fdch blok\u016f editoru.<\/span><\/h4>\n\n\n\n<p class=\"gb-headline gb-headline-f8efc84d gb-headline-text\">\u2013 Spokojen\u00fd Klient<\/p>\n\n<\/div>\n<\/div>\n\n<div class=\"gb-container gb-container-1fa89e6f\">\n\n<h3 class=\"gb-headline gb-headline-f7207de2 gb-headline-text\">Jste p\u0159ipraveni za\u010d\u00edt?<\/h3>\n\n\n\n<a class=\"gb-button gb-button-0185bd79\" href=\"https:\/\/zenipress.com\/agency\/kontakt\/\"><span class=\"gb-button-text\">Kontaktujte n\u00e1s<\/span><span class=\"gb-icon\"><svg aria-hidden=\"true\" data-prefix=\"fas\" data-icon=\"long-arrow-alt-right\" class=\"svg-inline--fa fa-long-arrow-alt-right fa-w-14\" xmlns=\"http:\/\/www.w3.org\/2000\/svg\" viewBox=\"0 0 448 512\"><path fill=\"currentColor\" d=\"M313.941 216H12c-6.627 0-12 5.373-12 12v56c0 6.627 5.373 12 12 12h301.941v46.059c0 21.382 25.851 32.09 40.971 16.971l86.059-86.059c9.373-9.373 9.373-24.569 0-33.941l-86.059-86.059c-15.119-15.119-40.971-4.411-40.971 16.971V216z\"><\/path><\/svg><\/span><\/a>\n\n<\/div>","protected":false},"excerpt":{"rendered":"<p>Uka\u017ete sv\u011btu, jak skv\u011bl\u00e1 je va\u0161e agentura. Ned\u011bl\u00e1me to v\u0161echno, soust\u0159ed\u00edme se na to, co um\u00edme nejl\u00e9pe. Nejnov\u011bj\u0161\u00ed projekty. Webov\u00e1 str\u00e1nka l\u00e9ka\u0159sk\u00e9 skupiny V\u00fdvoj aplikac\u00ed po\u010das\u00ed Tech Startup Identita Agentura je postavena pomoc\u00ed editoru blok\u016f WordPress a GenerateBlocks. Kontejnery a prvky, kter\u00e9 byste cht\u011bli pou\u017e\u00edt na jin\u00fdch str\u00e1nk\u00e1ch, m\u016f\u017eete snadno ulo\u017eit pomoc\u00ed funkce znovupou\u017eiteln\u00fdch blok\u016f &#8230; <a title=\"Dom\u016f\" class=\"read-more\" href=\"https:\/\/zenipress.com\/agency\/\" aria-label=\"Read more about Dom\u016f\">Read more<\/a><\/p>\n","protected":false},"author":1,"featured_media":0,"parent":0,"menu_order":0,"comment_status":"closed","ping_status":"closed","template":"","meta":{"footnotes":""},"class_list":["post-17596","page","type-page","status-publish"],"_links":{"self":[{"href":"https:\/\/zenipress.com\/agency\/wp-json\/wp\/v2\/pages\/17596","targetHints":{"allow":["GET"]}}],"collection":[{"href":"https:\/\/zenipress.com\/agency\/wp-json\/wp\/v2\/pages"}],"about":[{"href":"https:\/\/zenipress.com\/agency\/wp-json\/wp\/v2\/types\/page"}],"author":[{"embeddable":true,"href":"https:\/\/zenipress.com\/agency\/wp-json\/wp\/v2\/users\/1"}],"replies":[{"embeddable":true,"href":"https:\/\/zenipress.com\/agency\/wp-json\/wp\/v2\/comments?post=17596"}],"version-history":[{"count":5,"href":"https:\/\/zenipress.com\/agency\/wp-json\/wp\/v2\/pages\/17596\/revisions"}],"predecessor-version":[{"id":19935,"href":"https:\/\/zenipress.com\/agency\/wp-json\/wp\/v2\/pages\/17596\/revisions\/19935"}],"wp:attachment":[{"href":"https:\/\/zenipress.com\/agency\/wp-json\/wp\/v2\/media?parent=17596"}],"curies":[{"name":"wp","href":"https:\/\/api.w.org\/{rel}","templated":true}]}}